{"id":2629,"date":"2025-05-12T12:42:28","date_gmt":"2025-05-12T12:42:28","guid":{"rendered":"https:\/\/fundacionleitat.org\/avis-legal\/"},"modified":"2025-07-28T14:34:33","modified_gmt":"2025-07-28T14:34:33","slug":"avis-legal","status":"publish","type":"page","link":"https:\/\/fundacionleitat.org\/ca\/avis-legal\/","title":{"rendered":"Av\u00eds Legal"},"content":{"rendered":"\t\t<div data-elementor-type=\"wp-page\" data-elementor-id=\"2629\" class=\"elementor elementor-2629 elementor-1589\" data-elementor-post-type=\"page\">\n\t\t\t\t<div class=\"elementor-element elementor-element-f417524 e-con-full e-flex e-con e-parent\" data-id=\"f417524\" data-element_type=\"container\" data-e-type=\"container\" data-settings=\"{&quot;background_background&quot;:&quot;classic&quot;}\">\n\t\t\t\t<div class=\"elementor-element elementor-element-9a2cc62 elementor-widget elementor-widget-heading\" data-id=\"9a2cc62\" data-element_type=\"widget\" data-e-type=\"widget\" data-widget_type=\"heading.default\">\n\t\t\t\t\t<h1 class=\"elementor-heading-title elementor-size-default\">Av\u00eds Legal<\/h1>\t\t\t\t<\/div>\n\t\t\t\t<\/div>\n\t\t<div class=\"elementor-element elementor-element-7af75c8 e-flex e-con-boxed e-con e-parent\" data-id=\"7af75c8\" data-element_type=\"container\" data-e-type=\"container\">\n\t\t\t\t\t<div class=\"e-con-inner\">\n\t\t\t\t<div class=\"elementor-element elementor-element-d83f3b4 elementor-widget__width-inherit elementor-widget elementor-widget-text-editor\" data-id=\"d83f3b4\" data-element_type=\"widget\" data-e-type=\"widget\" data-widget_type=\"text-editor.default\">\n\t\t\t\t\t\t\t\t\t<p data-start=\"101\" data-end=\"116\"><strong data-start=\"101\" data-end=\"116\">Av\u00eds legal<\/strong><\/p><p data-start=\"118\" data-end=\"177\"><strong data-start=\"118\" data-end=\"158\">Identitat de l&#8217;entitat responsable:<\/strong><br data-start=\"158\" data-end=\"161\"> FUNDACI\u00d3 LEITAT<\/p><p data-start=\"179\" data-end=\"224\"><strong data-start=\"179\" data-end=\"202\">Nom del domini:<\/strong><br data-start=\"202\" data-end=\"205\"> fundacionleitat.org<\/p><p data-start=\"226\" data-end=\"266\"><strong data-start=\"226\" data-end=\"247\">Nom comercial:<\/strong><br data-start=\"247\" data-end=\"250\"> FUNDACI\u00d3 LEITAT<\/p><p data-start=\"268\" data-end=\"322\"><strong data-start=\"268\" data-end=\"310\">N\u00famero d&#8217;identificaci\u00f3 fiscal (NIF):<\/strong><br data-start=\"310\" data-end=\"313\"> G64647654<\/p><p data-start=\"324\" data-end=\"404\"><strong data-start=\"324\" data-end=\"338\">Adre\u00e7a:<\/strong><br data-start=\"338\" data-end=\"341\"> FUNDACI\u00d3 LEITAT<br data-start=\"357\" data-end=\"360\"> C\/ Innovaci\u00f3, 2 &#8211; 08225 TERRASSA (Barcelona)<\/p><p data-start=\"406\" data-end=\"455\"><strong data-start=\"406\" data-end=\"429\">Correu electr\u00f2nic:<\/strong><br data-start=\"429\" data-end=\"432\"> <a class=\"cursor-pointer\" rel=\"noopener\" data-start=\"432\" data-end=\"455\">info@fundacioleitat.org<\/a><\/p><p data-start=\"457\" data-end=\"586\"><strong data-start=\"457\" data-end=\"470\">Registre:<\/strong><br data-start=\"470\" data-end=\"473\"> Inscrita amb el n\u00famero 1017 al Registre de Fundacions del Protectorat del Ministeri d&#8217;Educaci\u00f3 i Ci\u00e8ncia.<\/p><p data-start=\"593\" data-end=\"856\"><strong data-start=\"593\" data-end=\"621\">Comprom\u00eds de privadesa<\/strong><br data-start=\"621\" data-end=\"624\">FUNDACI\u00d3 LEITAT es compromet a gestionar la informaci\u00f3 dels seus usuaris i clients amb totes les garanties i a complir els requisits nacionals i europeus que regulen la recollida i \u00fas de les dades personals dels usuaris.<\/p><p data-start=\"858\" data-end=\"1199\">Per tant, aquesta p\u00e0gina web compleix estrictament amb el Reglament (UE) 2016\/679 del Parlament Europeu i del Consell, de 27 d&#8217;abril del 2016, relatiu a la protecci\u00f3 de les persones f\u00edsiques (RGPD), aix\u00ed com amb la Llei espanyola 34\/2002, d&#8217;11 de juliol, de Serveis de la Societat de la Informaci\u00f3 i Comer\u00e7 Electr\u00f2nic (LSSICE o LSSI).<\/p><p data-start=\"1201\" data-end=\"1344\">Tamb\u00e9 compleix la Llei Org\u00e0nica 3\/2018, del 5 de desembre, de Protecci\u00f3 de Dades Personals i garantia dels drets digitals (LOPDGDD).<\/p><p data-start=\"1351\" data-end=\"1590\"><strong data-start=\"1351\" data-end=\"1374\">Acc\u00e9s al lloc web<\/strong><br data-start=\"1374\" data-end=\"1377\">L&#8217;acc\u00e9s al lloc web per part dels usuaris \u00e9s lliure i gratu\u00eft. En el cas de productes o serveis que requereixin pagament, FUNDACI\u00d3 LEITAT informar\u00e0 els usuaris sobre les condicions espec\u00edfiques aplicables. <\/p><p data-start=\"1592\" data-end=\"1901\">En general, l&#8217;acc\u00e9s a la informaci\u00f3 i les aplicacions del lloc web no requereix registre previ de l&#8217;usuari. Aix\u00f2 no obstant, els usuaris podran sol\u00b7licitar, mitjan\u00e7ant l&#8217;emplenament dels formularis corresponents, rebre informaci\u00f3 i publicitat de FUNDACI\u00d3 LEITAT (per exemple, un butllet\u00ed informatiu). <\/p><p data-start=\"1903\" data-end=\"2186\">Els usuaris garanteixen que tota la informaci\u00f3 i dades personals proporcionades seran veraces, pr\u00f2pies i certes. Seran els \u00fanics responsables de qualsevol declaraci\u00f3 falsa o inexacta, aix\u00ed com dels perjudicis que aquesta informaci\u00f3 pugui causar a FUNDACI\u00d3 LEITAT o a tercers. <\/p><p data-start=\"2188\" data-end=\"2355\">Aix\u00ed mateix, els usuaris es comprometen a notificar a FUNDACI\u00d3 LEITAT qualsevol canvi que es pugui produir respecte a la informaci\u00f3 i dades personals proporcionades.<\/p><p data-start=\"2357\" data-end=\"2702\">FUNDACI\u00d3 LEITAT es reserva el dret d&#8217;interrompre l&#8217;acc\u00e9s al seu lloc web en qualsevol moment i sense av\u00eds previ, ja sigui per motius de seguretat, control, manteniment, fallades en el subministrament el\u00e8ctric o qualsevol altra causa. Aquestes interrupcions poden ser temporals o permanents, i en aquest darrer cas es notificar\u00e0 als usuaris. <\/p><p data-start=\"2704\" data-end=\"2878\">Per tant, FUNDACI\u00d3 LEITAT no garanteix la fiabilitat, disponibilitat o continu\u00eftat del lloc web davant aquestes causes, i no podr\u00e0 ser considerada responsable en aquest sentit.<\/p><p data-start=\"2885\" data-end=\"3045\"><strong data-start=\"2885\" data-end=\"2906\">\u00das del lloc web<\/strong><br data-start=\"2906\" data-end=\"2909\">L&#8217;\u00fas del lloc web de FUNDACI\u00d3 LEITAT confereix la condici\u00f3 d&#8217;usuari, que accepta que aquest \u00fas \u00e9s sota responsabilitat pr\u00f2pia.<\/p><p data-start=\"3047\" data-end=\"3327\">Els usuaris es comprometen a utilitzar la informaci\u00f3, activitats, productes o serveis disponibles en aquest lloc web de conformitat amb aquestes condicions generals i la legislaci\u00f3 vigent, abstenint-se de fer activitats contr\u00e0ries a la llei, la moral o l&#8217;ordre p\u00fablic.<\/p><p data-start=\"3329\" data-end=\"3577\">Els continguts del lloc web s\u00f3n posats a disposici\u00f3 dels usuaris per FUNDACI\u00d3 LEITAT com a informaci\u00f3 pr\u00f2pia o, si escau, de tercers. FUNDACI\u00d3 LEITAT far\u00e0 esfor\u00e7os raonables per assegurar que el contingut sigui exacte i estigui actualitzat. <\/p><p data-start=\"3579\" data-end=\"3883\">Els menors d&#8217;edat que vulguin utilitzar aquest lloc web han de comptar amb el perm\u00eds dels pares o tutors, els quals seran en tot cas responsables dels seus actes. FUNDACI\u00d3 LEITAT garantir\u00e0, no obstant, la protecci\u00f3 dels menors respecte als continguts dirigits espec\u00edficament a p\u00fablics familiars. <\/p><p data-start=\"3579\" data-end=\"3883\"><strong data-start=\"3890\" data-end=\"3908\">Modificacions<\/strong><br data-start=\"3908\" data-end=\"3911\">FUNDACI\u00d3 LEITAT es reserva el dret a realitzar, sense av\u00eds previ, les modificacions que consideri oportunes al seu portal, podent canviar, suprimir o afegir continguts i serveis, aix\u00ed com la forma en qu\u00e8 aquests apareixen presentats o localitzats.<\/p><p data-start=\"4170\" data-end=\"4380\"><strong data-start=\"4170\" data-end=\"4201\">Informaci\u00f3 sobre \u201cenlla\u00e7os\u201d<\/strong><br data-start=\"4201\" data-end=\"4204\">Les p\u00e0gines web de FUNDACI\u00d3 LEITAT poden contenir enlla\u00e7os a llocs web de tercers. FUNDACI\u00d3 LEITAT no es fa resposable del contingut que pugui apar\u00e8ixer en aquests llocs. <\/p><p data-start=\"4382\" data-end=\"4569\">Qualsevol acte de transmissi\u00f3, distribuci\u00f3, cessi\u00f3, reproducci\u00f3, emmagatzematge o comunicaci\u00f3 p\u00fablica, total o parcial, haur\u00e0 de comptar amb el consentiment expr\u00e9s de FUNDACI\u00d3 LEITAT.<\/p><p data-start=\"4571\" data-end=\"4937\">En compliment dels articles 11 i 16 de la LSSICE, FUNDACI\u00d3 LEITAT posar\u00e0 a disposici\u00f3 de tots els usuaris, autoritats i forces de seguretat, i col\u00b7laborar\u00e0 activament en la retirada o, si escau, el bloqueig dels continguts que puguin afectar o contravenir la legislaci\u00f3 nacional o internacional, drets de tercers o la moral i l&#8217;ordre p\u00fablic.<\/p><p data-start=\"4939\" data-end=\"5088\">Si l&#8217;usuari considera que hi ha algun contingut susceptible d&#8217;aquesta classificaci\u00f3, ho ha de notificar immediatament a l&#8217;administrador del lloc web.<\/p><p data-start=\"5095\" data-end=\"5473\"><strong data-start=\"5095\" data-end=\"5139\">Exempci\u00f3 i limitaci\u00f3 de responsabilitat<\/strong><br data-start=\"5139\" data-end=\"5142\"> Els usuaris seran responsables dels danys i perjudicis de qualsevol naturalesa que FUNDACI\u00d3 LEITAT o tercers puguin patir com a conseq\u00fc\u00e8ncia de l&#8217;incompliment de qualsevol de les disposicions del present Av\u00eds Legal o, si escau, de les condicions de venda, pol\u00edtica de privadesa o altres condicions legals aplicables.<\/p><p data-start=\"5475\" data-end=\"5717\">FUNDACI\u00d3 LEITAT no ser\u00e0 responsable dels danys a l&#8217;equip inform\u00e0tic de l&#8217;usuari o de tercers derivats de l&#8217;acc\u00e9s a aquest lloc web, ja que aquest acc\u00e9s no implica l&#8217;obligaci\u00f3 de controlar l&#8217;abs\u00e8ncia de virus o d&#8217;altres elements nocius.<\/p><p data-start=\"5719\" data-end=\"5946\">Tampoc ser\u00e0 responsable dels continguts i serveis dels enlla\u00e7os o p\u00e0gines de tercers connectats al lloc web, ni dels danys causats per la seva il\u00b7legalitat, qualitat, desactualitzaci\u00f3, indisponibilitat, error o inadequaci\u00f3.<\/p><p data-start=\"5953\" data-end=\"6435\"><strong data-start=\"5953\" data-end=\"5991\">Propietat intel\u00b7lectual i industrial<\/strong><br data-start=\"5991\" data-end=\"5994\">Tots els continguts d&#8217;aquesta p\u00e0gina web, inclosos \u2014per\u00f2 no limitats a\u2014 textos, fotografies, gr\u00e0fics, imatges, icones, signes distintius o logotips, marques, noms comercials, tecnologia, programari, enlla\u00e7os i altres continguts audiovisuals o sonors, aix\u00ed com el seu disseny gr\u00e0fic i codi font (d&#8217;ara endavant, els &#8216;Continguts&#8217;), s\u00f3n propietat intel\u00b7lectual de FUNDACI\u00d3 LEITAT, llevat que s&#8217;indiqui el contrari.<\/p><p data-start=\"6437\" data-end=\"6880\">Els usuaris han de respectar en tot moment els drets de propietat intel\u00b7lectual de FUNDACI\u00d3 LEITAT o de tercers. Queda expressament prohibida la reproducci\u00f3, transformaci\u00f3, distribuci\u00f3, comunicaci\u00f3 p\u00fablica, posada a disposici\u00f3, extracci\u00f3, reutilitzaci\u00f3, reenviament o \u00fas de qualsevol naturalesa, per qualsevol mitj\u00e0 o procediment, llevat dels casos legalment permesos o autoritzats pel titular dels drets corresponents. <\/p><p data-start=\"6882\" data-end=\"7045\">Per a l&#8217;\u00fas autoritzat dels continguts del lloc web amb finalitats exclusivament informatives o educatives, els usuaris poden adre\u00e7ar-se a <a class=\"cursor-pointer\" rel=\"noopener\" data-start=\"7021\" data-end=\"7044\">info@fundacioleitat.org<\/a>.<\/p><p data-start=\"7047\" data-end=\"7323\">Aix\u00f2 no obstant, els usuaris podran visualitzar i obtenir una c\u00f2pia privada temporal dels continguts per al seu \u00fas personal i privat en els seus sistemes inform\u00e0tics, sempre que no sigui amb fins comercials, professionals, de distribuci\u00f3, modificaci\u00f3, alteraci\u00f3 o descompilaci\u00f3.<\/p><hr data-start=\"7325\" data-end=\"7328\"><p data-start=\"7330\" data-end=\"7587\"><strong data-start=\"7330\" data-end=\"7364\">Protecci\u00f3 de dades personals<\/strong><br data-start=\"7364\" data-end=\"7367\"> Les dades personals rebudes dels usuaris seran tractades de forma confidencial, complint en tot moment amb el que disposa el RGPD, la LOPDGDD i qualsevol altra normativa vigent o futura aplicable en la mat\u00e8ria.<\/p><p data-start=\"7589\" data-end=\"7874\">FUNDACI\u00d3 LEITAT es compromet a tractar les dades personals d&#8217;acord amb les finalitats per a les quals van ser recollides, a no utilitzar-les per a finalitats diferents ni a comunicar-les, ni tan sols per conservar-les, a altres persones, llevat del consentiment previ i expr\u00e9s de l&#8217;interessat.<\/p><p data-start=\"7876\" data-end=\"8129\">Aix\u00ed mateix, FUNDACI\u00d3 LEITAT es compromet a adoptar i implementar les mesures t\u00e8cniques i organitzatives adequades per garantir un nivell de seguretat que n&#8217;eviti l&#8217;alteraci\u00f3, la p\u00e8rdua, el tractament o l&#8217;acc\u00e9s no autoritzat, d&#8217;acord amb l&#8217;article 32 del RGPD.<\/p><p data-start=\"8131\" data-end=\"8193\">Per a m\u00e9s informaci\u00f3, consulteu la nostra <a href=\"https:\/\/fundacionleitat.org\/ca\/?page_id=2719\">Pol\u00edtica de Privadesa<\/a>.<\/p><p data-start=\"8200\" data-end=\"8311\"><strong data-start=\"8200\" data-end=\"8240\">Legislaci\u00f3 aplicable i jurisdicci\u00f3<\/strong><br data-start=\"8240\" data-end=\"8243\"> Aquest Av\u00eds Legal es regeix per la legislaci\u00f3 espanyola vigent.<\/p><p data-start=\"8313\" data-end=\"8542\">Per resoldre qualsevol controv\u00e8rsia que pugui sorgir de l&#8217;acc\u00e9s al lloc web, els usuaris i FUNDACI\u00d3 LEITAT se sotmeten expressament als jutjats i tribunals de Barcelona, amb ren\u00fancia expressa a qualsevol altre fur.<\/p>\t\t\t\t\t\t\t\t<\/div>\n\t\t\t\t\t<\/div>\n\t\t\t\t<\/div>\n\t\t\t\t<\/div>\n\t\t","protected":false},"excerpt":{"rendered":"<p>Av\u00eds legal Identitat de l&#8217;entitat responsable: FUNDACI\u00d3 LEITAT Nom del domini: fundacionleitat.org Nom comercial: FUNDACI\u00d3 LEITAT N\u00famero d&#8217;identificaci\u00f3 fiscal (NIF): [&hellip;]<\/p>\n","protected":false},"author":1,"featured_media":0,"parent":0,"menu_order":0,"comment_status":"closed","ping_status":"closed","template":"elementor_header_footer","meta":{"_acf_changed":false,"site-sidebar-layout":"no-sidebar","site-content-layout":"","ast-site-content-layout":"full-width-container","site-content-style":"default","site-sidebar-style":"default","ast-global-header-display":"","ast-banner-title-visibility":"","ast-main-header-display":"","ast-hfb-above-header-display":"","ast-hfb-below-header-display":"","ast-hfb-mobile-header-display":"","site-post-title":"disabled","ast-breadcrumbs-content":"","ast-featured-img":"disabled","footer-sml-layout":"","ast-disable-related-posts":"","theme-transparent-header-meta":"","adv-header-id-meta":"","stick-header-meta":"","header-above-stick-meta":"","header-main-stick-meta":"","header-below-stick-meta":"","astra-migrate-meta-layouts":"default","ast-page-background-enabled":"default","ast-page-background-meta":{"desktop":{"background-color":"var(--ast-global-color-4)","background-image":"","background-repeat":"repeat","background-position":"center center","background-size":"auto","background-attachment":"scroll","background-type":"","background-media":"","overlay-type":"","overlay-color":"","overlay-opacity":"","overlay-gradient":""},"tablet":{"background-color":"","background-image":"","background-repeat":"repeat","background-position":"center center","background-size":"auto","background-attachment":"scroll","background-type":"","background-media":"","overlay-type":"","overlay-color":"","overlay-opacity":"","overlay-gradient":""},"mobile":{"background-color":"","background-image":"","background-repeat":"repeat","background-position":"center center","background-size":"auto","background-attachment":"scroll","background-type":"","background-media":"","overlay-type":"","overlay-color":"","overlay-opacity":"","overlay-gradient":""}},"ast-content-background-meta":{"desktop":{"background-color":"var(--ast-global-color-5)","background-image":"","background-repeat":"repeat","background-position":"center center","background-size":"auto","background-attachment":"scroll","background-type":"","background-media":"","overlay-type":"","overlay-color":"","overlay-opacity":"","overlay-gradient":""},"tablet":{"background-color":"var(--ast-global-color-5)","background-image":"","background-repeat":"repeat","background-position":"center center","background-size":"auto","background-attachment":"scroll","background-type":"","background-media":"","overlay-type":"","overlay-color":"","overlay-opacity":"","overlay-gradient":""},"mobile":{"background-color":"var(--ast-global-color-5)","background-image":"","background-repeat":"repeat","background-position":"center center","background-size":"auto","background-attachment":"scroll","background-type":"","background-media":"","overlay-type":"","overlay-color":"","overlay-opacity":"","overlay-gradient":""}},"footnotes":""},"class_list":["post-2629","page","type-page","status-publish","hentry"],"acf":[],"_links":{"self":[{"href":"https:\/\/fundacionleitat.org\/ca\/wp-json\/wp\/v2\/pages\/2629","targetHints":{"allow":["GET"]}}],"collection":[{"href":"https:\/\/fundacionleitat.org\/ca\/wp-json\/wp\/v2\/pages"}],"about":[{"href":"https:\/\/fundacionleitat.org\/ca\/wp-json\/wp\/v2\/types\/page"}],"author":[{"embeddable":true,"href":"https:\/\/fundacionleitat.org\/ca\/wp-json\/wp\/v2\/users\/1"}],"replies":[{"embeddable":true,"href":"https:\/\/fundacionleitat.org\/ca\/wp-json\/wp\/v2\/comments?post=2629"}],"version-history":[{"count":6,"href":"https:\/\/fundacionleitat.org\/ca\/wp-json\/wp\/v2\/pages\/2629\/revisions"}],"predecessor-version":[{"id":2802,"href":"https:\/\/fundacionleitat.org\/ca\/wp-json\/wp\/v2\/pages\/2629\/revisions\/2802"}],"wp:attachment":[{"href":"https:\/\/fundacionleitat.org\/ca\/wp-json\/wp\/v2\/media?parent=2629"}],"curies":[{"name":"wp","href":"https:\/\/api.w.org\/{rel}","templated":true}]}}