{"id":2638,"date":"2025-05-07T13:46:13","date_gmt":"2025-05-07T13:46:13","guid":{"rendered":"https:\/\/fundacionleitat.org\/politica-de-transparencia\/"},"modified":"2026-03-31T08:04:41","modified_gmt":"2026-03-31T08:04:41","slug":"politica-de-transparencia","status":"publish","type":"page","link":"https:\/\/fundacionleitat.org\/ca\/politica-de-transparencia\/","title":{"rendered":"Pol\u00edtica de transpar\u00e8ncia"},"content":{"rendered":"\t\t<div data-elementor-type=\"wp-page\" data-elementor-id=\"2638\" class=\"elementor elementor-2638 elementor-1443\" data-elementor-post-type=\"page\">\n\t\t\t\t<div class=\"elementor-element elementor-element-ab26422 e-con-full e-flex e-con e-parent\" data-id=\"ab26422\" data-element_type=\"container\" data-e-type=\"container\" data-settings=\"{&quot;background_background&quot;:&quot;classic&quot;}\">\n\t\t\t\t<\/div>\n\t\t<div class=\"elementor-element elementor-element-3fb13ff e-flex e-con-boxed e-con e-parent\" data-id=\"3fb13ff\" data-element_type=\"container\" data-e-type=\"container\">\n\t\t\t\t\t<div class=\"e-con-inner\">\n\t\t\t\t<div class=\"elementor-element elementor-element-f1d58b1 elementor-widget elementor-widget-text-editor\" data-id=\"f1d58b1\" data-element_type=\"widget\" data-e-type=\"widget\" data-widget_type=\"text-editor.default\">\n\t\t\t\t\t\t\t\t\t<p>D&#8217;acord amb la Llei de Transpar\u00e8ncia i com a garantia d&#8217;una gesti\u00f3 responsable, FUNDACI\u00d3 LEITAT informa sobre els seus \u00e0mbits d&#8217;actuaci\u00f3 als apartats seg\u00fcents:<\/p>\t\t\t\t\t\t\t\t<\/div>\n\t\t\t\t<div class=\"elementor-element elementor-element-66004d5 elementor-widget__width-inherit elementor-widget elementor-widget-heading\" data-id=\"66004d5\" data-element_type=\"widget\" data-e-type=\"widget\" data-widget_type=\"heading.default\">\n\t\t\t\t\t<span class=\"elementor-heading-title elementor-size-default\">Informaci\u00f3 Institucional i Organitzativa<\/span>\t\t\t\t<\/div>\n\t\t\t\t<div class=\"elementor-element elementor-element-27559fa elementor-widget__width-inherit elementor-widget elementor-widget-heading\" data-id=\"27559fa\" data-element_type=\"widget\" data-e-type=\"widget\" data-widget_type=\"heading.default\">\n\t\t\t\t\t<span class=\"elementor-heading-title elementor-size-default\">Missi\u00f3 i activitats<\/span>\t\t\t\t<\/div>\n\t\t<div class=\"elementor-element elementor-element-7f22128 e-con-full text-toggle-container e-flex e-con e-child\" data-id=\"7f22128\" data-element_type=\"container\" data-e-type=\"container\">\n\t\t\t\t<div class=\"elementor-element elementor-element-73cb24c text collapsed elementor-widget elementor-widget-text-editor\" data-id=\"73cb24c\" data-element_type=\"widget\" data-e-type=\"widget\" data-widget_type=\"text-editor.default\">\n\t\t\t\t\t\t\t\t\t<p><strong>Missi\u00f3 de la Fundaci\u00f3 LEITAT<\/strong><\/p><p>Els fins de la Fundaci\u00f3 comprenen la promoci\u00f3 de la investigaci\u00f3, el desenvolupament i la innovaci\u00f3 tecnol\u00f2gica dins dels diferents sectors econ\u00f2mics.<\/p><p>Per ra\u00f3 de les seves finalitats, seran beneficiaris de la Fundaci\u00f3 les universitats, els centres de recerca, el desenvolupament i la innovaci\u00f3 tecnol\u00f2gica.<\/p><p><strong>Activitats de la Fundaci\u00f3 LEITAT<\/strong><\/p><p><span style=\"text-decoration: underline;\">  Activitats de car\u00e0cter Fundacional  <\/span><\/p><p>Les activitats que duu a terme la Fundaci\u00f3 amb l&#8217;objectiu de complir la finalitat d&#8217;inter\u00e8s general que persegueix, estan compreses per totes aquelles destinades al foment de la cultura de la innovaci\u00f3 i la millora de la competitivitat, i en concret:<\/p><p>a) Facilitar l&#8217;acc\u00e9s i la implantaci\u00f3 de les noves tecnologies<\/p><p>b) Assegurar l&#8217;excel\u00b7l\u00e8ncia i la valoraci\u00f3 dels productes generats<\/p><p>c) Organitzar jornades, seminaris i cursos de formaci\u00f3 i reciclatge<\/p><p>d) Facilitar i promoure els intercanvis d&#8217;informaci\u00f3 entre la pr\u00f2pia Fundaci\u00f3 i altres organitzacions an\u00e0logues<\/p><p>e) Posar a disposici\u00f3 del mercat infraestructures tecnol\u00f2giques<\/p><p><span style=\"text-decoration: underline;\">Activitats de car\u00e0cter mercantil  <\/span><\/p><p>La Fundaci\u00f3 podr\u00e0 realitzar activitats mercantils l&#8217;objecte de les quals estigui relacionat amb les finalitats fundacionals o siguin complement\u00e0ries o access\u00f2ries de les anteriors, amb sotmetiment a les normes reguladores de la defensa de la compet\u00e8ncia, com les seg\u00fcents:<\/p><p>a) La generaci\u00f3, transfer\u00e8ncia i models de gesti\u00f3 tant del coneixement com de la tecnologia<\/p><p>b) La normalitzaci\u00f3 de les empreses i els seus productes o serveis mitjan\u00e7ant:  <\/p><ul><li>El foment de la diferenciaci\u00f3 de les estructures productives<\/li><li>L&#8217;increment del valor tecnol\u00f2gic de processos i productes<\/li><\/ul><p>c) Fomentar les relacions entre organitzacions empresarials per millorar-ne la competitivitat, la gesti\u00f3 de la innovaci\u00f3 i dels seus productes, l&#8217;adequaci\u00f3 de les especificacions, etc.<\/p><p>d) Afavorir la implementaci\u00f3 de la innovaci\u00f3 tecnol\u00f2gica en el desenvolupament de nous conceptes o processos que permetin a les empreses disposar de ferramentes de millora de la productivitat.<\/p><p><span style=\"color: #d41a1a;\"><strong><a style=\"color: #d41a1a;\" href=\"https:\/\/fundacionleitat.org\/wp-content\/uploads\/2025\/07\/Composicio-organs-de-govern-cat.pdf\" target=\"_blank\" rel=\"noopener\">Composici\u00f3 \u00f2rgans de govern  <\/a><\/strong><\/span><\/p><p><span style=\"color: #d41a1a;\"><strong><a style=\"color: #d41a1a;\" href=\"https:\/\/fundacionleitat.org\/ca\/equip\/#equipo\" rel=\"noopener\">Organigrama  <\/a><\/strong><\/span><\/p>\t\t\t\t\t\t\t\t<\/div>\n\t\t\t\t<div class=\"elementor-element elementor-element-aa8cfa3 elementor-widget elementor-widget-html\" data-id=\"aa8cfa3\" data-element_type=\"widget\" data-e-type=\"widget\" data-widget_type=\"html.default\">\n\t\t\t\t\t <span class=\"read-more\" onclick=\"toggleText(this)\">Llegir m\u00e9s<\/span>\n<script>\n  function toggleText(trigger) {\n    const containers = document.querySelectorAll('.text-toggle-container');\n\n    containers.forEach(container =&gt; {\n      const text = container.querySelector('.text');\n      const button = container.querySelector('.read-more');\n\n      \/\/ Cierra todos los bloques excepto el actual\n      if (container !== trigger.closest('.text-toggle-container')) {\n        text.classList.remove('expanded');\n        button.textContent = 'Leer m\u00e1s';\n      }\n    });\n\n    \/\/ Luego alterna el actual\n    const currentContainer = trigger.closest('.text-toggle-container');\n    const currentText = currentContainer.querySelector('.text');\n    currentText.classList.toggle('expanded');\n\n    if (currentText.classList.contains('expanded')) {\n      trigger.textContent = 'Ver menos';\n    } else {\n      trigger.textContent = 'Leer m\u00e1s';\n    }\n  }\n<\/script>\n\n\n\t\t\t\t<\/div>\n\t\t\t\t<\/div>\n\t\t\t\t<div class=\"elementor-element elementor-element-1a2f53b elementor-widget__width-inherit elementor-widget elementor-widget-heading\" data-id=\"1a2f53b\" data-element_type=\"widget\" data-e-type=\"widget\" data-widget_type=\"heading.default\">\n\t\t\t\t\t<span class=\"elementor-heading-title elementor-size-default\">N\u00famero Registre<\/span>\t\t\t\t<\/div>\n\t\t\t\t<div class=\"elementor-element elementor-element-dab1b96 elementor-widget elementor-widget-text-editor\" data-id=\"dab1b96\" data-element_type=\"widget\" data-e-type=\"widget\" data-widget_type=\"text-editor.default\">\n\t\t\t\t\t\t\t\t\tLa Fundaci\u00f3 LEITAT est\u00e0 inscrita al Registre de Fundacions del Protectorat del Ministeri d&#8217;Educaci\u00f3 i Ci\u00e8ncia (BOE n\u00fam. 12193 de 28 de Febrer del 2008) amb el n\u00famero 1.017.  \t\t\t\t\t\t\t\t<\/div>\n\t\t\t\t<div class=\"elementor-element elementor-element-1dd999f elementor-widget__width-inherit elementor-widget elementor-widget-heading\" data-id=\"1dd999f\" data-element_type=\"widget\" data-e-type=\"widget\" data-widget_type=\"heading.default\">\n\t\t\t\t\t<span class=\"elementor-heading-title elementor-size-default\">Normativa aplicable<\/span>\t\t\t\t<\/div>\n\t\t<div class=\"elementor-element elementor-element-293c608 e-con-full text-toggle-container e-flex e-con e-child\" data-id=\"293c608\" data-element_type=\"container\" data-e-type=\"container\">\n\t\t\t\t<div class=\"elementor-element elementor-element-76fd240 elementor-widget__width-inherit text collapsed elementor-widget elementor-widget-text-editor\" data-id=\"76fd240\" data-element_type=\"widget\" data-e-type=\"widget\" data-widget_type=\"text-editor.default\">\n\t\t\t\t\t\t\t\t\t<p>Els estatuts de la Fundaci\u00f3<\/p><p>Llei 50\/2002, de 26 de desembre, de fundacions<\/p><p>Reial Decret Legislatiu 3\/2011, de 14 de novembre, pel qual s&#8217;aprova el text ref\u00f3s de la Llei de Contractes del Sector P\u00fablic<\/p><p>Llei 19\/2013, de 9 de desembre, de transpar\u00e8ncia, acc\u00e9s a la informaci\u00f3 p\u00fablica i bon govern<\/p><p><span style=\"color: #d41a1a;\"><strong><a style=\"color: #d41a1a;\" href=\"https:\/\/fundacionleitat.org\/wp-content\/uploads\/2026\/03\/2025_05_26-Estatuts_FL-catala.pdf\" target=\"_blank\" rel=\"noopener\">Estatuts<\/a><\/strong><\/span><\/p>\t\t\t\t\t\t\t\t<\/div>\n\t\t\t\t<div class=\"elementor-element elementor-element-1c29ce9 elementor-widget elementor-widget-html\" data-id=\"1c29ce9\" data-element_type=\"widget\" data-e-type=\"widget\" data-widget_type=\"html.default\">\n\t\t\t\t\t <span class=\"read-more\" onclick=\"toggleText(this)\">Llegir m\u00e9s<\/span>\n\t\t\t\t<\/div>\n\t\t\t\t<\/div>\n\t\t\t\t<div class=\"elementor-element elementor-element-dc92c69 elementor-widget__width-inherit elementor-widget elementor-widget-heading\" data-id=\"dc92c69\" data-element_type=\"widget\" data-e-type=\"widget\" data-widget_type=\"heading.default\">\n\t\t\t\t\t<span class=\"elementor-heading-title elementor-size-default\">Gesti\u00f3 econ\u00f2mica, pressupost\u00e0ria i patrimonial<\/span>\t\t\t\t<\/div>\n\t\t\t\t<div class=\"elementor-element elementor-element-3c712e4 elementor-widget__width-inherit elementor-widget elementor-widget-text-editor\" data-id=\"3c712e4\" data-element_type=\"widget\" data-e-type=\"widget\" data-widget_type=\"text-editor.default\">\n\t\t\t\t\t\t\t\t\t<p><span style=\"color: #d41a1a;\"><strong><a style=\"color: #d41a1a;\" href=\"https:\/\/fundacionleitat.org\/wp-content\/uploads\/2025\/06\/1017EDU-LEITAT-PLAN-PA-2025_transp.pdf\" target=\"_blank\" rel=\"noopener\">Pla anual d&#8217;activitat<\/a><\/strong><\/span><\/p><p><span style=\"color: #d41a1a;\"><strong><a style=\"color: #d41a1a;\" href=\"https:\/\/fundacionleitat.org\/wp-content\/uploads\/2025\/07\/A-8779-Fundacion-Leitat.pdf\" target=\"_blank\" rel=\"noopener\">Informe d&#8217;auditoria<\/a><\/strong><\/span><\/p>\t\t\t\t\t\t\t\t<\/div>\n\t\t\t\t<div class=\"elementor-element elementor-element-26b084e elementor-widget__width-inherit elementor-widget elementor-widget-heading\" data-id=\"26b084e\" data-element_type=\"widget\" data-e-type=\"widget\" data-widget_type=\"heading.default\">\n\t\t\t\t\t<span class=\"elementor-heading-title elementor-size-default\">Retribuci\u00f3 \u00f2rgans direcci\u00f3 i administraci\u00f3<\/span>\t\t\t\t<\/div>\n\t\t\t\t<div class=\"elementor-element elementor-element-d78d2e2 elementor-widget elementor-widget-text-editor\" data-id=\"d78d2e2\" data-element_type=\"widget\" data-e-type=\"widget\" data-widget_type=\"text-editor.default\">\n\t\t\t\t\t\t\t\t\tSegons l&#8217;article 25 dels estatuts de la Fundaci\u00f3, els patrons exerciran el c\u00e0rrec gratu\u00eftament sense que en cap cas puguin percebre retribuci\u00f3 per l&#8217;exercici de la seva funci\u00f3.  \t\t\t\t\t\t\t\t<\/div>\n\t\t\t\t<div class=\"elementor-element elementor-element-9cedd44 elementor-widget__width-inherit elementor-widget elementor-widget-heading\" data-id=\"9cedd44\" data-element_type=\"widget\" data-e-type=\"widget\" data-widget_type=\"heading.default\">\n\t\t\t\t\t<span class=\"elementor-heading-title elementor-size-default\">Gesti\u00f3 administrativa<\/span>\t\t\t\t<\/div>\n\t\t<div class=\"elementor-element elementor-element-d97fc77 e-con-full text-toggle-container e-flex e-con e-child\" data-id=\"d97fc77\" data-element_type=\"container\" data-e-type=\"container\">\n\t\t\t\t<div class=\"elementor-element elementor-element-29d1b4d elementor-widget__width-inherit elementor-widget elementor-widget-heading\" data-id=\"29d1b4d\" data-element_type=\"widget\" data-e-type=\"widget\" data-widget_type=\"heading.default\">\n\t\t\t\t\t<span class=\"elementor-heading-title elementor-size-default\">\u00d2rgan de contractaci\u00f3<\/span>\t\t\t\t<\/div>\n\t\t\t\t<div class=\"elementor-element elementor-element-23340ca text collapsed elementor-widget elementor-widget-text-editor\" data-id=\"23340ca\" data-element_type=\"widget\" data-e-type=\"widget\" data-widget_type=\"text-editor.default\">\n\t\t\t\t\t\t\t\t\t<p>Sense perjudici de les delegacions que es puguin acordar, l&#8217;\u00f2rgan de contractaci\u00f3 ser\u00e0 el Patronat.<\/p><p>Sense perjudici que es puguin acordar delegacions addicionals, i de conformitat amb els estatuts vigents, les delegacions efectuades i els poders atorgats:<\/p><ul><li>Per a contractes fins a 200.000 euros, es delega la compet\u00e8ncia de contractaci\u00f3 al Gerent de la Fundaci\u00f3.  <\/li><li>Per a contractes entre 200.001 euros i 1.000.000 d&#8217;euros, es delega la compet\u00e8ncia de contractaci\u00f3 al Gerent de la Fundaci\u00f3 juntament amb qualsevol dels patrons.<\/li><\/ul><p>L&#8217;\u00f2rgan de contractaci\u00f3 podr\u00e0 ser assistit per una Comissi\u00f3 de contractaci\u00f3 que s&#8217;encarregar\u00e0 de la tramitaci\u00f3 de la licitaci\u00f3 fins a la proposta d&#8217;adjudicaci\u00f3.<\/p><p>La Comissi\u00f3 de contractaci\u00f3 estar\u00e0 constitu\u00efda per almenys tres persones que seran designades per l&#8217;\u00f2rgan de contractaci\u00f3.<\/p><p><span style=\"color: #d41a1a;\"><strong><a style=\"color: #d41a1a;\" href=\"https:\/\/fundacionleitat.org\/ca\/politica-de-transparencia\/\" target=\"_blank\" rel=\"noopener\">Contractes<\/a><\/strong><\/span><\/p><p><span style=\"color: #d41a1a;\"><a style=\"color: #d41a1a;\" href=\"https:\/\/fundacionleitat.org\/wp-content\/uploads\/2025\/07\/Convenis.pdf\" target=\"_blank\" rel=\"noopener\"><strong>Convenis<\/strong><\/a><\/span><\/p><p><span style=\"color: #d41a1a;\"><strong><a style=\"color: #d41a1a;\" href=\"https:\/\/fundacionleitat.org\/wp-content\/uploads\/2025\/07\/Ajuts.pdf\" target=\"_blank\" rel=\"noopener\">Ajuts<\/a><\/strong><\/span><\/p><p><strong><a href=\"https:\/\/fundacionleitat.org\/wp-content\/uploads\/2025\/12\/Protocolo-Prevencion-Acoso-FL_f.pdf\">Protocol prevenci\u00f3 assetjament<\/a><\/strong><\/p>\t\t\t\t\t\t\t\t<\/div>\n\t\t\t\t<div class=\"elementor-element elementor-element-5485a71 elementor-widget elementor-widget-html\" data-id=\"5485a71\" data-element_type=\"widget\" data-e-type=\"widget\" data-widget_type=\"html.default\">\n\t\t\t\t\t <span class=\"read-more\" onclick=\"toggleText(this)\">Llegir m\u00e9s<\/span>\n\t\t\t\t<\/div>\n\t\t\t\t<\/div>\n\t\t\t\t<div class=\"elementor-element elementor-element-9944adc elementor-widget elementor-widget-text-editor\" data-id=\"9944adc\" data-element_type=\"widget\" data-e-type=\"widget\" data-widget_type=\"text-editor.default\">\n\t\t\t\t\t\t\t\t\t<p><span style=\"font-weight: 400;\"><strong>Data de l&#8217;\u00faltima actualitzaci\u00f3<\/strong> : Mar\u00e7 2026<\/span><\/p>\t\t\t\t\t\t\t\t<\/div>\n\t\t\t\t\t<\/div>\n\t\t\t\t<\/div>\n\t\t\t\t<\/div>\n\t\t","protected":false},"excerpt":{"rendered":"<p>D&#8217;acord amb la Llei de Transpar\u00e8ncia i com a garantia d&#8217;una gesti\u00f3 responsable, FUNDACI\u00d3 LEITAT informa sobre els seus \u00e0mbits [&hellip;]<\/p>\n","protected":false},"author":1,"featured_media":0,"parent":0,"menu_order":0,"comment_status":"closed","ping_status":"closed","template":"","meta":{"_acf_changed":false,"site-sidebar-layout":"no-sidebar","site-content-layout":"","ast-site-content-layout":"full-width-container","site-content-style":"default","site-sidebar-style":"default","ast-global-header-display":"","ast-banner-title-visibility":"","ast-main-header-display":"","ast-hfb-above-header-display":"","ast-hfb-below-header-display":"","ast-hfb-mobile-header-display":"","site-post-title":"disabled","ast-breadcrumbs-content":"","ast-featured-img":"disabled","footer-sml-layout":"","ast-disable-related-posts":"","theme-transparent-header-meta":"","adv-header-id-meta":"","stick-header-meta":"","header-above-stick-meta":"","header-main-stick-meta":"","header-below-stick-meta":"","astra-migrate-meta-layouts":"default","ast-page-background-enabled":"default","ast-page-background-meta":{"desktop":{"background-color":"var(--ast-global-color-4)","background-image":"","background-repeat":"repeat","background-position":"center center","background-size":"auto","background-attachment":"scroll","background-type":"","background-media":"","overlay-type":"","overlay-color":"","overlay-opacity":"","overlay-gradient":""},"tablet":{"background-color":"","background-image":"","background-repeat":"repeat","background-position":"center center","background-size":"auto","background-attachment":"scroll","background-type":"","background-media":"","overlay-type":"","overlay-color":"","overlay-opacity":"","overlay-gradient":""},"mobile":{"background-color":"","background-image":"","background-repeat":"repeat","background-position":"center center","background-size":"auto","background-attachment":"scroll","background-type":"","background-media":"","overlay-type":"","overlay-color":"","overlay-opacity":"","overlay-gradient":""}},"ast-content-background-meta":{"desktop":{"background-color":"var(--ast-global-color-5)","background-image":"","background-repeat":"repeat","background-position":"center center","background-size":"auto","background-attachment":"scroll","background-type":"","background-media":"","overlay-type":"","overlay-color":"","overlay-opacity":"","overlay-gradient":""},"tablet":{"background-color":"var(--ast-global-color-5)","background-image":"","background-repeat":"repeat","background-position":"center center","background-size":"auto","background-attachment":"scroll","background-type":"","background-media":"","overlay-type":"","overlay-color":"","overlay-opacity":"","overlay-gradient":""},"mobile":{"background-color":"var(--ast-global-color-5)","background-image":"","background-repeat":"repeat","background-position":"center center","background-size":"auto","background-attachment":"scroll","background-type":"","background-media":"","overlay-type":"","overlay-color":"","overlay-opacity":"","overlay-gradient":""}},"footnotes":""},"class_list":["post-2638","page","type-page","status-publish","hentry"],"acf":[],"_links":{"self":[{"href":"https:\/\/fundacionleitat.org\/ca\/wp-json\/wp\/v2\/pages\/2638","targetHints":{"allow":["GET"]}}],"collection":[{"href":"https:\/\/fundacionleitat.org\/ca\/wp-json\/wp\/v2\/pages"}],"about":[{"href":"https:\/\/fundacionleitat.org\/ca\/wp-json\/wp\/v2\/types\/page"}],"author":[{"embeddable":true,"href":"https:\/\/fundacionleitat.org\/ca\/wp-json\/wp\/v2\/users\/1"}],"replies":[{"embeddable":true,"href":"https:\/\/fundacionleitat.org\/ca\/wp-json\/wp\/v2\/comments?post=2638"}],"version-history":[{"count":29,"href":"https:\/\/fundacionleitat.org\/ca\/wp-json\/wp\/v2\/pages\/2638\/revisions"}],"predecessor-version":[{"id":3571,"href":"https:\/\/fundacionleitat.org\/ca\/wp-json\/wp\/v2\/pages\/2638\/revisions\/3571"}],"wp:attachment":[{"href":"https:\/\/fundacionleitat.org\/ca\/wp-json\/wp\/v2\/media?parent=2638"}],"curies":[{"name":"wp","href":"https:\/\/api.w.org\/{rel}","templated":true}]}}