{"id":2650,"date":"2025-05-03T01:57:08","date_gmt":"2025-05-03T01:57:08","guid":{"rendered":"https:\/\/fundacionleitat.org\/collaboracio-multidisciplinar\/"},"modified":"2025-07-28T14:02:45","modified_gmt":"2025-07-28T14:02:45","slug":"collaboracio-multidisciplinar","status":"publish","type":"page","link":"https:\/\/fundacionleitat.org\/ca\/collaboracio-multidisciplinar\/","title":{"rendered":"Col\u00b7laboraci\u00f3 Multidisciplinar"},"content":{"rendered":"\t\t<div data-elementor-type=\"wp-page\" data-elementor-id=\"2650\" class=\"elementor elementor-2650 elementor-1140\" data-elementor-post-type=\"page\">\n\t\t\t\t<div class=\"elementor-element elementor-element-fa43984 e-con-full e-flex e-con e-parent\" data-id=\"fa43984\" data-element_type=\"container\" data-e-type=\"container\" data-settings=\"{&quot;background_background&quot;:&quot;classic&quot;}\">\n\t\t\t\t<div class=\"elementor-element elementor-element-925ea55 elementor-widget elementor-widget-text-editor\" data-id=\"925ea55\" data-element_type=\"widget\" data-e-type=\"widget\" data-widget_type=\"text-editor.default\">\n\t\t\t\t\t\t\t\t\tAliances estrat\u00e8giques per a la innovaci\u00f3\n\t\t\t\t\t\t\t\t<\/div>\n\t\t\t\t<div class=\"elementor-element elementor-element-ed710b0 elementor-widget elementor-widget-heading\" data-id=\"ed710b0\" data-element_type=\"widget\" data-e-type=\"widget\" data-widget_type=\"heading.default\">\n\t\t\t\t\t<h1 class=\"elementor-heading-title elementor-size-default\">Col\u00b7laboraci\u00f3 amb entitats de R+D+i<\/h1>\t\t\t\t<\/div>\n\t\t\t\t<\/div>\n\t\t<div class=\"elementor-element elementor-element-b351014 e-flex e-con-boxed e-con e-parent\" data-id=\"b351014\" data-element_type=\"container\" data-e-type=\"container\">\n\t\t\t\t\t<div class=\"e-con-inner\">\n\t\t\t\t<div class=\"elementor-element elementor-element-ae77cff elementor-widget__width-initial elementor-invisible elementor-widget elementor-widget-text-editor\" data-id=\"ae77cff\" data-element_type=\"widget\" data-e-type=\"widget\" data-settings=\"{&quot;_animation&quot;:&quot;fadeInUp&quot;}\" data-widget_type=\"text-editor.default\">\n\t\t\t\t\t\t\t\t\t<p><span class=\"TextRun SCXP107124480 BCX0\" lang=\"ES-ES\" data-scheme-color=\"@000000,1,\" data-usefontface=\"true\" data-contrast=\"none\"><span class=\"NormalTextRun SCXP107124480 BCX0\">Promovem la<\/span><\/span> <strong><span class=\"TextRun SCXP107124480 BCX0\" lang=\"ES-ES\" data-scheme-color=\"@000000,1,\" data-usefontface=\"true\" data-contrast=\"none\"><span class=\"NormalTextRun SCXP107124480 BCX0\">col\u00b7laboraci\u00f3 activa amb universitats, centres de recerca, empreses i organitzacions<\/span><\/span> <span class=\"TextRun SCXP107124480 BCX0\" lang=\"ES-ES\" data-scheme-color=\"@000000,1,\" data-usefontface=\"true\" data-contrast=\"none\"><span class=\"NormalTextRun SCXP107124480 BCX0\">cient\u00edfiques<\/span><\/span><\/strong> <span class=\"TextRun SCXP107124480 BCX0\" lang=\"ES-ES\" data-scheme-color=\"@000000,1,\" data-usefontface=\"true\" data-contrast=\"none\"><span class=\"NormalTextRun SCXP107124480 BCX0\">per generar projectes innovadors i noves activitats que impactin positivament a la societat.<\/span><\/span> <span class=\"TextRun SCXP107124480 BCX0\" lang=\"ES-ES\" data-scheme-color=\"@000000,1,\" data-usefontface=\"true\" data-contrast=\"none\"><span class=\"NormalTextRun SCXP107124480 BCX0\">Aquestes aliances estrat\u00e8giques permeten maximitzar el valor de la recerca i el desenvolupament tecnol\u00f2gic, fomentant la<\/span><\/span> <span class=\"TextRun SCXP107124480 BCX0\" lang=\"ES-ES\" data-scheme-color=\"@000000,1,\" data-usefontface=\"true\" data-contrast=\"none\"><span class=\"NormalTextRun SCXP107124480 BCX0\">transfer\u00e8ncia de coneixement i la innovaci\u00f3 aplicada.<\/span><\/span><\/p>\t\t\t\t\t\t\t\t<\/div>\n\t\t<div class=\"elementor-element elementor-element-cd857ba e-con-full e-flex e-con e-child\" data-id=\"cd857ba\" data-element_type=\"container\" data-e-type=\"container\">\n\t\t\t\t<\/div>\n\t\t<div class=\"elementor-element elementor-element-846afbc e-con-full e-flex e-con e-child\" data-id=\"846afbc\" data-element_type=\"container\" data-e-type=\"container\">\n\t\t\t\t<div class=\"elementor-element elementor-element-43d9d01 animated-slow elementor-invisible elementor-widget elementor-widget-heading\" data-id=\"43d9d01\" data-element_type=\"widget\" data-e-type=\"widget\" data-settings=\"{&quot;_animation&quot;:&quot;fadeInUp&quot;,&quot;_animation_delay&quot;:100}\" data-widget_type=\"heading.default\">\n\t\t\t\t\t<h2 class=\"elementor-heading-title elementor-size-default\">\u200b\n\nObjectius<\/h2>\t\t\t\t<\/div>\n\t\t\t\t<div class=\"elementor-element elementor-element-f43a7c6 elementor-widget__width-initial animated-slow elementor-invisible elementor-widget elementor-widget-text-editor\" data-id=\"f43a7c6\" data-element_type=\"widget\" data-e-type=\"widget\" data-settings=\"{&quot;_animation&quot;:&quot;fadeInUp&quot;,&quot;_animation_delay&quot;:200}\" data-widget_type=\"text-editor.default\">\n\t\t\t\t\t\t\t\t\t<p>Generar sin\u00e8rgies: Facilitar la cooperaci\u00f3 entre diferents agents de l&#8217;ecosistema de R+D+i per abordar reptes socials i tecnol\u00f2gics.<\/p><p>Impulsar projectes innovadors: Crear iniciatives conjuntes que transformin el coneixement en solucions pr\u00e0ctiques.<\/p><p>Fomentar el desenvolupament tecnol\u00f2gic: Donar suport a activitats que millorin la competitivitat empresarial i promoguin aven\u00e7os cient\u00edfics.<\/p>\t\t\t\t\t\t\t\t<\/div>\n\t\t\t\t<\/div>\n\t\t\t\t\t<\/div>\n\t\t\t\t<\/div>\n\t\t<div class=\"elementor-element elementor-element-c134600 e-flex e-con-boxed e-con e-parent\" data-id=\"c134600\" data-element_type=\"container\" data-e-type=\"container\" data-settings=\"{&quot;background_background&quot;:&quot;classic&quot;}\">\n\t\t\t\t\t<div class=\"e-con-inner\">\n\t\t\t\t<div class=\"elementor-element elementor-element-b9b8589 animated-slow elementor-invisible elementor-widget elementor-widget-heading\" data-id=\"b9b8589\" data-element_type=\"widget\" data-e-type=\"widget\" data-settings=\"{&quot;_animation&quot;:&quot;fadeInUp&quot;,&quot;_animation_delay&quot;:100}\" data-widget_type=\"heading.default\">\n\t\t\t\t\t<h2 class=\"elementor-heading-title elementor-size-default\">Col\u00b7laboracions destacades<\/h2>\t\t\t\t<\/div>\n\t\t\t\t\t<\/div>\n\t\t\t\t<\/div>\n\t\t<div class=\"elementor-element elementor-element-fe029d6 e-flex e-con-boxed e-con e-parent\" data-id=\"fe029d6\" data-element_type=\"container\" data-e-type=\"container\" data-settings=\"{&quot;background_background&quot;:&quot;classic&quot;}\">\n\t\t\t\t\t<div class=\"e-con-inner\">\n\t\t\t\t<div class=\"elementor-element elementor-element-eac5bc5 elementor-widget__width-initial elementor-position-top elementor-widget elementor-widget-image-box\" data-id=\"eac5bc5\" data-element_type=\"widget\" data-e-type=\"widget\" data-widget_type=\"image-box.default\">\n\t\t\t\t\t<div class=\"elementor-image-box-wrapper\"><figure class=\"elementor-image-box-img\"><a href=\"https:\/\/kimglobal.com\/es\/kimbcn\/\" target=\"_blank\" tabindex=\"-1\"><img fetchpriority=\"high\" decoding=\"async\" width=\"2000\" height=\"800\" src=\"https:\/\/fundacionleitat.org\/wp-content\/uploads\/2025\/05\/cropped-KIM-cab-web-2.png\" class=\"attachment-full size-full wp-image-1152\" alt=\"\" srcset=\"https:\/\/fundacionleitat.org\/wp-content\/uploads\/2025\/05\/cropped-KIM-cab-web-2.png 2000w, https:\/\/fundacionleitat.org\/wp-content\/uploads\/2025\/05\/cropped-KIM-cab-web-2-300x120.png 300w, https:\/\/fundacionleitat.org\/wp-content\/uploads\/2025\/05\/cropped-KIM-cab-web-2-1024x410.png 1024w, https:\/\/fundacionleitat.org\/wp-content\/uploads\/2025\/05\/cropped-KIM-cab-web-2-768x307.png 768w, https:\/\/fundacionleitat.org\/wp-content\/uploads\/2025\/05\/cropped-KIM-cab-web-2-1536x614.png 1536w\" sizes=\"(max-width: 2000px) 100vw, 2000px\" \/><\/a><\/figure><div class=\"elementor-image-box-content\"><h3 class=\"elementor-image-box-title\"><a href=\"https:\/\/kimglobal.com\/es\/kimbcn\/\" target=\"_blank\">\u200b Fundaci\u00f3 FKIM BCN<\/a><\/h3><\/div><\/div>\t\t\t\t<\/div>\n\t\t\t\t<div class=\"elementor-element elementor-element-ccc1f5d elementor-widget__width-initial elementor-position-top elementor-widget elementor-widget-image-box\" data-id=\"ccc1f5d\" data-element_type=\"widget\" data-e-type=\"widget\" data-widget_type=\"image-box.default\">\n\t\t\t\t\t<div class=\"elementor-image-box-wrapper\"><figure class=\"elementor-image-box-img\"><a href=\"https:\/\/www.euncet.com\/es\/\" target=\"_blank\" tabindex=\"-1\"><img decoding=\"async\" width=\"296\" height=\"60\" src=\"https:\/\/fundacionleitat.org\/wp-content\/uploads\/2025\/05\/logowhite.svg\" class=\"attachment-full size-full wp-image-1153\" alt=\"\" \/><\/a><\/figure><div class=\"elementor-image-box-content\"><h3 class=\"elementor-image-box-title\"><a href=\"https:\/\/www.euncet.com\/es\/\" target=\"_blank\">EUNCET Business School<\/a><\/h3><\/div><\/div>\t\t\t\t<\/div>\n\t\t\t\t\t<\/div>\n\t\t\t\t<\/div>\n\t\t<div class=\"elementor-element elementor-element-c640fc4 e-flex e-con-boxed e-con e-parent\" data-id=\"c640fc4\" data-element_type=\"container\" data-e-type=\"container\">\n\t\t\t\t\t<div class=\"e-con-inner\">\n\t\t\t\t<div class=\"elementor-element elementor-element-9707435 elementor-headline--style-highlight elementor-invisible elementor-widget elementor-widget-animated-headline\" data-id=\"9707435\" data-element_type=\"widget\" data-e-type=\"widget\" data-settings=\"{&quot;marker&quot;:&quot;underline&quot;,&quot;highlighted_text&quot;:&quot;Comprom\\u00eds&quot;,&quot;_animation&quot;:&quot;fadeInUp&quot;,&quot;headline_style&quot;:&quot;highlight&quot;,&quot;highlight_animation_duration&quot;:1200}\" data-widget_type=\"animated-headline.default\">\n\t\t\t\t\t\t\t<h3 class=\"elementor-headline\">\n\t\t\t\t\t<span class=\"elementor-headline-plain-text elementor-headline-text-wrapper\">El nostre<\/span>\n\t\t\t\t<span class=\"elementor-headline-dynamic-wrapper elementor-headline-text-wrapper\">\n\t\t\t\t\t<span class=\"elementor-headline-dynamic-text elementor-headline-text-active\">Comprom\u00eds<\/span>\n\t\t\t\t<\/span>\n\t\t\t\t<\/h3>\n\t\t\t\t\t\t<\/div>\n\t\t\t\t<div class=\"elementor-element elementor-element-6e21b47 elementor-invisible elementor-widget elementor-widget-text-editor\" data-id=\"6e21b47\" data-element_type=\"widget\" data-e-type=\"widget\" data-settings=\"{&quot;_animation&quot;:&quot;fadeInUp&quot;}\" data-widget_type=\"text-editor.default\">\n\t\t\t\t\t\t\t\t\t<p><span class=\"EOP SCXP230950391 BCX0\">Continuarem enfortint la nostra xarxa d&#8217;aliances estrat\u00e8giques, apostant per un model col\u00b7laboratiu que connecti coneixement, tecnologia i ind\u00fastria per generar un impacte positiu i durador a la societat<\/span><\/p>\t\t\t\t\t\t\t\t<\/div>\n\t\t\t\t\t<\/div>\n\t\t\t\t<\/div>\n\t\t<div class=\"elementor-element elementor-element-3357fed e-con-full e-flex e-con e-parent\" data-id=\"3357fed\" data-element_type=\"container\" data-e-type=\"container\">\n\t\t\t\t<div class=\"elementor-element elementor-element-b7a1225 elementor-widget elementor-widget-template\" data-id=\"b7a1225\" data-element_type=\"widget\" data-e-type=\"widget\" data-widget_type=\"template.default\">\n\t\t\t\t<div class=\"elementor-widget-container\">\n\t\t\t\t\t\t\t<div class=\"elementor-template\">\n\t\t\t\t\t<div data-elementor-type=\"container\" data-elementor-id=\"2820\" class=\"elementor elementor-2820 elementor-1765 elementor-1765\" data-elementor-post-type=\"elementor_library\">\n\t\t\t\t<div class=\"elementor-element elementor-element-72aef7ba e-con-full e-flex e-con e-parent\" data-id=\"72aef7ba\" data-element_type=\"container\" data-e-type=\"container\" data-settings=\"{&quot;background_background&quot;:&quot;classic&quot;}\">\n\t\t\t\t<div class=\"elementor-element elementor-element-30d9a4f6 elementor-widget elementor-widget-text-editor\" data-id=\"30d9a4f6\" data-element_type=\"widget\" data-e-type=\"widget\" data-widget_type=\"text-editor.default\">\n\t\t\t\t\t\t\t\t\t<span style=\"font-weight: 400;\">CONTACTA AMB NOSALTRES<\/span> \t\t\t\t\t\t\t\t<\/div>\n\t\t\t\t<div class=\"elementor-element elementor-element-69304fd3 elementor-widget elementor-widget-heading\" data-id=\"69304fd3\" data-element_type=\"widget\" data-e-type=\"widget\" data-widget_type=\"heading.default\">\n\t\t\t\t\t<span class=\"elementor-heading-title elementor-size-default\">Transforma les teves idees en projectes d'innovaci\u00f3<\/span>\t\t\t\t<\/div>\n\t\t\t\t<div class=\"elementor-element elementor-element-7ed34153 elementor-widget elementor-widget-text-editor\" data-id=\"7ed34153\" data-element_type=\"widget\" data-e-type=\"widget\" data-widget_type=\"text-editor.default\">\n\t\t\t\t\t\t\t\t\t<p><span style=\"font-weight: 400;\">Contacta&#8217;ns per explorar com podem col\u00b7laborar<\/span><\/p>\t\t\t\t\t\t\t\t<\/div>\n\t\t\t\t<\/div>\n\t\t\t\t<\/div>\n\t\t\t\t<\/div>\n\t\t\t\t\t\t<\/div>\n\t\t\t\t<\/div>\n\t\t\t\t<\/div>\n\t\t\t\t<\/div>\n\t\t","protected":false},"excerpt":{"rendered":"<p>Aliances estrat\u00e8giques per a la innovaci\u00f3 Col\u00b7laboraci\u00f3 amb entitats de R+D+i Promovem la col\u00b7laboraci\u00f3 activa amb universitats, centres de recerca, [&hellip;]<\/p>\n","protected":false},"author":1,"featured_media":0,"parent":0,"menu_order":0,"comment_status":"closed","ping_status":"closed","template":"elementor_header_footer","meta":{"_acf_changed":false,"site-sidebar-layout":"no-sidebar","site-content-layout":"","ast-site-content-layout":"full-width-container","site-content-style":"default","site-sidebar-style":"default","ast-global-header-display":"","ast-banner-title-visibility":"","ast-main-header-display":"","ast-hfb-above-header-display":"","ast-hfb-below-header-display":"","ast-hfb-mobile-header-display":"","site-post-title":"disabled","ast-breadcrumbs-content":"","ast-featured-img":"disabled","footer-sml-layout":"","ast-disable-related-posts":"","theme-transparent-header-meta":"","adv-header-id-meta":"","stick-header-meta":"","header-above-stick-meta":"","header-main-stick-meta":"","header-below-stick-meta":"","astra-migrate-meta-layouts":"default","ast-page-background-enabled":"default","ast-page-background-meta":{"desktop":{"background-color":"var(--ast-global-color-4)","background-image":"","background-repeat":"repeat","background-position":"center center","background-size":"auto","background-attachment":"scroll","background-type":"","background-media":"","overlay-type":"","overlay-color":"","overlay-opacity":"","overlay-gradient":""},"tablet":{"background-color":"","background-image":"","background-repeat":"repeat","background-position":"center center","background-size":"auto","background-attachment":"scroll","background-type":"","background-media":"","overlay-type":"","overlay-color":"","overlay-opacity":"","overlay-gradient":""},"mobile":{"background-color":"","background-image":"","background-repeat":"repeat","background-position":"center center","background-size":"auto","background-attachment":"scroll","background-type":"","background-media":"","overlay-type":"","overlay-color":"","overlay-opacity":"","overlay-gradient":""}},"ast-content-background-meta":{"desktop":{"background-color":"var(--ast-global-color-5)","background-image":"","background-repeat":"repeat","background-position":"center center","background-size":"auto","background-attachment":"scroll","background-type":"","background-media":"","overlay-type":"","overlay-color":"","overlay-opacity":"","overlay-gradient":""},"tablet":{"background-color":"var(--ast-global-color-5)","background-image":"","background-repeat":"repeat","background-position":"center center","background-size":"auto","background-attachment":"scroll","background-type":"","background-media":"","overlay-type":"","overlay-color":"","overlay-opacity":"","overlay-gradient":""},"mobile":{"background-color":"var(--ast-global-color-5)","background-image":"","background-repeat":"repeat","background-position":"center center","background-size":"auto","background-attachment":"scroll","background-type":"","background-media":"","overlay-type":"","overlay-color":"","overlay-opacity":"","overlay-gradient":""}},"footnotes":""},"class_list":["post-2650","page","type-page","status-publish","hentry"],"acf":[],"_links":{"self":[{"href":"https:\/\/fundacionleitat.org\/ca\/wp-json\/wp\/v2\/pages\/2650","targetHints":{"allow":["GET"]}}],"collection":[{"href":"https:\/\/fundacionleitat.org\/ca\/wp-json\/wp\/v2\/pages"}],"about":[{"href":"https:\/\/fundacionleitat.org\/ca\/wp-json\/wp\/v2\/types\/page"}],"author":[{"embeddable":true,"href":"https:\/\/fundacionleitat.org\/ca\/wp-json\/wp\/v2\/users\/1"}],"replies":[{"embeddable":true,"href":"https:\/\/fundacionleitat.org\/ca\/wp-json\/wp\/v2\/comments?post=2650"}],"version-history":[{"count":4,"href":"https:\/\/fundacionleitat.org\/ca\/wp-json\/wp\/v2\/pages\/2650\/revisions"}],"predecessor-version":[{"id":2792,"href":"https:\/\/fundacionleitat.org\/ca\/wp-json\/wp\/v2\/pages\/2650\/revisions\/2792"}],"wp:attachment":[{"href":"https:\/\/fundacionleitat.org\/ca\/wp-json\/wp\/v2\/media?parent=2650"}],"curies":[{"name":"wp","href":"https:\/\/api.w.org\/{rel}","templated":true}]}}