{"id":2660,"date":"2025-05-02T23:49:14","date_gmt":"2025-05-02T23:49:14","guid":{"rendered":"https:\/\/fundacionleitat.org\/transferencia-tecnologica\/"},"modified":"2025-07-28T14:17:24","modified_gmt":"2025-07-28T14:17:24","slug":"transferencia-tecnologica","status":"publish","type":"page","link":"https:\/\/fundacionleitat.org\/ca\/transferencia-tecnologica\/","title":{"rendered":"Transfer\u00e8ncia tecnol\u00f2gica"},"content":{"rendered":"\t\t<div data-elementor-type=\"wp-page\" data-elementor-id=\"2660\" class=\"elementor elementor-2660 elementor-1096\" data-elementor-post-type=\"page\">\n\t\t\t\t<div class=\"elementor-element elementor-element-e53b7fd e-con-full e-flex e-con e-parent\" data-id=\"e53b7fd\" data-element_type=\"container\" data-e-type=\"container\" data-settings=\"{&quot;background_background&quot;:&quot;classic&quot;}\">\n\t\t\t\t<div class=\"elementor-element elementor-element-18d94b6 elementor-widget elementor-widget-text-editor\" data-id=\"18d94b6\" data-element_type=\"widget\" data-e-type=\"widget\" data-widget_type=\"text-editor.default\">\n\t\t\t\t\t\t\t\t\t<span style=\"font-weight: 400;\">TRANSFER\u00c8NCIA TECNOL\u00d2GICA I VALORITZACI\u00d3<\/span> \t\t\t\t\t\t\t\t<\/div>\n\t\t\t\t<div class=\"elementor-element elementor-element-00598ff elementor-widget elementor-widget-heading\" data-id=\"00598ff\" data-element_type=\"widget\" data-e-type=\"widget\" data-widget_type=\"heading.default\">\n\t\t\t\t\t<h1 class=\"elementor-heading-title elementor-size-default\">Transformaci\u00f3 dels aven\u00e7os cient\u00edfics en solucions innovadores<\/h1>\t\t\t\t<\/div>\n\t\t\t\t<\/div>\n\t\t<div class=\"elementor-element elementor-element-f1d3e7e e-flex e-con-boxed e-con e-parent\" data-id=\"f1d3e7e\" data-element_type=\"container\" data-e-type=\"container\">\n\t\t\t\t\t<div class=\"e-con-inner\">\n\t\t<div class=\"elementor-element elementor-element-36899e2 e-con-full e-flex e-con e-child\" data-id=\"36899e2\" data-element_type=\"container\" data-e-type=\"container\" data-settings=\"{&quot;background_background&quot;:&quot;classic&quot;}\">\n\t\t\t\t<\/div>\n\t\t<div class=\"elementor-element elementor-element-c0751e0 e-con-full e-flex e-con e-child\" data-id=\"c0751e0\" data-element_type=\"container\" data-e-type=\"container\">\n\t\t\t\t<div class=\"elementor-element elementor-element-a49436a elementor-invisible elementor-widget elementor-widget-heading\" data-id=\"a49436a\" data-element_type=\"widget\" data-e-type=\"widget\" data-settings=\"{&quot;_animation&quot;:&quot;fadeInUp&quot;}\" data-widget_type=\"heading.default\">\n\t\t\t\t\t<span class=\"elementor-heading-title elementor-size-default\">TRANSFER\u00c8NCIA I VALORITZACI\u00d3<\/span>\t\t\t\t<\/div>\n\t\t\t\t<div class=\"elementor-element elementor-element-d499156 elementor-invisible elementor-widget elementor-widget-text-editor\" data-id=\"d499156\" data-element_type=\"widget\" data-e-type=\"widget\" data-settings=\"{&quot;_animation&quot;:&quot;fadeInUp&quot;}\" data-widget_type=\"text-editor.default\">\n\t\t\t\t\t\t\t\t\t<p>Impulsem <strong>la transfer\u00e8ncia tecnol\u00f2gica i la valoritzaci\u00f3 de projectes estrat\u00e8gics<\/strong> amb un impacte directe a la salut i el benestar social. Amb una metodologia pr\u00f2pia i adaptada a les necessitats de l&#8217;entorn catal\u00e0, facilitem que els aven\u00e7os cient\u00edfics es transformin en solucions innovadores aplicables al mercat i a la societat. <\/p><p>Ens hem consolidat com a referent en el desenvolupament de projectes estrat\u00e8gics en salut i tecnologies m\u00e8diques, connectant la societat, la ind\u00fastria i el coneixement cient\u00edfic per generar aven\u00e7os que marquen una difer\u00e8ncia significativa en la qualitat de vida de les persones.<\/p>\t\t\t\t\t\t\t\t<\/div>\n\t\t\t\t<\/div>\n\t\t\t\t\t<\/div>\n\t\t\t\t<\/div>\n\t\t<div class=\"elementor-element elementor-element-b390565 e-flex e-con-boxed e-con e-parent\" data-id=\"b390565\" data-element_type=\"container\" data-e-type=\"container\">\n\t\t\t\t\t<div class=\"e-con-inner\">\n\t\t<div class=\"elementor-element elementor-element-c16ba92 e-con-full e-flex e-con e-child\" data-id=\"c16ba92\" data-element_type=\"container\" data-e-type=\"container\">\n\t\t\t\t<div class=\"elementor-element elementor-element-9c4149c elementor-invisible elementor-widget elementor-widget-heading\" data-id=\"9c4149c\" data-element_type=\"widget\" data-e-type=\"widget\" data-settings=\"{&quot;_animation&quot;:&quot;fadeInUp&quot;}\" data-widget_type=\"heading.default\">\n\t\t\t\t\t<h2 class=\"elementor-heading-title elementor-size-default\">Projectes estrat\u00e8gics amb impacte directe a la salut i el benestar social<\/h2>\t\t\t\t<\/div>\n\t\t\t\t<\/div>\n\t\t<div class=\"elementor-element elementor-element-4896a34 e-con-full animated-slow e-flex elementor-invisible e-con e-child\" data-id=\"4896a34\" data-element_type=\"container\" data-e-type=\"container\" data-settings=\"{&quot;background_background&quot;:&quot;classic&quot;,&quot;animation&quot;:&quot;fadeInUp&quot;,&quot;animation_delay&quot;:100}\">\n\t\t<div class=\"elementor-element elementor-element-f18e730 e-con-full e-flex e-con e-child\" data-id=\"f18e730\" data-element_type=\"container\" data-e-type=\"container\">\n\t\t\t\t<div class=\"elementor-element elementor-element-297c382 elementor-widget elementor-widget-heading\" data-id=\"297c382\" data-element_type=\"widget\" data-e-type=\"widget\" data-widget_type=\"heading.default\">\n\t\t\t\t\t<p class=\"elementor-heading-title elementor-size-default\">CIMTI<\/p>\t\t\t\t<\/div>\n\t\t\t\t<div class=\"elementor-element elementor-element-0d74cd1 elementor-widget elementor-widget-heading\" data-id=\"0d74cd1\" data-element_type=\"widget\" data-e-type=\"widget\" data-widget_type=\"heading.default\">\n\t\t\t\t\t<p class=\"elementor-heading-title elementor-size-default\">Centre per a la Integraci\u00f3 de la Medicina i les Tecnologies Innovadores<\/p>\t\t\t\t<\/div>\n\t\t\t\t<div class=\"elementor-element elementor-element-96282e6 elementor-widget elementor-widget-image\" data-id=\"96282e6\" data-element_type=\"widget\" data-e-type=\"widget\" data-widget_type=\"image.default\">\n\t\t\t\t\t\t\t\t\t\t\t\t\t\t\t<img fetchpriority=\"high\" decoding=\"async\" width=\"500\" height=\"137\" src=\"https:\/\/fundacionleitat.org\/wp-content\/uploads\/2025\/05\/cimti_logo.png\" class=\"attachment-large size-large wp-image-2468\" alt=\"\" srcset=\"https:\/\/fundacionleitat.org\/wp-content\/uploads\/2025\/05\/cimti_logo.png 500w, https:\/\/fundacionleitat.org\/wp-content\/uploads\/2025\/05\/cimti_logo-300x82.png 300w\" sizes=\"(max-width: 500px) 100vw, 500px\" \/>\t\t\t\t\t\t\t\t\t\t\t\t\t\t\t<\/div>\n\t\t\t\t<div class=\"elementor-element elementor-element-0837a92 elementor-widget elementor-widget-text-editor\" data-id=\"0837a92\" data-element_type=\"widget\" data-e-type=\"widget\" data-widget_type=\"text-editor.default\">\n\t\t\t\t\t\t\t\t\t<p>Iniciativa per millorar l&#8217;\u00edndex de transformaci\u00f3 de la recerca cient\u00edfica en innovaci\u00f3 a nivell sanitari i social. El CIMTI ha estat promogut per la Fundaci\u00f3 Leitat, amb el suport del Departament de Salut de la Generalitat de Catalunya, AQuAS i una alian\u00e7a estrat\u00e8gica amb el CIMIT de Boston. <\/p><p>Adaptaci\u00f3 del Healthcare Innovation Cycle del CIMIT de Boston a una <strong>metodologia pr\u00f2pia<\/strong> que permet acompanyar projectes des de la seva etapa inicial fins a la seva implementaci\u00f3. \u200b<\/p><p><strong>Impacte:<\/strong> Durant m\u00e9s de vuit anys, s&#8217;ha donat suport a m\u00faltiples projectes innovadors, atraient inversions p\u00fabliques i privades, maximitzant el seu impacte social i facilitant la seva internacionalitzaci\u00f3.<\/p>\t\t\t\t\t\t\t\t<\/div>\n\t\t\t\t<\/div>\n\t\t\t\t<div class=\"elementor-element elementor-element-294a939 elementor-align-center elementor-widget elementor-widget-button\" data-id=\"294a939\" data-element_type=\"widget\" data-e-type=\"widget\" data-widget_type=\"button.default\">\n\t\t\t\t\t\t\t\t\t\t<a class=\"elementor-button elementor-button-link elementor-size-sm\" href=\"https:\/\/fundacionleitat.org\/ca\/?page_id=2669\">\n\t\t\t\t\t\t<span class=\"elementor-button-content-wrapper\">\n\t\t\t\t\t\t<span class=\"elementor-button-icon\">\n\t\t\t\t<svg aria-hidden=\"true\" class=\"e-font-icon-svg e-fas-arrow-right\" viewBox=\"0 0 448 512\" xmlns=\"http:\/\/www.w3.org\/2000\/svg\"><path d=\"M190.5 66.9l22.2-22.2c9.4-9.4 24.6-9.4 33.9 0L441 239c9.4 9.4 9.4 24.6 0 33.9L246.6 467.3c-9.4 9.4-24.6 9.4-33.9 0l-22.2-22.2c-9.5-9.5-9.3-25 .4-34.3L311.4 296H24c-13.3 0-24-10.7-24-24v-32c0-13.3 10.7-24 24-24h287.4L190.9 101.2c-9.8-9.3-10-24.8-.4-34.3z\"><\/path><\/svg>\t\t\t<\/span>\n\t\t\t\t\t\t\t\t\t<span class=\"elementor-button-text\">Descobreix-ne m\u00e9s<\/span>\n\t\t\t\t\t<\/span>\n\t\t\t\t\t<\/a>\n\t\t\t\t\t\t\t\t<\/div>\n\t\t\t\t<\/div>\n\t\t<div class=\"elementor-element elementor-element-3fb6d60 e-con-full animated-slow e-flex elementor-invisible e-con e-child\" data-id=\"3fb6d60\" data-element_type=\"container\" data-e-type=\"container\" data-settings=\"{&quot;background_background&quot;:&quot;classic&quot;,&quot;animation&quot;:&quot;fadeInUp&quot;,&quot;animation_delay&quot;:200}\">\n\t\t<div class=\"elementor-element elementor-element-9a13387 e-con-full e-flex e-con e-child\" data-id=\"9a13387\" data-element_type=\"container\" data-e-type=\"container\">\n\t\t\t\t<div class=\"elementor-element elementor-element-0532f08 elementor-widget elementor-widget-heading\" data-id=\"0532f08\" data-element_type=\"widget\" data-e-type=\"widget\" data-widget_type=\"heading.default\">\n\t\t\t\t\t<p class=\"elementor-heading-title elementor-size-default\">HiSS<\/p>\t\t\t\t<\/div>\n\t\t\t\t<div class=\"elementor-element elementor-element-2bdf687 elementor-widget elementor-widget-heading\" data-id=\"2bdf687\" data-element_type=\"widget\" data-e-type=\"widget\" data-widget_type=\"heading.default\">\n\t\t\t\t\t<p class=\"elementor-heading-title elementor-size-default\">Hub d'Innovaci\u00f3 Social i Sanit\u00e0ria<\/p>\t\t\t\t<\/div>\n\t\t\t\t<div class=\"elementor-element elementor-element-177c4b2 elementor-widget elementor-widget-image\" data-id=\"177c4b2\" data-element_type=\"widget\" data-e-type=\"widget\" data-widget_type=\"image.default\">\n\t\t\t\t\t\t\t\t\t\t\t\t\t\t\t<img decoding=\"async\" width=\"300\" height=\"150\" src=\"https:\/\/fundacionleitat.org\/wp-content\/uploads\/2025\/05\/loghiss-footer-1-300x150-1.png\" class=\"attachment-large size-large wp-image-2470\" alt=\"\" \/>\t\t\t\t\t\t\t\t\t\t\t\t\t\t\t<\/div>\n\t\t\t\t<div class=\"elementor-element elementor-element-de1a91e elementor-widget elementor-widget-text-editor\" data-id=\"de1a91e\" data-element_type=\"widget\" data-e-type=\"widget\" data-widget_type=\"text-editor.default\">\n\t\t\t\t\t\t\t\t\t<p>Projecte liderat pel Consorci Sanitari de Terrassa i la Fundaci\u00f3 Joan Costa i Roma dins l&#8217;Estrat\u00e8gia d&#8217;Atenci\u00f3 Integrada del Departament de Salut i Drets Socials.<\/p><p><strong>Objectiu<\/strong>: Impulsar iniciatives innovadores que responguin a reptes socials i sanitaris mitjan\u00e7ant programes com Transforma, que accelera la seva implementaci\u00f3 al sistema catal\u00e0.<\/p><p><strong>Metodologia<\/strong>: Validaci\u00f3 cl\u00ednica en entorns reals, an\u00e0lisi tecnol\u00f2gica, assessorament regulatori i interacci\u00f3 amb inversors.<\/p>\t\t\t\t\t\t\t\t<\/div>\n\t\t\t\t<\/div>\n\t\t\t\t<div class=\"elementor-element elementor-element-4d607f1 elementor-align-center elementor-widget elementor-widget-button\" data-id=\"4d607f1\" data-element_type=\"widget\" data-e-type=\"widget\" data-widget_type=\"button.default\">\n\t\t\t\t\t\t\t\t\t\t<a class=\"elementor-button elementor-button-link elementor-size-sm\" href=\"https:\/\/fundacionleitat.org\/ca\/?page_id=2678\">\n\t\t\t\t\t\t<span class=\"elementor-button-content-wrapper\">\n\t\t\t\t\t\t<span class=\"elementor-button-icon\">\n\t\t\t\t<svg aria-hidden=\"true\" class=\"e-font-icon-svg e-fas-arrow-right\" viewBox=\"0 0 448 512\" xmlns=\"http:\/\/www.w3.org\/2000\/svg\"><path d=\"M190.5 66.9l22.2-22.2c9.4-9.4 24.6-9.4 33.9 0L441 239c9.4 9.4 9.4 24.6 0 33.9L246.6 467.3c-9.4 9.4-24.6 9.4-33.9 0l-22.2-22.2c-9.5-9.5-9.3-25 .4-34.3L311.4 296H24c-13.3 0-24-10.7-24-24v-32c0-13.3 10.7-24 24-24h287.4L190.9 101.2c-9.8-9.3-10-24.8-.4-34.3z\"><\/path><\/svg>\t\t\t<\/span>\n\t\t\t\t\t\t\t\t\t<span class=\"elementor-button-text\">Descobreix-ne m\u00e9s<\/span>\n\t\t\t\t\t<\/span>\n\t\t\t\t\t<\/a>\n\t\t\t\t\t\t\t\t<\/div>\n\t\t\t\t<\/div>\n\t\t<div class=\"elementor-element elementor-element-1b85c7c e-con-full animated-slow e-flex elementor-invisible e-con e-child\" data-id=\"1b85c7c\" data-element_type=\"container\" data-e-type=\"container\" data-settings=\"{&quot;background_background&quot;:&quot;classic&quot;,&quot;animation&quot;:&quot;fadeInUp&quot;,&quot;animation_delay&quot;:300}\">\n\t\t<div class=\"elementor-element elementor-element-1c91670 e-con-full e-flex e-con e-child\" data-id=\"1c91670\" data-element_type=\"container\" data-e-type=\"container\">\n\t\t\t\t<div class=\"elementor-element elementor-element-761adb9 elementor-widget elementor-widget-heading\" data-id=\"761adb9\" data-element_type=\"widget\" data-e-type=\"widget\" data-widget_type=\"heading.default\">\n\t\t\t\t\t<p class=\"elementor-heading-title elementor-size-default\">Health Care Innovation Lab<\/p>\t\t\t\t<\/div>\n\t\t\t\t<div class=\"elementor-element elementor-element-8ee81a6 elementor-widget elementor-widget-heading\" data-id=\"8ee81a6\" data-element_type=\"widget\" data-e-type=\"widget\" data-widget_type=\"heading.default\">\n\t\t\t\t\t<p class=\"elementor-heading-title elementor-size-default\">Living Lab Salut Terrassa<\/p>\t\t\t\t<\/div>\n\t\t\t\t<div class=\"elementor-element elementor-element-9d25e1b elementor-widget elementor-widget-image\" data-id=\"9d25e1b\" data-element_type=\"widget\" data-e-type=\"widget\" data-widget_type=\"image.default\">\n\t\t\t\t\t\t\t\t\t\t\t\t\t\t\t<img decoding=\"async\" width=\"589\" height=\"144\" src=\"https:\/\/fundacionleitat.org\/wp-content\/uploads\/2025\/05\/image003.png\" class=\"attachment-large size-large wp-image-2472\" alt=\"\" srcset=\"https:\/\/fundacionleitat.org\/wp-content\/uploads\/2025\/05\/image003.png 589w, https:\/\/fundacionleitat.org\/wp-content\/uploads\/2025\/05\/image003-300x73.png 300w\" sizes=\"(max-width: 589px) 100vw, 589px\" \/>\t\t\t\t\t\t\t\t\t\t\t\t\t\t\t<\/div>\n\t\t\t\t<div class=\"elementor-element elementor-element-12e5dbd elementor-widget elementor-widget-text-editor\" data-id=\"12e5dbd\" data-element_type=\"widget\" data-e-type=\"widget\" data-widget_type=\"text-editor.default\">\n\t\t\t\t\t\t\t\t\t<p>Projecte coordinat per l&#8217;Ajuntament de Terrassa i cofinan\u00e7at pel Programa Operatiu FEDER de Catalunya 2014-2020 (50%) i per la Diputaci\u00f3 de Barcelona (25%).<\/p><p><strong>Objectiu<\/strong>: Impulsar projectes en un espai tecnol\u00f2gic enfocat al sector salut per a la investigaci\u00f3 i validaci\u00f3 de productes i serveis.<\/p><p><strong>Metodologia<\/strong>: Simulaci\u00f3 de situacions quotidianes, on es desenvolupen proves pilot i prototips destinats a millorar la salut i qualitat de vida de la poblaci\u00f3.<\/p>\t\t\t\t\t\t\t\t<\/div>\n\t\t\t\t<\/div>\n\t\t\t\t<div class=\"elementor-element elementor-element-cd88304 elementor-align-center elementor-widget elementor-widget-button\" data-id=\"cd88304\" data-element_type=\"widget\" data-e-type=\"widget\" data-widget_type=\"button.default\">\n\t\t\t\t\t\t\t\t\t\t<a class=\"elementor-button elementor-button-link elementor-size-sm\" href=\"https:\/\/fundacionleitat.org\/proyectos\/healthcare-innovation-lab\/\">\n\t\t\t\t\t\t<span class=\"elementor-button-content-wrapper\">\n\t\t\t\t\t\t<span class=\"elementor-button-icon\">\n\t\t\t\t<svg aria-hidden=\"true\" class=\"e-font-icon-svg e-fas-arrow-right\" viewBox=\"0 0 448 512\" xmlns=\"http:\/\/www.w3.org\/2000\/svg\"><path d=\"M190.5 66.9l22.2-22.2c9.4-9.4 24.6-9.4 33.9 0L441 239c9.4 9.4 9.4 24.6 0 33.9L246.6 467.3c-9.4 9.4-24.6 9.4-33.9 0l-22.2-22.2c-9.5-9.5-9.3-25 .4-34.3L311.4 296H24c-13.3 0-24-10.7-24-24v-32c0-13.3 10.7-24 24-24h287.4L190.9 101.2c-9.8-9.3-10-24.8-.4-34.3z\"><\/path><\/svg>\t\t\t<\/span>\n\t\t\t\t\t\t\t\t\t<span class=\"elementor-button-text\">Descobreix-ne m\u00e9s<\/span>\n\t\t\t\t\t<\/span>\n\t\t\t\t\t<\/a>\n\t\t\t\t\t\t\t\t<\/div>\n\t\t\t\t<\/div>\n\t\t\t\t\t<\/div>\n\t\t\t\t<\/div>\n\t\t<div class=\"elementor-element elementor-element-93d7bb3 e-con-full e-flex e-con e-parent\" data-id=\"93d7bb3\" data-element_type=\"container\" data-e-type=\"container\">\n\t\t\t\t<div class=\"elementor-element elementor-element-3decee1 elementor-widget elementor-widget-template\" data-id=\"3decee1\" data-element_type=\"widget\" data-e-type=\"widget\" data-widget_type=\"template.default\">\n\t\t\t\t<div class=\"elementor-widget-container\">\n\t\t\t\t\t\t\t<div class=\"elementor-template\">\n\t\t\t\t\t<div data-elementor-type=\"container\" data-elementor-id=\"2820\" class=\"elementor elementor-2820 elementor-1765 elementor-1765\" data-elementor-post-type=\"elementor_library\">\n\t\t\t\t<div class=\"elementor-element elementor-element-72aef7ba e-con-full e-flex e-con e-parent\" data-id=\"72aef7ba\" data-element_type=\"container\" data-e-type=\"container\" data-settings=\"{&quot;background_background&quot;:&quot;classic&quot;}\">\n\t\t\t\t<div class=\"elementor-element elementor-element-30d9a4f6 elementor-widget elementor-widget-text-editor\" data-id=\"30d9a4f6\" data-element_type=\"widget\" data-e-type=\"widget\" data-widget_type=\"text-editor.default\">\n\t\t\t\t\t\t\t\t\t<span style=\"font-weight: 400;\">CONTACTA AMB NOSALTRES<\/span> \t\t\t\t\t\t\t\t<\/div>\n\t\t\t\t<div class=\"elementor-element elementor-element-69304fd3 elementor-widget elementor-widget-heading\" data-id=\"69304fd3\" data-element_type=\"widget\" data-e-type=\"widget\" data-widget_type=\"heading.default\">\n\t\t\t\t\t<span class=\"elementor-heading-title elementor-size-default\">Transforma les teves idees en projectes d'innovaci\u00f3<\/span>\t\t\t\t<\/div>\n\t\t\t\t<div class=\"elementor-element elementor-element-7ed34153 elementor-widget elementor-widget-text-editor\" data-id=\"7ed34153\" data-element_type=\"widget\" data-e-type=\"widget\" data-widget_type=\"text-editor.default\">\n\t\t\t\t\t\t\t\t\t<p><span style=\"font-weight: 400;\">Contacta&#8217;ns per explorar com podem col\u00b7laborar<\/span><\/p>\t\t\t\t\t\t\t\t<\/div>\n\t\t\t\t<\/div>\n\t\t\t\t<\/div>\n\t\t\t\t<\/div>\n\t\t\t\t\t\t<\/div>\n\t\t\t\t<\/div>\n\t\t\t\t<\/div>\n\t\t\t\t<\/div>\n\t\t","protected":false},"excerpt":{"rendered":"<p>TRANSFER\u00c8NCIA TECNOL\u00d2GICA I VALORITZACI\u00d3 Transformaci\u00f3 dels aven\u00e7os cient\u00edfics en solucions innovadores TRANSFER\u00c8NCIA I VALORITZACI\u00d3 Impulsem la transfer\u00e8ncia tecnol\u00f2gica i la [&hellip;]<\/p>\n","protected":false},"author":1,"featured_media":0,"parent":0,"menu_order":0,"comment_status":"closed","ping_status":"closed","template":"elementor_header_footer","meta":{"_acf_changed":false,"site-sidebar-layout":"no-sidebar","site-content-layout":"","ast-site-content-layout":"full-width-container","site-content-style":"default","site-sidebar-style":"default","ast-global-header-display":"","ast-banner-title-visibility":"","ast-main-header-display":"","ast-hfb-above-header-display":"","ast-hfb-below-header-display":"","ast-hfb-mobile-header-display":"","site-post-title":"disabled","ast-breadcrumbs-content":"","ast-featured-img":"disabled","footer-sml-layout":"","ast-disable-related-posts":"","theme-transparent-header-meta":"","adv-header-id-meta":"","stick-header-meta":"","header-above-stick-meta":"","header-main-stick-meta":"","header-below-stick-meta":"","astra-migrate-meta-layouts":"default","ast-page-background-enabled":"default","ast-page-background-meta":{"desktop":{"background-color":"var(--ast-global-color-4)","background-image":"","background-repeat":"repeat","background-position":"center center","background-size":"auto","background-attachment":"scroll","background-type":"","background-media":"","overlay-type":"","overlay-color":"","overlay-opacity":"","overlay-gradient":""},"tablet":{"background-color":"","background-image":"","background-repeat":"repeat","background-position":"center center","background-size":"auto","background-attachment":"scroll","background-type":"","background-media":"","overlay-type":"","overlay-color":"","overlay-opacity":"","overlay-gradient":""},"mobile":{"background-color":"","background-image":"","background-repeat":"repeat","background-position":"center center","background-size":"auto","background-attachment":"scroll","background-type":"","background-media":"","overlay-type":"","overlay-color":"","overlay-opacity":"","overlay-gradient":""}},"ast-content-background-meta":{"desktop":{"background-color":"var(--ast-global-color-5)","background-image":"","background-repeat":"repeat","background-position":"center center","background-size":"auto","background-attachment":"scroll","background-type":"","background-media":"","overlay-type":"","overlay-color":"","overlay-opacity":"","overlay-gradient":""},"tablet":{"background-color":"var(--ast-global-color-5)","background-image":"","background-repeat":"repeat","background-position":"center center","background-size":"auto","background-attachment":"scroll","background-type":"","background-media":"","overlay-type":"","overlay-color":"","overlay-opacity":"","overlay-gradient":""},"mobile":{"background-color":"var(--ast-global-color-5)","background-image":"","background-repeat":"repeat","background-position":"center center","background-size":"auto","background-attachment":"scroll","background-type":"","background-media":"","overlay-type":"","overlay-color":"","overlay-opacity":"","overlay-gradient":""}},"footnotes":""},"class_list":["post-2660","page","type-page","status-publish","hentry"],"acf":[],"_links":{"self":[{"href":"https:\/\/fundacionleitat.org\/ca\/wp-json\/wp\/v2\/pages\/2660","targetHints":{"allow":["GET"]}}],"collection":[{"href":"https:\/\/fundacionleitat.org\/ca\/wp-json\/wp\/v2\/pages"}],"about":[{"href":"https:\/\/fundacionleitat.org\/ca\/wp-json\/wp\/v2\/types\/page"}],"author":[{"embeddable":true,"href":"https:\/\/fundacionleitat.org\/ca\/wp-json\/wp\/v2\/users\/1"}],"replies":[{"embeddable":true,"href":"https:\/\/fundacionleitat.org\/ca\/wp-json\/wp\/v2\/comments?post=2660"}],"version-history":[{"count":4,"href":"https:\/\/fundacionleitat.org\/ca\/wp-json\/wp\/v2\/pages\/2660\/revisions"}],"predecessor-version":[{"id":2798,"href":"https:\/\/fundacionleitat.org\/ca\/wp-json\/wp\/v2\/pages\/2660\/revisions\/2798"}],"wp:attachment":[{"href":"https:\/\/fundacionleitat.org\/ca\/wp-json\/wp\/v2\/media?parent=2660"}],"curies":[{"name":"wp","href":"https:\/\/api.w.org\/{rel}","templated":true}]}}