{"id":2678,"date":"2025-05-07T10:59:58","date_gmt":"2025-05-07T10:59:58","guid":{"rendered":"https:\/\/fundacionleitat.org\/projectes\/hiss\/"},"modified":"2025-07-28T10:44:14","modified_gmt":"2025-07-28T10:44:14","slug":"hiss","status":"publish","type":"page","link":"https:\/\/fundacionleitat.org\/ca\/projectes\/hiss\/","title":{"rendered":"HISS"},"content":{"rendered":"\t\t<div data-elementor-type=\"wp-page\" data-elementor-id=\"2678\" class=\"elementor elementor-2678 elementor-1346\" data-elementor-post-type=\"page\">\n\t\t\t\t<div class=\"elementor-element elementor-element-3b3f1b4 e-con-full e-flex e-con e-parent\" data-id=\"3b3f1b4\" data-element_type=\"container\" data-e-type=\"container\" data-settings=\"{&quot;background_background&quot;:&quot;classic&quot;}\">\n\t\t\t\t<div class=\"elementor-element elementor-element-e2da7a3 elementor-widget elementor-widget-image\" data-id=\"e2da7a3\" data-element_type=\"widget\" data-e-type=\"widget\" data-widget_type=\"image.default\">\n\t\t\t\t\t\t\t\t\t\t\t\t\t\t\t<img decoding=\"async\" width=\"300\" height=\"150\" src=\"https:\/\/fundacionleitat.org\/wp-content\/uploads\/2025\/05\/loghiss-footer-1-300x150-1.png\" class=\"attachment-large size-large wp-image-2470\" alt=\"\" \/>\t\t\t\t\t\t\t\t\t\t\t\t\t\t\t<\/div>\n\t\t\t\t<\/div>\n\t\t<div class=\"elementor-element elementor-element-d2916ac e-flex e-con-boxed e-con e-parent\" data-id=\"d2916ac\" data-element_type=\"container\" data-e-type=\"container\">\n\t\t\t\t\t<div class=\"e-con-inner\">\n\t\t\t\t<div class=\"elementor-element elementor-element-427cf81 elementor-invisible elementor-widget elementor-widget-heading\" data-id=\"427cf81\" data-element_type=\"widget\" data-e-type=\"widget\" data-settings=\"{&quot;_animation&quot;:&quot;fadeInUp&quot;}\" data-widget_type=\"heading.default\">\n\t\t\t\t\t<h2 class=\"elementor-heading-title elementor-size-default\">Impulsant la innovaci\u00f3 social i sanit\u00e0ria a Catalunya<\/h2>\t\t\t\t<\/div>\n\t\t\t\t<div class=\"elementor-element elementor-element-0c00dda elementor-invisible elementor-widget elementor-widget-text-editor\" data-id=\"0c00dda\" data-element_type=\"widget\" data-e-type=\"widget\" data-settings=\"{&quot;_animation&quot;:&quot;fadeInUp&quot;}\" data-widget_type=\"text-editor.default\">\n\t\t\t\t\t\t\t\t\t<p>El Hub d&#8217;Innovaci\u00f3 Social i Sanit\u00e0ria (HiSS) \u00e9s una iniciativa conjunta del Consorci Sanitari de Terrassa i de la Fundaci\u00f3 Joan Costa i Roma, emmarcada a l&#8217;Estrat\u00e8gia d&#8217;Atenci\u00f3 Integrada del Departament de Salut i Drets Socials, i amb la col\u00b7laboraci\u00f3 de la futura Ag\u00e8ncia d&#8217;Atenci\u00f3 Integrada Social i Sanit\u00e0ria de Catalunya.<\/p><p>L&#8217;objectiu \u00e9s clar: impulsar projectes innovadors que responguin als reptes reals de la ciutadania i millorin la qualitat de vida de les persones. A trav\u00e9s del Programa Transforma, oferim suport personalitzat per accelerar la maduraci\u00f3 i implementaci\u00f3 d&#8217;aquests projectes al sistema sanitari i social catal\u00e0.<\/p><p>HiSS maximitza l&#8217;efici\u00e8ncia i l&#8217;\u00e8xit dels projectes aplicant la metodologia Healthcare Innovation Cycle del CIMIT de Boston, adaptada a Catalunya pel CIMTI i la Fundaci\u00f3 Leitat. A m\u00e9s, facilitem la validaci\u00f3 en entorns reals i amb usuaris finals, gr\u00e0cies a l&#8217;experi\u00e8ncia del Healthcare Living Lab Catalonia, i proporcionem serveis de suport i seguiment individualitzat, amb formaci\u00f3 i sessions de treball amb experts.<\/p><p>Des de la Fundaci\u00f3 Leitat, acompanyem els projectes en totes les fases clau: validaci\u00f3 cl\u00ednica, assessoria tecnol\u00f2gica, an\u00e0lisi de compet\u00e8ncia i models de negoci, protecci\u00f3 de la propietat intel\u00b7lectual, regulaci\u00f3, comunicaci\u00f3 i connexi\u00f3 amb inversors. Aix\u00ed, contribu\u00efm que les millors idees es converteixin en solucions reals per a la societat.<\/p>\t\t\t\t\t\t\t\t<\/div>\n\t\t\t\t<div class=\"elementor-element elementor-element-7b27095 elementor-widget elementor-widget-gallery\" data-id=\"7b27095\" data-element_type=\"widget\" data-e-type=\"widget\" data-settings=\"{&quot;columns&quot;:3,&quot;image_hover_animation&quot;:&quot;grow&quot;,&quot;lazyload&quot;:&quot;yes&quot;,&quot;gallery_layout&quot;:&quot;grid&quot;,&quot;columns_tablet&quot;:2,&quot;columns_mobile&quot;:1,&quot;gap&quot;:{&quot;unit&quot;:&quot;px&quot;,&quot;size&quot;:10,&quot;sizes&quot;:[]},&quot;gap_tablet&quot;:{&quot;unit&quot;:&quot;px&quot;,&quot;size&quot;:10,&quot;sizes&quot;:[]},&quot;gap_mobile&quot;:{&quot;unit&quot;:&quot;px&quot;,&quot;size&quot;:10,&quot;sizes&quot;:[]},&quot;link_to&quot;:&quot;file&quot;,&quot;aspect_ratio&quot;:&quot;3:2&quot;,&quot;overlay_background&quot;:&quot;yes&quot;,&quot;content_hover_animation&quot;:&quot;fade-in&quot;}\" data-widget_type=\"gallery.default\">\n\t\t\t\t\t\t\t<div class=\"elementor-gallery__container\">\n\t\t\t\t\t\t\t<a class=\"e-gallery-item elementor-gallery-item elementor-animated-content\" href=\"https:\/\/fundacionleitat.org\/wp-content\/uploads\/2025\/05\/IMG_20250204_101750-scaled.jpg\" data-elementor-open-lightbox=\"yes\" data-elementor-lightbox-slideshow=\"7b27095\" data-e-action-hash=\"#elementor-action%3Aaction%3Dlightbox%26settings%3DeyJpZCI6MTgyOSwidXJsIjoiaHR0cHM6XC9cL2Z1bmRhY2lvbmxlaXRhdC5vcmdcL3dwLWNvbnRlbnRcL3VwbG9hZHNcLzIwMjVcLzA1XC9JTUdfMjAyNTAyMDRfMTAxNzUwLXNjYWxlZC5qcGciLCJzbGlkZXNob3ciOiI3YjI3MDk1In0%3D\">\n\t\t\t\t\t<div class=\"e-gallery-image elementor-gallery-item__image\" data-thumbnail=\"https:\/\/fundacionleitat.org\/wp-content\/uploads\/2025\/05\/IMG_20250204_101750-2048x920.jpg\" data-width=\"2048\" data-height=\"920\" aria-label=\"Proyecto hiss galer\u00eda\" role=\"img\" ><\/div>\n\t\t\t\t\t\t\t\t\t\t\t<div class=\"elementor-gallery-item__overlay\"><\/div>\n\t\t\t\t\t\t\t\t\t\t\t\t\t\t<\/a>\n\t\t\t\t\t\t\t<a class=\"e-gallery-item elementor-gallery-item elementor-animated-content\" href=\"https:\/\/fundacionleitat.org\/wp-content\/uploads\/2025\/05\/20250410_113642-scaled.jpg\" data-elementor-open-lightbox=\"yes\" data-elementor-lightbox-slideshow=\"7b27095\" data-e-action-hash=\"#elementor-action%3Aaction%3Dlightbox%26settings%3DeyJpZCI6MTgyOCwidXJsIjoiaHR0cHM6XC9cL2Z1bmRhY2lvbmxlaXRhdC5vcmdcL3dwLWNvbnRlbnRcL3VwbG9hZHNcLzIwMjVcLzA1XC8yMDI1MDQxMF8xMTM2NDItc2NhbGVkLmpwZyIsInNsaWRlc2hvdyI6IjdiMjcwOTUifQ%3D%3D\">\n\t\t\t\t\t<div class=\"e-gallery-image elementor-gallery-item__image\" data-thumbnail=\"https:\/\/fundacionleitat.org\/wp-content\/uploads\/2025\/05\/20250410_113642-2048x1152.jpg\" data-width=\"2048\" data-height=\"1152\" aria-label=\"\" role=\"img\" ><\/div>\n\t\t\t\t\t\t\t\t\t\t\t<div class=\"elementor-gallery-item__overlay\"><\/div>\n\t\t\t\t\t\t\t\t\t\t\t\t\t\t<\/a>\n\t\t\t\t\t\t\t<a class=\"e-gallery-item elementor-gallery-item elementor-animated-content\" href=\"https:\/\/fundacionleitat.org\/wp-content\/uploads\/2025\/06\/pres2acrida.jpg\" data-elementor-open-lightbox=\"yes\" data-elementor-lightbox-slideshow=\"7b27095\" data-e-action-hash=\"#elementor-action%3Aaction%3Dlightbox%26settings%3DeyJpZCI6MTk0OSwidXJsIjoiaHR0cHM6XC9cL2Z1bmRhY2lvbmxlaXRhdC5vcmdcL3dwLWNvbnRlbnRcL3VwbG9hZHNcLzIwMjVcLzA2XC9wcmVzMmFjcmlkYS5qcGciLCJzbGlkZXNob3ciOiI3YjI3MDk1In0%3D\">\n\t\t\t\t\t<div class=\"e-gallery-image elementor-gallery-item__image\" data-thumbnail=\"https:\/\/fundacionleitat.org\/wp-content\/uploads\/2025\/06\/pres2acrida.jpg\" data-width=\"1273\" data-height=\"686\" aria-label=\"\" role=\"img\" ><\/div>\n\t\t\t\t\t\t\t\t\t\t\t<div class=\"elementor-gallery-item__overlay\"><\/div>\n\t\t\t\t\t\t\t\t\t\t\t\t\t\t<\/a>\n\t\t\t\t\t<\/div>\n\t\t\t\t\t<\/div>\n\t\t\t\t<div class=\"elementor-element elementor-element-97df269 elementor-widget__width-inherit elementor-invisible elementor-widget elementor-widget-heading\" data-id=\"97df269\" data-element_type=\"widget\" data-e-type=\"widget\" data-settings=\"{&quot;_animation&quot;:&quot;fadeInUp&quot;}\" data-widget_type=\"heading.default\">\n\t\t\t\t\t<h3 class=\"elementor-heading-title elementor-size-default\">Projecte liderat per:<\/h3>\t\t\t\t<\/div>\n\t\t\t\t<div class=\"elementor-element elementor-element-b71b1f2 elementor-widget elementor-widget-image\" data-id=\"b71b1f2\" data-element_type=\"widget\" data-e-type=\"widget\" data-widget_type=\"image.default\">\n\t\t\t\t\t\t\t\t\t\t\t\t\t\t\t<img fetchpriority=\"high\" decoding=\"async\" width=\"1024\" height=\"118\" src=\"https:\/\/fundacionleitat.org\/wp-content\/uploads\/2025\/05\/hisspng-1024x118.png\" class=\"attachment-large size-large wp-image-2458\" alt=\"\" srcset=\"https:\/\/fundacionleitat.org\/wp-content\/uploads\/2025\/05\/hisspng-1024x118.png 1024w, https:\/\/fundacionleitat.org\/wp-content\/uploads\/2025\/05\/hisspng-300x35.png 300w, https:\/\/fundacionleitat.org\/wp-content\/uploads\/2025\/05\/hisspng-768x88.png 768w, https:\/\/fundacionleitat.org\/wp-content\/uploads\/2025\/05\/hisspng.png 1373w\" sizes=\"(max-width: 1024px) 100vw, 1024px\" \/>\t\t\t\t\t\t\t\t\t\t\t\t\t\t\t<\/div>\n\t\t\t\t\t<\/div>\n\t\t\t\t<\/div>\n\t\t<div class=\"elementor-element elementor-element-8ba9da3 e-con-full e-flex e-con e-parent\" data-id=\"8ba9da3\" data-element_type=\"container\" data-e-type=\"container\">\n\t\t\t\t<div class=\"elementor-element elementor-element-f4bd3f6 elementor-widget elementor-widget-template\" data-id=\"f4bd3f6\" data-element_type=\"widget\" data-e-type=\"widget\" data-widget_type=\"template.default\">\n\t\t\t\t<div class=\"elementor-widget-container\">\n\t\t\t\t\t\t\t<div class=\"elementor-template\">\n\t\t\t\t\t<div data-elementor-type=\"container\" data-elementor-id=\"2820\" class=\"elementor elementor-2820 elementor-1765 elementor-1765\" data-elementor-post-type=\"elementor_library\">\n\t\t\t\t<div class=\"elementor-element elementor-element-72aef7ba e-con-full e-flex e-con e-parent\" data-id=\"72aef7ba\" data-element_type=\"container\" data-e-type=\"container\" data-settings=\"{&quot;background_background&quot;:&quot;classic&quot;}\">\n\t\t\t\t<div class=\"elementor-element elementor-element-30d9a4f6 elementor-widget elementor-widget-text-editor\" data-id=\"30d9a4f6\" data-element_type=\"widget\" data-e-type=\"widget\" data-widget_type=\"text-editor.default\">\n\t\t\t\t\t\t\t\t\t<span style=\"font-weight: 400;\">CONTACTA AMB NOSALTRES<\/span> \t\t\t\t\t\t\t\t<\/div>\n\t\t\t\t<div class=\"elementor-element elementor-element-69304fd3 elementor-widget elementor-widget-heading\" data-id=\"69304fd3\" data-element_type=\"widget\" data-e-type=\"widget\" data-widget_type=\"heading.default\">\n\t\t\t\t\t<span class=\"elementor-heading-title elementor-size-default\">Transforma les teves idees en projectes d'innovaci\u00f3<\/span>\t\t\t\t<\/div>\n\t\t\t\t<div class=\"elementor-element elementor-element-7ed34153 elementor-widget elementor-widget-text-editor\" data-id=\"7ed34153\" data-element_type=\"widget\" data-e-type=\"widget\" data-widget_type=\"text-editor.default\">\n\t\t\t\t\t\t\t\t\t<p><span style=\"font-weight: 400;\">Contacta&#8217;ns per explorar com podem col\u00b7laborar<\/span><\/p>\t\t\t\t\t\t\t\t<\/div>\n\t\t\t\t<\/div>\n\t\t\t\t<\/div>\n\t\t\t\t<\/div>\n\t\t\t\t\t\t<\/div>\n\t\t\t\t<\/div>\n\t\t\t\t<\/div>\n\t\t\t\t<\/div>\n\t\t","protected":false},"excerpt":{"rendered":"<p>Impulsant la innovaci\u00f3 social i sanit\u00e0ria a Catalunya El Hub d&#8217;Innovaci\u00f3 Social i Sanit\u00e0ria (HiSS) \u00e9s una iniciativa conjunta del [&hellip;]<\/p>\n","protected":false},"author":1,"featured_media":0,"parent":2623,"menu_order":0,"comment_status":"closed","ping_status":"closed","template":"elementor_header_footer","meta":{"_acf_changed":false,"site-sidebar-layout":"no-sidebar","site-content-layout":"","ast-site-content-layout":"full-width-container","site-content-style":"default","site-sidebar-style":"default","ast-global-header-display":"","ast-banner-title-visibility":"","ast-main-header-display":"","ast-hfb-above-header-display":"","ast-hfb-below-header-display":"","ast-hfb-mobile-header-display":"","site-post-title":"disabled","ast-breadcrumbs-content":"","ast-featured-img":"disabled","footer-sml-layout":"","ast-disable-related-posts":"","theme-transparent-header-meta":"","adv-header-id-meta":"","stick-header-meta":"","header-above-stick-meta":"","header-main-stick-meta":"","header-below-stick-meta":"","astra-migrate-meta-layouts":"default","ast-page-background-enabled":"default","ast-page-background-meta":{"desktop":{"background-color":"var(--ast-global-color-4)","background-image":"","background-repeat":"repeat","background-position":"center center","background-size":"auto","background-attachment":"scroll","background-type":"","background-media":"","overlay-type":"","overlay-color":"","overlay-opacity":"","overlay-gradient":""},"tablet":{"background-color":"","background-image":"","background-repeat":"repeat","background-position":"center center","background-size":"auto","background-attachment":"scroll","background-type":"","background-media":"","overlay-type":"","overlay-color":"","overlay-opacity":"","overlay-gradient":""},"mobile":{"background-color":"","background-image":"","background-repeat":"repeat","background-position":"center center","background-size":"auto","background-attachment":"scroll","background-type":"","background-media":"","overlay-type":"","overlay-color":"","overlay-opacity":"","overlay-gradient":""}},"ast-content-background-meta":{"desktop":{"background-color":"var(--ast-global-color-5)","background-image":"","background-repeat":"repeat","background-position":"center center","background-size":"auto","background-attachment":"scroll","background-type":"","background-media":"","overlay-type":"","overlay-color":"","overlay-opacity":"","overlay-gradient":""},"tablet":{"background-color":"var(--ast-global-color-5)","background-image":"","background-repeat":"repeat","background-position":"center center","background-size":"auto","background-attachment":"scroll","background-type":"","background-media":"","overlay-type":"","overlay-color":"","overlay-opacity":"","overlay-gradient":""},"mobile":{"background-color":"var(--ast-global-color-5)","background-image":"","background-repeat":"repeat","background-position":"center center","background-size":"auto","background-attachment":"scroll","background-type":"","background-media":"","overlay-type":"","overlay-color":"","overlay-opacity":"","overlay-gradient":""}},"footnotes":""},"class_list":["post-2678","page","type-page","status-publish","hentry"],"acf":[],"_links":{"self":[{"href":"https:\/\/fundacionleitat.org\/ca\/wp-json\/wp\/v2\/pages\/2678","targetHints":{"allow":["GET"]}}],"collection":[{"href":"https:\/\/fundacionleitat.org\/ca\/wp-json\/wp\/v2\/pages"}],"about":[{"href":"https:\/\/fundacionleitat.org\/ca\/wp-json\/wp\/v2\/types\/page"}],"author":[{"embeddable":true,"href":"https:\/\/fundacionleitat.org\/ca\/wp-json\/wp\/v2\/users\/1"}],"replies":[{"embeddable":true,"href":"https:\/\/fundacionleitat.org\/ca\/wp-json\/wp\/v2\/comments?post=2678"}],"version-history":[{"count":4,"href":"https:\/\/fundacionleitat.org\/ca\/wp-json\/wp\/v2\/pages\/2678\/revisions"}],"predecessor-version":[{"id":2785,"href":"https:\/\/fundacionleitat.org\/ca\/wp-json\/wp\/v2\/pages\/2678\/revisions\/2785"}],"up":[{"embeddable":true,"href":"https:\/\/fundacionleitat.org\/ca\/wp-json\/wp\/v2\/pages\/2623"}],"wp:attachment":[{"href":"https:\/\/fundacionleitat.org\/ca\/wp-json\/wp\/v2\/media?parent=2678"}],"curies":[{"name":"wp","href":"https:\/\/api.w.org\/{rel}","templated":true}]}}