{"id":2689,"date":"2025-05-06T20:48:07","date_gmt":"2025-05-06T20:48:07","guid":{"rendered":"https:\/\/fundacionleitat.org\/altres-projectes\/"},"modified":"2025-07-31T20:51:08","modified_gmt":"2025-07-31T20:51:08","slug":"altres-projectes","status":"publish","type":"page","link":"https:\/\/fundacionleitat.org\/ca\/altres-projectes\/","title":{"rendered":"Altres projectes"},"content":{"rendered":"\t\t<div data-elementor-type=\"wp-page\" data-elementor-id=\"2689\" class=\"elementor elementor-2689 elementor-1238\" data-elementor-post-type=\"page\">\n\t\t\t\t<div class=\"elementor-element elementor-element-d702158 e-con-full e-flex e-con e-parent\" data-id=\"d702158\" data-element_type=\"container\" data-e-type=\"container\" data-settings=\"{&quot;background_background&quot;:&quot;classic&quot;}\">\n\t\t\t\t<div class=\"elementor-element elementor-element-4647aa1 elementor-widget elementor-widget-heading\" data-id=\"4647aa1\" data-element_type=\"widget\" data-e-type=\"widget\" data-widget_type=\"heading.default\">\n\t\t\t\t\t<h1 class=\"elementor-heading-title elementor-size-default\">Altres projectes<\/h1>\t\t\t\t<\/div>\n\t\t\t\t<\/div>\n\t\t<div class=\"elementor-element elementor-element-1eb200d e-flex e-con-boxed e-con e-parent\" data-id=\"1eb200d\" data-element_type=\"container\" data-e-type=\"container\" id=\"healthcare-living-lab\">\n\t\t\t\t\t<div class=\"e-con-inner\">\n\t\t<div class=\"elementor-element elementor-element-d3a91b6 e-con-full e-flex e-con e-child\" data-id=\"d3a91b6\" data-element_type=\"container\" data-e-type=\"container\">\n\t\t\t\t<div class=\"elementor-element elementor-element-9527a0a elementor-widget elementor-widget-image\" data-id=\"9527a0a\" data-element_type=\"widget\" data-e-type=\"widget\" data-widget_type=\"image.default\">\n\t\t\t\t\t\t\t\t\t\t\t\t\t\t\t<img fetchpriority=\"high\" decoding=\"async\" width=\"1024\" height=\"725\" src=\"https:\/\/fundacionleitat.org\/wp-content\/uploads\/2025\/05\/Logo_HLLC-1-1024x725.jpg\" class=\"attachment-large size-large wp-image-2536\" alt=\"\" srcset=\"https:\/\/fundacionleitat.org\/wp-content\/uploads\/2025\/05\/Logo_HLLC-1-1024x725.jpg 1024w, https:\/\/fundacionleitat.org\/wp-content\/uploads\/2025\/05\/Logo_HLLC-1-300x212.jpg 300w, https:\/\/fundacionleitat.org\/wp-content\/uploads\/2025\/05\/Logo_HLLC-1-768x544.jpg 768w, https:\/\/fundacionleitat.org\/wp-content\/uploads\/2025\/05\/Logo_HLLC-1-1536x1088.jpg 1536w, https:\/\/fundacionleitat.org\/wp-content\/uploads\/2025\/05\/Logo_HLLC-1.jpg 1960w\" sizes=\"(max-width: 1024px) 100vw, 1024px\" \/>\t\t\t\t\t\t\t\t\t\t\t\t\t\t\t<\/div>\n\t\t\t\t<\/div>\n\t\t<div class=\"elementor-element elementor-element-81b2b3f e-con-full text-toggle-container e-flex e-con e-child\" data-id=\"81b2b3f\" data-element_type=\"container\" data-e-type=\"container\">\n\t\t\t\t<div class=\"elementor-element elementor-element-35c1483 elementor-invisible elementor-widget elementor-widget-heading\" data-id=\"35c1483\" data-element_type=\"widget\" data-e-type=\"widget\" data-settings=\"{&quot;_animation&quot;:&quot;fadeInUp&quot;}\" data-widget_type=\"heading.default\">\n\t\t\t\t\t<span class=\"elementor-heading-title elementor-size-default\">HeathCare Living Lab Catalonia<\/span>\t\t\t\t<\/div>\n\t\t\t\t<div class=\"elementor-element elementor-element-ea0d8cb text collapsed elementor-invisible elementor-widget elementor-widget-text-editor\" data-id=\"ea0d8cb\" data-element_type=\"widget\" data-e-type=\"widget\" data-settings=\"{&quot;_animation&quot;:&quot;fadeInUp&quot;}\" data-widget_type=\"text-editor.default\">\n\t\t\t\t\t\t\t\t\t<p>El Healthcare Living Lab Catalonia (HCLLC) \u00e9s un Living Lab especialitzat en el sector sanitari i social que t\u00e9 la missi\u00f3 d&#8217;aglutinar centres sanitaris, centres tecnol\u00f2gics i Living Labs de tot Catalunya per connectar-los amb persones i entitats innovadores i aix\u00ed facilitar el prototipat, el testeig i la validaci\u00f3 de les seves solucions en base a una metodologia pr\u00f2pia, de manera r\u00e0pida, eficient i maximitzant els resultats obtinguts.<\/p><p>El HCLLC ofereix els seus serveis per assessorar i guiar metodol\u00f2gicament les start-ups, PIMEs i empreses que vulguin prototipar, testejar i\/o validar solucions innovadores en entorns reals i amb persones usu\u00e0ries finals en els \u00e0mbits dels dispositius m\u00e8dics, diagn\u00f2stic in vitro i salut digital.<\/p><p>\u00c9s una iniciativa del Centre Tecnol\u00f2gic Leitat, que t\u00e9 la missi\u00f3 de convertir Catalunya en un Living Lab de refer\u00e8ncia i, per aix\u00f2, compta amb una vasta xarxa d&#8217;entitats col\u00b7laboradores; per una banda, els principals centres sanitaris i referents en innovaci\u00f3 de tot el pa\u00eds i, de l&#8217;altra, les principals associacions de centres sanitaris i socials del pa\u00eds<\/p>\t\t\t\t\t\t\t\t<\/div>\n\t\t\t\t<div class=\"elementor-element elementor-element-fc669a4 elementor-widget elementor-widget-html\" data-id=\"fc669a4\" data-element_type=\"widget\" data-e-type=\"widget\" data-widget_type=\"html.default\">\n\t\t\t\t\t <span class=\"read-more\" onclick=\"toggleText(this)\">Llegir m\u00e9s<\/span>\n<script>\n  function toggleText(trigger) {\n    const containers = document.querySelectorAll('.text-toggle-container');\n\n    containers.forEach(container => {\n      const text = container.querySelector('.text');\n      const button = container.querySelector('.read-more');\n\n      \/\/ Cierra todos los bloques excepto el actual\n      if (container !== trigger.closest('.text-toggle-container')) {\n        text.classList.remove('expanded');\n        button.textContent = 'Llegir m\u00e9s';\n      }\n    });\n\n    \/\/ Luego alterna el actual\n    const currentContainer = trigger.closest('.text-toggle-container');\n    const currentText = currentContainer.querySelector('.text');\n    currentText.classList.toggle('expanded');\n\n    if (currentText.classList.contains('expanded')) {\n      trigger.textContent = 'Veure menys';\n    } else {\n      trigger.textContent = 'Llegir m\u00e9s';\n    }\n  }\n<\/script>\n\n\n\t\t\t\t<\/div>\n\t\t\t\t<\/div>\n\t\t\t\t\t<\/div>\n\t\t\t\t<\/div>\n\t\t<div class=\"elementor-element elementor-element-3717ad8 e-flex e-con-boxed e-con e-parent\" data-id=\"3717ad8\" data-element_type=\"container\" data-e-type=\"container\" id=\"terrassa-health-impact\" data-settings=\"{&quot;background_background&quot;:&quot;classic&quot;}\">\n\t\t\t\t\t<div class=\"e-con-inner\">\n\t\t<div class=\"elementor-element elementor-element-967c4e3 e-con-full text-toggle-container e-flex e-con e-child\" data-id=\"967c4e3\" data-element_type=\"container\" data-e-type=\"container\">\n\t\t\t\t<div class=\"elementor-element elementor-element-7b57a7b elementor-invisible elementor-widget elementor-widget-heading\" data-id=\"7b57a7b\" data-element_type=\"widget\" data-e-type=\"widget\" data-settings=\"{&quot;_animation&quot;:&quot;fadeInUp&quot;}\" data-widget_type=\"heading.default\">\n\t\t\t\t\t<span class=\"elementor-heading-title elementor-size-default\">TERRASSA HEALTH IMPACT<\/span>\t\t\t\t<\/div>\n\t\t\t\t<div class=\"elementor-element elementor-element-45aab55 text collapsed elementor-invisible elementor-widget elementor-widget-text-editor\" data-id=\"45aab55\" data-element_type=\"widget\" data-e-type=\"widget\" data-settings=\"{&quot;_animation&quot;:&quot;fadeInUp&quot;}\" data-widget_type=\"text-editor.default\">\n\t\t\t\t\t\t\t\t\t<p>El programa Terrassa Health Impact, promogut per l&#8217;Ajuntament de Terrassa, des del Servei d&#8217;Innovaci\u00f3, i el Centre Tecnol\u00f2gic Leitat, neix amb l\u00b4objectiu de fomentar i accelerar projectes tecnol\u00f2gics innovadors d&#8217;empreses en l&#8217;\u00e0mbit de la salut. \u200b<\/p><p>Aquest acompanyament per ajudar els projectes a arribar al mercat ofereix un paquet de formacions espec\u00edfiques sobre model de negoci i una c\u00e0psula de serveis avan\u00e7ats personalitzats, a escollir pel projecte, sobre suport a nivell tecnol\u00f2gic en la preparaci\u00f3 de proves de concepte o suport a nivell cl\u00ednic a la validaci\u00f3 de la necessitat cl\u00ednica i el flux cl\u00ednic. \u200b<\/p><p>Gr\u00e0cies a aquest programa, que el 2025 ja ha completat la segona edici\u00f3, s&#8217;ha potenciat la millora de la competitivitat de les empreses participants i s&#8217;ha generat activitat econ\u00f2mica al voltant de la innovaci\u00f3 tecnol\u00f2gica en l&#8217;\u00e0mbit de la salut.<\/p>\t\t\t\t\t\t\t\t<\/div>\n\t\t\t\t<div class=\"elementor-element elementor-element-9d6f074 elementor-widget elementor-widget-html\" data-id=\"9d6f074\" data-element_type=\"widget\" data-e-type=\"widget\" data-widget_type=\"html.default\">\n\t\t\t\t\t <span class=\"read-more\" onclick=\"toggleText(this)\">Llegir m\u00e9s<\/span>\n\t\t\t\t<\/div>\n\t\t\t\t<\/div>\n\t\t<div class=\"elementor-element elementor-element-bb668ac e-con-full e-flex e-con e-child\" data-id=\"bb668ac\" data-element_type=\"container\" data-e-type=\"container\">\n\t\t\t\t<div class=\"elementor-element elementor-element-bd7dbb3 elementor-invisible elementor-widget elementor-widget-image\" data-id=\"bd7dbb3\" data-element_type=\"widget\" data-e-type=\"widget\" data-settings=\"{&quot;_animation&quot;:&quot;fadeIn&quot;}\" data-widget_type=\"image.default\">\n\t\t\t\t\t\t\t\t\t\t\t\t\t\t\t<img decoding=\"async\" width=\"940\" height=\"356\" src=\"https:\/\/fundacionleitat.org\/wp-content\/uploads\/2025\/05\/MARCA-TI_Projeccio-485_Negatiu.png\" class=\"attachment-large size-large wp-image-2538\" alt=\"\" srcset=\"https:\/\/fundacionleitat.org\/wp-content\/uploads\/2025\/05\/MARCA-TI_Projeccio-485_Negatiu.png 940w, https:\/\/fundacionleitat.org\/wp-content\/uploads\/2025\/05\/MARCA-TI_Projeccio-485_Negatiu-300x114.png 300w, https:\/\/fundacionleitat.org\/wp-content\/uploads\/2025\/05\/MARCA-TI_Projeccio-485_Negatiu-768x291.png 768w\" sizes=\"(max-width: 940px) 100vw, 940px\" \/>\t\t\t\t\t\t\t\t\t\t\t\t\t\t\t<\/div>\n\t\t\t\t<\/div>\n\t\t\t\t\t<\/div>\n\t\t\t\t<\/div>\n\t\t\t\t<\/div>\n\t\t","protected":false},"excerpt":{"rendered":"<p>Altres projectes HeathCare Living Lab Catalonia El Healthcare Living Lab Catalonia (HCLLC) \u00e9s un Living Lab especialitzat en el sector [&hellip;]<\/p>\n","protected":false},"author":1,"featured_media":0,"parent":0,"menu_order":0,"comment_status":"closed","ping_status":"closed","template":"","meta":{"_acf_changed":false,"site-sidebar-layout":"no-sidebar","site-content-layout":"","ast-site-content-layout":"full-width-container","site-content-style":"default","site-sidebar-style":"default","ast-global-header-display":"","ast-banner-title-visibility":"","ast-main-header-display":"","ast-hfb-above-header-display":"","ast-hfb-below-header-display":"","ast-hfb-mobile-header-display":"","site-post-title":"disabled","ast-breadcrumbs-content":"","ast-featured-img":"disabled","footer-sml-layout":"","ast-disable-related-posts":"","theme-transparent-header-meta":"","adv-header-id-meta":"","stick-header-meta":"","header-above-stick-meta":"","header-main-stick-meta":"","header-below-stick-meta":"","astra-migrate-meta-layouts":"default","ast-page-background-enabled":"default","ast-page-background-meta":{"desktop":{"background-color":"var(--ast-global-color-4)","background-image":"","background-repeat":"repeat","background-position":"center center","background-size":"auto","background-attachment":"scroll","background-type":"","background-media":"","overlay-type":"","overlay-color":"","overlay-opacity":"","overlay-gradient":""},"tablet":{"background-color":"","background-image":"","background-repeat":"repeat","background-position":"center center","background-size":"auto","background-attachment":"scroll","background-type":"","background-media":"","overlay-type":"","overlay-color":"","overlay-opacity":"","overlay-gradient":""},"mobile":{"background-color":"","background-image":"","background-repeat":"repeat","background-position":"center center","background-size":"auto","background-attachment":"scroll","background-type":"","background-media":"","overlay-type":"","overlay-color":"","overlay-opacity":"","overlay-gradient":""}},"ast-content-background-meta":{"desktop":{"background-color":"var(--ast-global-color-5)","background-image":"","background-repeat":"repeat","background-position":"center center","background-size":"auto","background-attachment":"scroll","background-type":"","background-media":"","overlay-type":"","overlay-color":"","overlay-opacity":"","overlay-gradient":""},"tablet":{"background-color":"var(--ast-global-color-5)","background-image":"","background-repeat":"repeat","background-position":"center center","background-size":"auto","background-attachment":"scroll","background-type":"","background-media":"","overlay-type":"","overlay-color":"","overlay-opacity":"","overlay-gradient":""},"mobile":{"background-color":"var(--ast-global-color-5)","background-image":"","background-repeat":"repeat","background-position":"center center","background-size":"auto","background-attachment":"scroll","background-type":"","background-media":"","overlay-type":"","overlay-color":"","overlay-opacity":"","overlay-gradient":""}},"footnotes":""},"class_list":["post-2689","page","type-page","status-publish","hentry"],"acf":[],"_links":{"self":[{"href":"https:\/\/fundacionleitat.org\/ca\/wp-json\/wp\/v2\/pages\/2689","targetHints":{"allow":["GET"]}}],"collection":[{"href":"https:\/\/fundacionleitat.org\/ca\/wp-json\/wp\/v2\/pages"}],"about":[{"href":"https:\/\/fundacionleitat.org\/ca\/wp-json\/wp\/v2\/types\/page"}],"author":[{"embeddable":true,"href":"https:\/\/fundacionleitat.org\/ca\/wp-json\/wp\/v2\/users\/1"}],"replies":[{"embeddable":true,"href":"https:\/\/fundacionleitat.org\/ca\/wp-json\/wp\/v2\/comments?post=2689"}],"version-history":[{"count":10,"href":"https:\/\/fundacionleitat.org\/ca\/wp-json\/wp\/v2\/pages\/2689\/revisions"}],"predecessor-version":[{"id":3158,"href":"https:\/\/fundacionleitat.org\/ca\/wp-json\/wp\/v2\/pages\/2689\/revisions\/3158"}],"wp:attachment":[{"href":"https:\/\/fundacionleitat.org\/ca\/wp-json\/wp\/v2\/media?parent=2689"}],"curies":[{"name":"wp","href":"https:\/\/api.w.org\/{rel}","templated":true}]}}