{"id":2692,"date":"2025-05-07T11:27:51","date_gmt":"2025-05-07T11:27:51","guid":{"rendered":"https:\/\/fundacionleitat.org\/projectes\/healthcare-innovation-lab\/"},"modified":"2025-07-28T10:39:14","modified_gmt":"2025-07-28T10:39:14","slug":"healthcare-innovation-lab","status":"publish","type":"page","link":"https:\/\/fundacionleitat.org\/ca\/projectes\/healthcare-innovation-lab\/","title":{"rendered":"HEALTHCARE INNOVATION LAB"},"content":{"rendered":"\t\t<div data-elementor-type=\"wp-page\" data-elementor-id=\"2692\" class=\"elementor elementor-2692 elementor-1356\" data-elementor-post-type=\"page\">\n\t\t\t\t<div class=\"elementor-element elementor-element-4a02611 e-con-full e-flex e-con e-parent\" data-id=\"4a02611\" data-element_type=\"container\" data-e-type=\"container\" data-settings=\"{&quot;background_background&quot;:&quot;classic&quot;}\">\n\t\t\t\t<div class=\"elementor-element elementor-element-427304b elementor-widget elementor-widget-image\" data-id=\"427304b\" data-element_type=\"widget\" data-e-type=\"widget\" data-widget_type=\"image.default\">\n\t\t\t\t\t\t\t\t\t\t\t\t\t\t\t<img fetchpriority=\"high\" decoding=\"async\" width=\"589\" height=\"144\" src=\"https:\/\/fundacionleitat.org\/wp-content\/uploads\/2025\/05\/image003.png\" class=\"attachment-large size-large wp-image-2472\" alt=\"\" srcset=\"https:\/\/fundacionleitat.org\/wp-content\/uploads\/2025\/05\/image003.png 589w, https:\/\/fundacionleitat.org\/wp-content\/uploads\/2025\/05\/image003-300x73.png 300w\" sizes=\"(max-width: 589px) 100vw, 589px\" \/>\t\t\t\t\t\t\t\t\t\t\t\t\t\t\t<\/div>\n\t\t\t\t<\/div>\n\t\t<div class=\"elementor-element elementor-element-f544772 e-flex e-con-boxed e-con e-parent\" data-id=\"f544772\" data-element_type=\"container\" data-e-type=\"container\">\n\t\t\t\t\t<div class=\"e-con-inner\">\n\t\t\t\t<div class=\"elementor-element elementor-element-6df1246 elementor-invisible elementor-widget elementor-widget-heading\" data-id=\"6df1246\" data-element_type=\"widget\" data-e-type=\"widget\" data-settings=\"{&quot;_animation&quot;:&quot;fadeInUp&quot;}\" data-widget_type=\"heading.default\">\n\t\t\t\t\t<h2 class=\"elementor-heading-title elementor-size-default\">Living Lab Salut Terrassa: Innovaci\u00f3 pionera per a la salut<\/h2>\t\t\t\t<\/div>\n\t\t\t\t<div class=\"elementor-element elementor-element-8c5b909 elementor-invisible elementor-widget elementor-widget-text-editor\" data-id=\"8c5b909\" data-element_type=\"widget\" data-e-type=\"widget\" data-settings=\"{&quot;_animation&quot;:&quot;fadeInUp&quot;}\" data-widget_type=\"text-editor.default\">\n\t\t\t\t\t\t\t\t\t<p>El Living Lab Salut Terrassa ha estat una iniciativa pionera, impulsada per l&#8217;Ajuntament de Terrassa dins del projecte Healthcare Living Lab, que ha establert les bases per a una nova manera d&#8217;innovar a l&#8217;\u00e0mbit de la salut. Finalitzat el 2022, aquest espai \u00fanic va permetre avaluar i validar idees, productes i serveis orientats a millorar la qualitat de vida de la poblaci\u00f3. <\/p><p>A trav\u00e9s d&#8217;un enfocament centrat en l&#8217;usuari, el Living Lab Salut Terrassa va facilitar l&#8217;observaci\u00f3 de necessitats reals a l&#8217;entorn quotidi\u00e0, l&#8217;experimentaci\u00f3 amb nous productes i serveis i la simulaci\u00f3 de situacions espec\u00edfiques per validar solucions innovadores.<\/p><p><strong>Entre els seus principals \u00e8xits destaquen<\/strong>:<\/p><ul><li>La creaci\u00f3 de sinergies entre tecnologia i agents clau del sector per estimular noves idees.<\/li><li>La integraci\u00f3 de factors humans i socials en els reptes de R+D.<\/li><li>La validaci\u00f3 primerenca i cont\u00ednua de tecnologies, m\u00e9s enll\u00e0 de les proves finals de prototips.<\/li><\/ul><p>Els projectes desenvolupats es van enfocar en \u00e0rees estrat\u00e8giques com l&#8217;envelliment saludable, els estils de vida saludables, la gesti\u00f3 eficient de la cura de la salut i l&#8217;aplicaci\u00f3 de noves tecnologies a l&#8217;entorn sanitari. Aquestes iniciatives van respondre a necessitats concretes de la poblaci\u00f3 i es van dissenyar per ser escalables en els sistemes de salut. <\/p><p>El projecte va ser cofinan\u00e7at per la Uni\u00f3 Europea (Programa Operatiu FEDER 2014-2020) i la Diputaci\u00f3 de Barcelona, consolidant-se com a referent en innovaci\u00f3 sanit\u00e0ria i una font d&#8217;inspiraci\u00f3 per a noves iniciatives al sector.<\/p>\t\t\t\t\t\t\t\t<\/div>\n\t\t\t\t<div class=\"elementor-element elementor-element-1b26625 elementor-widget elementor-widget-gallery\" data-id=\"1b26625\" data-element_type=\"widget\" data-e-type=\"widget\" data-settings=\"{&quot;image_hover_animation&quot;:&quot;grow&quot;,&quot;lazyload&quot;:&quot;yes&quot;,&quot;gallery_layout&quot;:&quot;grid&quot;,&quot;columns&quot;:4,&quot;columns_tablet&quot;:2,&quot;columns_mobile&quot;:1,&quot;gap&quot;:{&quot;unit&quot;:&quot;px&quot;,&quot;size&quot;:10,&quot;sizes&quot;:[]},&quot;gap_tablet&quot;:{&quot;unit&quot;:&quot;px&quot;,&quot;size&quot;:10,&quot;sizes&quot;:[]},&quot;gap_mobile&quot;:{&quot;unit&quot;:&quot;px&quot;,&quot;size&quot;:10,&quot;sizes&quot;:[]},&quot;link_to&quot;:&quot;file&quot;,&quot;aspect_ratio&quot;:&quot;3:2&quot;,&quot;overlay_background&quot;:&quot;yes&quot;,&quot;content_hover_animation&quot;:&quot;fade-in&quot;}\" data-widget_type=\"gallery.default\">\n\t\t\t\t\t\t\t<div class=\"elementor-gallery__container\">\n\t\t\t\t\t\t\t<a class=\"e-gallery-item elementor-gallery-item elementor-animated-content\" href=\"https:\/\/fundacionleitat.org\/wp-content\/uploads\/2025\/05\/20230314_120428-1-scaled.jpg\" data-elementor-open-lightbox=\"yes\" data-elementor-lightbox-slideshow=\"1b26625\" data-e-action-hash=\"#elementor-action%3Aaction%3Dlightbox%26settings%3DeyJpZCI6MTg4OSwidXJsIjoiaHR0cHM6XC9cL2Z1bmRhY2lvbmxlaXRhdC5vcmdcL3dwLWNvbnRlbnRcL3VwbG9hZHNcLzIwMjVcLzA1XC8yMDIzMDMxNF8xMjA0MjgtMS1zY2FsZWQuanBnIiwic2xpZGVzaG93IjoiMWIyNjYyNSJ9\">\n\t\t\t\t\t<div class=\"e-gallery-image elementor-gallery-item__image\" data-thumbnail=\"https:\/\/fundacionleitat.org\/wp-content\/uploads\/2025\/05\/20230314_120428-1-2048x1152.jpg\" data-width=\"2048\" data-height=\"1152\" aria-label=\"\" role=\"img\" ><\/div>\n\t\t\t\t\t\t\t\t\t\t\t<div class=\"elementor-gallery-item__overlay\"><\/div>\n\t\t\t\t\t\t\t\t\t\t\t\t\t\t<\/a>\n\t\t\t\t\t\t\t<a class=\"e-gallery-item elementor-gallery-item elementor-animated-content\" href=\"https:\/\/fundacionleitat.org\/wp-content\/uploads\/2025\/05\/20230314_120650-1-scaled.jpg\" data-elementor-open-lightbox=\"yes\" data-elementor-lightbox-slideshow=\"1b26625\" data-e-action-hash=\"#elementor-action%3Aaction%3Dlightbox%26settings%3DeyJpZCI6MTg5MCwidXJsIjoiaHR0cHM6XC9cL2Z1bmRhY2lvbmxlaXRhdC5vcmdcL3dwLWNvbnRlbnRcL3VwbG9hZHNcLzIwMjVcLzA1XC8yMDIzMDMxNF8xMjA2NTAtMS1zY2FsZWQuanBnIiwic2xpZGVzaG93IjoiMWIyNjYyNSJ9\">\n\t\t\t\t\t<div class=\"e-gallery-image elementor-gallery-item__image\" data-thumbnail=\"https:\/\/fundacionleitat.org\/wp-content\/uploads\/2025\/05\/20230314_120650-1-2048x1152.jpg\" data-width=\"2048\" data-height=\"1152\" aria-label=\"\" role=\"img\" ><\/div>\n\t\t\t\t\t\t\t\t\t\t\t<div class=\"elementor-gallery-item__overlay\"><\/div>\n\t\t\t\t\t\t\t\t\t\t\t\t\t\t<\/a>\n\t\t\t\t\t\t\t<a class=\"e-gallery-item elementor-gallery-item elementor-animated-content\" href=\"https:\/\/fundacionleitat.org\/wp-content\/uploads\/2025\/05\/20230314_120735-1-scaled.jpg\" data-elementor-open-lightbox=\"yes\" data-elementor-lightbox-slideshow=\"1b26625\" data-e-action-hash=\"#elementor-action%3Aaction%3Dlightbox%26settings%3DeyJpZCI6MTg5MSwidXJsIjoiaHR0cHM6XC9cL2Z1bmRhY2lvbmxlaXRhdC5vcmdcL3dwLWNvbnRlbnRcL3VwbG9hZHNcLzIwMjVcLzA1XC8yMDIzMDMxNF8xMjA3MzUtMS1zY2FsZWQuanBnIiwic2xpZGVzaG93IjoiMWIyNjYyNSJ9\">\n\t\t\t\t\t<div class=\"e-gallery-image elementor-gallery-item__image\" data-thumbnail=\"https:\/\/fundacionleitat.org\/wp-content\/uploads\/2025\/05\/20230314_120735-1-2048x1152.jpg\" data-width=\"2048\" data-height=\"1152\" aria-label=\"\" role=\"img\" ><\/div>\n\t\t\t\t\t\t\t\t\t\t\t<div class=\"elementor-gallery-item__overlay\"><\/div>\n\t\t\t\t\t\t\t\t\t\t\t\t\t\t<\/a>\n\t\t\t\t\t\t\t<a class=\"e-gallery-item elementor-gallery-item elementor-animated-content\" href=\"https:\/\/fundacionleitat.org\/wp-content\/uploads\/2025\/05\/20230314_141559-1-scaled.jpg\" data-elementor-open-lightbox=\"yes\" data-elementor-lightbox-slideshow=\"1b26625\" data-e-action-hash=\"#elementor-action%3Aaction%3Dlightbox%26settings%3DeyJpZCI6MTg5MiwidXJsIjoiaHR0cHM6XC9cL2Z1bmRhY2lvbmxlaXRhdC5vcmdcL3dwLWNvbnRlbnRcL3VwbG9hZHNcLzIwMjVcLzA1XC8yMDIzMDMxNF8xNDE1NTktMS1zY2FsZWQuanBnIiwic2xpZGVzaG93IjoiMWIyNjYyNSJ9\">\n\t\t\t\t\t<div class=\"e-gallery-image elementor-gallery-item__image\" data-thumbnail=\"https:\/\/fundacionleitat.org\/wp-content\/uploads\/2025\/05\/20230314_141559-1-2048x1152.jpg\" data-width=\"2048\" data-height=\"1152\" aria-label=\"\" role=\"img\" ><\/div>\n\t\t\t\t\t\t\t\t\t\t\t<div class=\"elementor-gallery-item__overlay\"><\/div>\n\t\t\t\t\t\t\t\t\t\t\t\t\t\t<\/a>\n\t\t\t\t\t\t\t<a class=\"e-gallery-item elementor-gallery-item elementor-animated-content\" href=\"https:\/\/fundacionleitat.org\/wp-content\/uploads\/2025\/05\/Bioimpressora-1.jpg\" data-elementor-open-lightbox=\"yes\" data-elementor-lightbox-slideshow=\"1b26625\" data-e-action-hash=\"#elementor-action%3Aaction%3Dlightbox%26settings%3DeyJpZCI6MTg5MywidXJsIjoiaHR0cHM6XC9cL2Z1bmRhY2lvbmxlaXRhdC5vcmdcL3dwLWNvbnRlbnRcL3VwbG9hZHNcLzIwMjVcLzA1XC9CaW9pbXByZXNzb3JhLTEuanBnIiwic2xpZGVzaG93IjoiMWIyNjYyNSJ9\">\n\t\t\t\t\t<div class=\"e-gallery-image elementor-gallery-item__image\" data-thumbnail=\"https:\/\/fundacionleitat.org\/wp-content\/uploads\/2025\/05\/Bioimpressora-1.jpg\" data-width=\"961\" data-height=\"744\" aria-label=\"\" role=\"img\" ><\/div>\n\t\t\t\t\t\t\t\t\t\t\t<div class=\"elementor-gallery-item__overlay\"><\/div>\n\t\t\t\t\t\t\t\t\t\t\t\t\t\t<\/a>\n\t\t\t\t\t\t\t<a class=\"e-gallery-item elementor-gallery-item elementor-animated-content\" href=\"https:\/\/fundacionleitat.org\/wp-content\/uploads\/2025\/05\/IMG_20200219_114109-1-scaled.jpg\" data-elementor-open-lightbox=\"yes\" data-elementor-lightbox-slideshow=\"1b26625\" data-e-action-hash=\"#elementor-action%3Aaction%3Dlightbox%26settings%3DeyJpZCI6MTg5NCwidXJsIjoiaHR0cHM6XC9cL2Z1bmRhY2lvbmxlaXRhdC5vcmdcL3dwLWNvbnRlbnRcL3VwbG9hZHNcLzIwMjVcLzA1XC9JTUdfMjAyMDAyMTlfMTE0MTA5LTEtc2NhbGVkLmpwZyIsInNsaWRlc2hvdyI6IjFiMjY2MjUifQ%3D%3D\">\n\t\t\t\t\t<div class=\"e-gallery-image elementor-gallery-item__image\" data-thumbnail=\"https:\/\/fundacionleitat.org\/wp-content\/uploads\/2025\/05\/IMG_20200219_114109-1-2048x1538.jpg\" data-width=\"2048\" data-height=\"1538\" aria-label=\"\" role=\"img\" ><\/div>\n\t\t\t\t\t\t\t\t\t\t\t<div class=\"elementor-gallery-item__overlay\"><\/div>\n\t\t\t\t\t\t\t\t\t\t\t\t\t\t<\/a>\n\t\t\t\t\t\t\t<a class=\"e-gallery-item elementor-gallery-item elementor-animated-content\" href=\"https:\/\/fundacionleitat.org\/wp-content\/uploads\/2025\/05\/IMG_20200224_103307-scaled.jpg\" data-elementor-open-lightbox=\"yes\" data-elementor-lightbox-slideshow=\"1b26625\" data-e-action-hash=\"#elementor-action%3Aaction%3Dlightbox%26settings%3DeyJpZCI6MTg5NSwidXJsIjoiaHR0cHM6XC9cL2Z1bmRhY2lvbmxlaXRhdC5vcmdcL3dwLWNvbnRlbnRcL3VwbG9hZHNcLzIwMjVcLzA1XC9JTUdfMjAyMDAyMjRfMTAzMzA3LXNjYWxlZC5qcGciLCJzbGlkZXNob3ciOiIxYjI2NjI1In0%3D\">\n\t\t\t\t\t<div class=\"e-gallery-image elementor-gallery-item__image\" data-thumbnail=\"https:\/\/fundacionleitat.org\/wp-content\/uploads\/2025\/05\/IMG_20200224_103307-2048x1536.jpg\" data-width=\"2048\" data-height=\"1536\" aria-label=\"\" role=\"img\" ><\/div>\n\t\t\t\t\t\t\t\t\t\t\t<div class=\"elementor-gallery-item__overlay\"><\/div>\n\t\t\t\t\t\t\t\t\t\t\t\t\t\t<\/a>\n\t\t\t\t\t\t\t<a class=\"e-gallery-item elementor-gallery-item elementor-animated-content\" href=\"https:\/\/fundacionleitat.org\/wp-content\/uploads\/2025\/05\/MicrosoftTeams-image-9.jpg\" data-elementor-open-lightbox=\"yes\" data-elementor-lightbox-slideshow=\"1b26625\" data-e-action-hash=\"#elementor-action%3Aaction%3Dlightbox%26settings%3DeyJpZCI6MTg5NiwidXJsIjoiaHR0cHM6XC9cL2Z1bmRhY2lvbmxlaXRhdC5vcmdcL3dwLWNvbnRlbnRcL3VwbG9hZHNcLzIwMjVcLzA1XC9NaWNyb3NvZnRUZWFtcy1pbWFnZS05LmpwZyIsInNsaWRlc2hvdyI6IjFiMjY2MjUifQ%3D%3D\">\n\t\t\t\t\t<div class=\"e-gallery-image elementor-gallery-item__image\" data-thumbnail=\"https:\/\/fundacionleitat.org\/wp-content\/uploads\/2025\/05\/MicrosoftTeams-image-9.jpg\" data-width=\"1024\" data-height=\"768\" aria-label=\"\" role=\"img\" ><\/div>\n\t\t\t\t\t\t\t\t\t\t\t<div class=\"elementor-gallery-item__overlay\"><\/div>\n\t\t\t\t\t\t\t\t\t\t\t\t\t\t<\/a>\n\t\t\t\t\t<\/div>\n\t\t\t\t\t<\/div>\n\t\t\t\t<div class=\"elementor-element elementor-element-332ddfa elementor-widget__width-inherit elementor-widget elementor-widget-heading\" data-id=\"332ddfa\" data-element_type=\"widget\" data-e-type=\"widget\" data-widget_type=\"heading.default\">\n\t\t\t\t\t<h3 class=\"elementor-heading-title elementor-size-default\">Entitat coordinadora:<\/h3>\t\t\t\t<\/div>\n\t\t\t\t<div class=\"elementor-element elementor-element-d1ab180 elementor-widget elementor-widget-image\" data-id=\"d1ab180\" data-element_type=\"widget\" data-e-type=\"widget\" data-widget_type=\"image.default\">\n\t\t\t\t\t\t\t\t\t\t\t\t\t\t\t\t<a href=\"https:\/\/www.terrassa.cat\/\" target=\"_blank\">\n\t\t\t\t\t\t\t<img decoding=\"async\" width=\"347\" height=\"93\" src=\"https:\/\/fundacionleitat.org\/wp-content\/uploads\/2025\/05\/image005.png\" class=\"attachment-large size-large wp-image-2486\" alt=\"\" srcset=\"https:\/\/fundacionleitat.org\/wp-content\/uploads\/2025\/05\/image005.png 347w, https:\/\/fundacionleitat.org\/wp-content\/uploads\/2025\/05\/image005-300x80.png 300w\" sizes=\"(max-width: 347px) 100vw, 347px\" \/>\t\t\t\t\t\t\t\t<\/a>\n\t\t\t\t\t\t\t\t\t\t\t\t\t\t\t<\/div>\n\t\t\t\t<div class=\"elementor-element elementor-element-46b3a01 elementor-widget elementor-widget-text-editor\" data-id=\"46b3a01\" data-element_type=\"widget\" data-e-type=\"widget\" data-widget_type=\"text-editor.default\">\n\t\t\t\t\t\t\t\t\t<p><span style=\"font-weight: 400;\">&#8220;Projecte cofinan\u00e7at per la Uni\u00f3 Europea al 50%, en el marc del Programa Operatiu FEDER (Fons Europeu de Desenvolupament Regional) de Catalunya 2014-2020 i per la Diputaci\u00f3 de Barcelona en un 25%&#8221;<\/span><\/p>\t\t\t\t\t\t\t\t<\/div>\n\t\t<div class=\"elementor-element elementor-element-68b75b6 e-con-full e-flex e-con e-child\" data-id=\"68b75b6\" data-element_type=\"container\" data-e-type=\"container\">\n\t\t\t\t<div class=\"elementor-element elementor-element-2e2b4ae elementor-widget elementor-widget-image\" data-id=\"2e2b4ae\" data-element_type=\"widget\" data-e-type=\"widget\" data-widget_type=\"image.default\">\n\t\t\t\t\t\t\t\t\t\t\t\t\t\t\t\t<a href=\"https:\/\/www.terrassa.cat\/\" target=\"_blank\">\n\t\t\t\t\t\t\t<img decoding=\"async\" width=\"382\" height=\"55\" src=\"https:\/\/fundacionleitat.org\/wp-content\/uploads\/2025\/05\/FEDER_senselema.jpg\" class=\"attachment-large size-large wp-image-2488\" alt=\"\" srcset=\"https:\/\/fundacionleitat.org\/wp-content\/uploads\/2025\/05\/FEDER_senselema.jpg 382w, https:\/\/fundacionleitat.org\/wp-content\/uploads\/2025\/05\/FEDER_senselema-300x43.jpg 300w\" sizes=\"(max-width: 382px) 100vw, 382px\" \/>\t\t\t\t\t\t\t\t<\/a>\n\t\t\t\t\t\t\t\t\t\t\t\t\t\t\t<\/div>\n\t\t\t\t<div class=\"elementor-element elementor-element-36b7231 elementor-widget elementor-widget-image\" data-id=\"36b7231\" data-element_type=\"widget\" data-e-type=\"widget\" data-widget_type=\"image.default\">\n\t\t\t\t\t\t\t\t\t\t\t\t\t\t\t\t<a href=\"https:\/\/www.terrassa.cat\/\" target=\"_blank\">\n\t\t\t\t\t\t\t<img loading=\"lazy\" decoding=\"async\" width=\"275\" height=\"183\" src=\"https:\/\/fundacionleitat.org\/wp-content\/uploads\/2025\/05\/Logo-diputacio.png\" class=\"attachment-large size-large wp-image-2490\" alt=\"\" \/>\t\t\t\t\t\t\t\t<\/a>\n\t\t\t\t\t\t\t\t\t\t\t\t\t\t\t<\/div>\n\t\t\t\t<\/div>\n\t\t\t\t\t<\/div>\n\t\t\t\t<\/div>\n\t\t<div class=\"elementor-element elementor-element-a94afc1 e-con-full e-flex e-con e-parent\" data-id=\"a94afc1\" data-element_type=\"container\" data-e-type=\"container\">\n\t\t\t\t<div class=\"elementor-element elementor-element-9fd1f21 elementor-widget elementor-widget-template\" data-id=\"9fd1f21\" data-element_type=\"widget\" data-e-type=\"widget\" data-widget_type=\"template.default\">\n\t\t\t\t<div class=\"elementor-widget-container\">\n\t\t\t\t\t\t\t<div class=\"elementor-template\">\n\t\t\t\t\t<div data-elementor-type=\"container\" data-elementor-id=\"2820\" class=\"elementor elementor-2820 elementor-1765 elementor-1765\" data-elementor-post-type=\"elementor_library\">\n\t\t\t\t<div class=\"elementor-element elementor-element-72aef7ba e-con-full e-flex e-con e-parent\" data-id=\"72aef7ba\" data-element_type=\"container\" data-e-type=\"container\" data-settings=\"{&quot;background_background&quot;:&quot;classic&quot;}\">\n\t\t\t\t<div class=\"elementor-element elementor-element-30d9a4f6 elementor-widget elementor-widget-text-editor\" data-id=\"30d9a4f6\" data-element_type=\"widget\" data-e-type=\"widget\" data-widget_type=\"text-editor.default\">\n\t\t\t\t\t\t\t\t\t<span style=\"font-weight: 400;\">CONTACTA AMB NOSALTRES<\/span> \t\t\t\t\t\t\t\t<\/div>\n\t\t\t\t<div class=\"elementor-element elementor-element-69304fd3 elementor-widget elementor-widget-heading\" data-id=\"69304fd3\" data-element_type=\"widget\" data-e-type=\"widget\" data-widget_type=\"heading.default\">\n\t\t\t\t\t<span class=\"elementor-heading-title elementor-size-default\">Transforma les teves idees en projectes d'innovaci\u00f3<\/span>\t\t\t\t<\/div>\n\t\t\t\t<div class=\"elementor-element elementor-element-7ed34153 elementor-widget elementor-widget-text-editor\" data-id=\"7ed34153\" data-element_type=\"widget\" data-e-type=\"widget\" data-widget_type=\"text-editor.default\">\n\t\t\t\t\t\t\t\t\t<p><span style=\"font-weight: 400;\">Contacta&#8217;ns per explorar com podem col\u00b7laborar<\/span><\/p>\t\t\t\t\t\t\t\t<\/div>\n\t\t\t\t<\/div>\n\t\t\t\t<\/div>\n\t\t\t\t<\/div>\n\t\t\t\t\t\t<\/div>\n\t\t\t\t<\/div>\n\t\t\t\t<\/div>\n\t\t\t\t<\/div>\n\t\t","protected":false},"excerpt":{"rendered":"<p>Living Lab Salut Terrassa: Innovaci\u00f3 pionera per a la salut El Living Lab Salut Terrassa ha estat una iniciativa pionera, [&hellip;]<\/p>\n","protected":false},"author":1,"featured_media":0,"parent":2623,"menu_order":0,"comment_status":"closed","ping_status":"closed","template":"elementor_header_footer","meta":{"_acf_changed":false,"site-sidebar-layout":"no-sidebar","site-content-layout":"","ast-site-content-layout":"full-width-container","site-content-style":"default","site-sidebar-style":"default","ast-global-header-display":"","ast-banner-title-visibility":"","ast-main-header-display":"","ast-hfb-above-header-display":"","ast-hfb-below-header-display":"","ast-hfb-mobile-header-display":"","site-post-title":"disabled","ast-breadcrumbs-content":"","ast-featured-img":"disabled","footer-sml-layout":"","ast-disable-related-posts":"","theme-transparent-header-meta":"","adv-header-id-meta":"","stick-header-meta":"","header-above-stick-meta":"","header-main-stick-meta":"","header-below-stick-meta":"","astra-migrate-meta-layouts":"default","ast-page-background-enabled":"default","ast-page-background-meta":{"desktop":{"background-color":"var(--ast-global-color-4)","background-image":"","background-repeat":"repeat","background-position":"center center","background-size":"auto","background-attachment":"scroll","background-type":"","background-media":"","overlay-type":"","overlay-color":"","overlay-opacity":"","overlay-gradient":""},"tablet":{"background-color":"","background-image":"","background-repeat":"repeat","background-position":"center center","background-size":"auto","background-attachment":"scroll","background-type":"","background-media":"","overlay-type":"","overlay-color":"","overlay-opacity":"","overlay-gradient":""},"mobile":{"background-color":"","background-image":"","background-repeat":"repeat","background-position":"center center","background-size":"auto","background-attachment":"scroll","background-type":"","background-media":"","overlay-type":"","overlay-color":"","overlay-opacity":"","overlay-gradient":""}},"ast-content-background-meta":{"desktop":{"background-color":"var(--ast-global-color-5)","background-image":"","background-repeat":"repeat","background-position":"center center","background-size":"auto","background-attachment":"scroll","background-type":"","background-media":"","overlay-type":"","overlay-color":"","overlay-opacity":"","overlay-gradient":""},"tablet":{"background-color":"var(--ast-global-color-5)","background-image":"","background-repeat":"repeat","background-position":"center center","background-size":"auto","background-attachment":"scroll","background-type":"","background-media":"","overlay-type":"","overlay-color":"","overlay-opacity":"","overlay-gradient":""},"mobile":{"background-color":"var(--ast-global-color-5)","background-image":"","background-repeat":"repeat","background-position":"center center","background-size":"auto","background-attachment":"scroll","background-type":"","background-media":"","overlay-type":"","overlay-color":"","overlay-opacity":"","overlay-gradient":""}},"footnotes":""},"class_list":["post-2692","page","type-page","status-publish","hentry"],"acf":[],"_links":{"self":[{"href":"https:\/\/fundacionleitat.org\/ca\/wp-json\/wp\/v2\/pages\/2692","targetHints":{"allow":["GET"]}}],"collection":[{"href":"https:\/\/fundacionleitat.org\/ca\/wp-json\/wp\/v2\/pages"}],"about":[{"href":"https:\/\/fundacionleitat.org\/ca\/wp-json\/wp\/v2\/types\/page"}],"author":[{"embeddable":true,"href":"https:\/\/fundacionleitat.org\/ca\/wp-json\/wp\/v2\/users\/1"}],"replies":[{"embeddable":true,"href":"https:\/\/fundacionleitat.org\/ca\/wp-json\/wp\/v2\/comments?post=2692"}],"version-history":[{"count":4,"href":"https:\/\/fundacionleitat.org\/ca\/wp-json\/wp\/v2\/pages\/2692\/revisions"}],"predecessor-version":[{"id":2783,"href":"https:\/\/fundacionleitat.org\/ca\/wp-json\/wp\/v2\/pages\/2692\/revisions\/2783"}],"up":[{"embeddable":true,"href":"https:\/\/fundacionleitat.org\/ca\/wp-json\/wp\/v2\/pages\/2623"}],"wp:attachment":[{"href":"https:\/\/fundacionleitat.org\/ca\/wp-json\/wp\/v2\/media?parent=2692"}],"curies":[{"name":"wp","href":"https:\/\/api.w.org\/{rel}","templated":true}]}}