{"id":2707,"date":"2025-04-08T22:01:14","date_gmt":"2025-04-08T22:01:14","guid":{"rendered":"https:\/\/fundacionleitat.org\/serveis\/"},"modified":"2025-07-22T08:10:23","modified_gmt":"2025-07-22T08:10:23","slug":"serveis","status":"publish","type":"page","link":"https:\/\/fundacionleitat.org\/ca\/serveis\/","title":{"rendered":"Serveis"},"content":{"rendered":"\n<div class=\"wp-block-uagb-container uagb-layout-flex uagb-block-edf9ad47 alignfull uagb-is-root-container\"><div class=\"uagb-container-inner-blocks-wrap\">\n<div class=\"wp-block-uagb-advanced-heading uagb-block-022836bc\"><p class=\"uagb-desc-text\">Serveis<\/p><h1 class=\"uagb-heading-text\">Innovaci\u00f3 i desenvolupament tecnol\u00f2gic avan\u00e7at<\/h1><\/div>\n<\/div><\/div>\n\n<div class=\"wp-block-uagb-container uagb-block-a9da1e25 alignfull uagb-is-root-container\"><div class=\"uagb-container-inner-blocks-wrap\">\n<div class=\"wp-block-uagb-container uagb-layout-grid uagb-block-ec9486ee default uagb-is-root-container\">\n<div class=\"wp-block-uagb-info-box uagb-block-5a2bc621 uagb-infobox__content-wrap uagb-infobox-icon-above-title uagb-infobox-image-valign-top wp-block-uagb-info-box--has-margin\"><div class=\"uagb-infobox-margin-wrapper\"><div class=\"uagb-ifb-content\"><div class=\"uagb-ifb-title-wrap\"><span class=\"uagb-ifb-title-prefix\">01<\/span><h2 class=\"uagb-ifb-title\">Gesti\u00f3 d&#8217;infraestructures<\/h2><\/div><p class=\"uagb-ifb-desc\">A la Fundaci\u00f3 Leitat, oferim serveis de gesti\u00f3 d&#8217;infraestructures cient\u00edfiques i t\u00e8cniques d&#8217;avantguarda. Els nostres laboratoris estan equipats amb tecnologia avan\u00e7ada, proporcionant a investigadors i emprenedors l&#8217;entorn ideal per desenvolupar els seus projectes i experimentar amb idees noves, assegurant un proc\u00e9s d&#8217;innovaci\u00f3 efica\u00e7 i productiu. <\/p><\/div><\/div><\/div>\n\n\n\n<div class=\"wp-block-uagb-image uagb-block-936d1125 wp-block-uagb-image--layout-default wp-block-uagb-image--effect-static wp-block-uagb-image--align-none\"><figure class=\"wp-block-uagb-image__figure\"><img loading=\"lazy\" decoding=\"async\" srcset=\"https:\/\/fundacionleitat.org\/wp-content\/uploads\/2025\/04\/EDIFICI-LEITAT-TERRASSA-002_BAIXA_.jpg ,https:\/\/fundacionleitat.org\/wp-content\/uploads\/2025\/04\/EDIFICI-LEITAT-TERRASSA-002_BAIXA_.jpg 780w, https:\/\/fundacionleitat.org\/wp-content\/uploads\/2025\/04\/EDIFICI-LEITAT-TERRASSA-002_BAIXA_.jpg 360w\" sizes=\"auto, (max-width: 480px) 150px\" src=\"https:\/\/fundacionleitat.org\/wp-content\/uploads\/2025\/04\/EDIFICI-LEITAT-TERRASSA-002_BAIXA_.jpg\" alt=\"\" class=\"uag-image-18\" width=\"522\" height=\"440\" title=\"services-01\" loading=\"lazy\" role=\"img\"><\/figure><\/div>\n<\/div>\n\n\n\n<div class=\"wp-block-uagb-container uagb-layout-grid uagb-block-932b0ea7 default uagb-is-root-container\">\n<div class=\"wp-block-uagb-image uagb-block-e214f383 wp-block-uagb-image--layout-default wp-block-uagb-image--effect-static wp-block-uagb-image--align-none\"><figure class=\"wp-block-uagb-image__figure\"><img loading=\"lazy\" decoding=\"async\" srcset=\"https:\/\/fundacionleitat.org\/wp-content\/uploads\/2025\/04\/EDIFICI-LEITAT-TERRASSA-003_BAIXA_.jpg ,https:\/\/fundacionleitat.org\/wp-content\/uploads\/2025\/04\/EDIFICI-LEITAT-TERRASSA-003_BAIXA_.jpg 780w, https:\/\/fundacionleitat.org\/wp-content\/uploads\/2025\/04\/EDIFICI-LEITAT-TERRASSA-003_BAIXA_.jpg 360w\" sizes=\"auto, (max-width: 480px) 150px\" src=\"https:\/\/fundacionleitat.org\/wp-content\/uploads\/2025\/04\/EDIFICI-LEITAT-TERRASSA-003_BAIXA_.jpg\" alt=\"\" class=\"uag-image-19\" width=\"522\" height=\"440\" title=\"services-02\" loading=\"lazy\" role=\"img\"><\/figure><\/div>\n\n\n\n<div class=\"wp-block-uagb-info-box uagb-block-38856887 uagb-infobox__content-wrap uagb-infobox-icon-above-title uagb-infobox-image-valign-top wp-block-uagb-info-box--has-margin\"><div class=\"uagb-infobox-margin-wrapper\"><div class=\"uagb-ifb-content\"><div class=\"uagb-ifb-title-wrap\"><span class=\"uagb-ifb-title-prefix\">02<\/span><h2 class=\"uagb-ifb-title\">Transfer\u00e8ncia Tecnol\u00f2gica<\/h2><\/div><p class=\"uagb-ifb-desc\">La nostra especialitat en transfer\u00e8ncia tecnol\u00f2gica permet transformar els aven\u00e7os cient\u00edfics en aplicacions pr\u00e0ctiques. Treballem en estreta col\u00b7laboraci\u00f3 amb empreses i entitats de R+D+i per facilitar el pas de la investigaci\u00f3 al mercat, assegurant que les innovacions generin un impacte real i positiu a la societat. <\/p><\/div><\/div><\/div>\n<\/div>\n\n\n\n<div class=\"wp-block-uagb-container uagb-layout-grid uagb-block-91add4aa default uagb-is-root-container\">\n<div class=\"wp-block-uagb-info-box uagb-block-87dc43fa uagb-infobox__content-wrap uagb-infobox-icon-above-title uagb-infobox-image-valign-top wp-block-uagb-info-box--has-margin\"><div class=\"uagb-infobox-margin-wrapper\"><div class=\"uagb-ifb-content\"><div class=\"uagb-ifb-title-wrap\"><span class=\"uagb-ifb-title-prefix\">03<\/span><h2 class=\"uagb-ifb-title\">Col\u00b7laboraci\u00f3 Internacional<\/h2><\/div><p class=\"uagb-ifb-desc\">A la Fundaci\u00f3 Leitat, promovem la valoritzaci\u00f3 del coneixement per maximitzar l&#8217;impacte de la investigaci\u00f3. Mitjan\u00e7ant programes espec\u00edfics, donem suport a la implementaci\u00f3 de solucions sostenibles i escalables, afavorint la creaci\u00f3 d&#8217;empreses emergents i la millora de processos en ind\u00fastries existents. <\/p><\/div><\/div><\/div>\n\n\n\n<div class=\"wp-block-uagb-image uagb-block-dcc4c013 wp-block-uagb-image--layout-default wp-block-uagb-image--effect-static wp-block-uagb-image--align-none\"><figure class=\"wp-block-uagb-image__figure\"><img loading=\"lazy\" decoding=\"async\" srcset=\"https:\/\/fundacionleitat.org\/wp-content\/uploads\/2025\/04\/ext22.jpg ,https:\/\/fundacionleitat.org\/wp-content\/uploads\/2025\/04\/ext22.jpg 780w, https:\/\/fundacionleitat.org\/wp-content\/uploads\/2025\/04\/ext22.jpg 360w\" sizes=\"auto, (max-width: 480px) 150px\" src=\"https:\/\/fundacionleitat.org\/wp-content\/uploads\/2025\/04\/ext22.jpg\" alt=\"\" class=\"uag-image-20\" width=\"522\" height=\"440\" title=\"services-04\" loading=\"lazy\" role=\"img\"><\/figure><\/div>\n<\/div>\n\n\n\n<div class=\"wp-block-uagb-container uagb-layout-grid uagb-block-d40cbe4f default uagb-is-root-container\">\n<div class=\"wp-block-uagb-image uagb-block-e6072c33 wp-block-uagb-image--layout-default wp-block-uagb-image--effect-static wp-block-uagb-image--align-none\"><figure class=\"wp-block-uagb-image__figure\"><img loading=\"lazy\" decoding=\"async\" srcset=\"https:\/\/fundacionleitat.org\/wp-content\/uploads\/2025\/04\/ext25.jpg ,https:\/\/fundacionleitat.org\/wp-content\/uploads\/2025\/04\/ext25.jpg 780w, https:\/\/fundacionleitat.org\/wp-content\/uploads\/2025\/04\/ext25.jpg 360w\" sizes=\"auto, (max-width: 480px) 150px\" src=\"https:\/\/fundacionleitat.org\/wp-content\/uploads\/2025\/04\/ext25.jpg\" alt=\"\" class=\"uag-image-21\" width=\"522\" height=\"440\" title=\"services-03\" loading=\"lazy\" role=\"img\"><\/figure><\/div>\n\n\n\n<div class=\"wp-block-uagb-info-box uagb-block-43b61b56 uagb-infobox__content-wrap uagb-infobox-icon-above-title uagb-infobox-image-valign-top wp-block-uagb-info-box--has-margin\"><div class=\"uagb-infobox-margin-wrapper\"><div class=\"uagb-ifb-content\"><div class=\"uagb-ifb-title-wrap\"><span class=\"uagb-ifb-title-prefix\">04<\/span><h2 class=\"uagb-ifb-title\">Valoritzaci\u00f3 del Coneixement<\/h2><\/div><p class=\"uagb-ifb-desc\">Fomentem la col\u00b7laboraci\u00f3 activa amb entitats de R+D+i tant a nivell nacional com internacional. Aquestes sinergies enriqueixen els nostres projectes, garantint una diversitat m\u00e9s gran d&#8217;enfocaments i recursos. Junts, impulsem iniciatives conjuntes que responen a desafiaments globals i promouen la innovaci\u00f3 en m\u00faltiples sectors.  <\/p><\/div><\/div><\/div>\n<\/div>\n<\/div><\/div>\n\n<div class=\"wp-block-uagb-container uagb-layout-grid uagb-block-d17d52f5 alignfull uagb-is-root-container\"><div class=\"uagb-container-inner-blocks-wrap\">\n<div class=\"wp-block-uagb-image uagb-block-f5c79397 wp-block-uagb-image--layout-default wp-block-uagb-image--effect-static wp-block-uagb-image--align-none uag-hide-mob\"><figure class=\"wp-block-uagb-image__figure\"><img loading=\"lazy\" decoding=\"async\" srcset=\"https:\/\/fundacionleitat.org\/wp-content\/uploads\/2025\/04\/logo.png ,https:\/\/fundacionleitat.org\/wp-content\/uploads\/2025\/04\/logo.png 780w, https:\/\/fundacionleitat.org\/wp-content\/uploads\/2025\/04\/logo.png 360w\" sizes=\"auto, (max-width: 480px) 150px\" src=\"https:\/\/fundacionleitat.org\/wp-content\/uploads\/2025\/04\/logo.png\" alt=\"\" class=\"uag-image-11\" width=\"180\" height=\"180\" title=\"footer-01\" loading=\"lazy\" role=\"img\"\/><\/figure><\/div>\n\n\n\n<div class=\"wp-block-uagb-info-box uagb-block-e0e0877b uagb-infobox__content-wrap  uagb-infobox-icon-above-title uagb-infobox-image-valign-top wp-block-uagb-info-box--has-margin\"><div class=\"uagb-infobox-margin-wrapper\"><div class=\"uagb-ifb-content\"><div class=\"uagb-ifb-title-wrap\"><p class=\"uagb-ifb-title-prefix\">\u00danete a nosotros<\/p><h2 class=\"uagb-ifb-title\">Transforma tus ideas en innovaci\u00f3n con nosotros<\/h2><\/div><p class=\"uagb-ifb-desc\">Cont\u00e1ctanos para explorar c\u00f3mo podemos colaborar y llevar tus proyectos a nuevos horizontes.<\/p><div class=\"uagb-ifb-button-wrapper wp-block-button\"><a href=\"\/contact\" class=\"uagb-infobox-cta-link wp-block-button__link\" target=\"_self\" rel=\"noopener noreferrer\" onclick=\"return true;\"><span class=\"uagb-inline-editing\">Descubre m\u00e1s<\/span><\/a><\/div><\/div><\/div><\/div>\n\n\n\n<div class=\"wp-block-uagb-image uagb-block-7baf2f18 wp-block-uagb-image--layout-default wp-block-uagb-image--effect-static wp-block-uagb-image--align-none uag-hide-mob\"><figure class=\"wp-block-uagb-image__figure\"><img loading=\"lazy\" decoding=\"async\" srcset=\"https:\/\/fundacionleitat.org\/wp-content\/uploads\/2025\/04\/int32.jpg ,https:\/\/fundacionleitat.org\/wp-content\/uploads\/2025\/04\/int32.jpg 780w, https:\/\/fundacionleitat.org\/wp-content\/uploads\/2025\/04\/int32.jpg 360w\" sizes=\"auto, (max-width: 480px) 150px\" src=\"https:\/\/fundacionleitat.org\/wp-content\/uploads\/2025\/04\/int32.jpg\" alt=\"\" class=\"uag-image-15\" width=\"180\" height=\"180\" title=\"footer-02\" loading=\"lazy\" role=\"img\"\/><\/figure><\/div>\n<\/div><\/div>\n","protected":false},"excerpt":{"rendered":"","protected":false},"author":1,"featured_media":0,"parent":0,"menu_order":0,"comment_status":"closed","ping_status":"closed","template":"","meta":{"_acf_changed":false,"site-sidebar-layout":"default","site-content-layout":"","ast-site-content-layout":"default","site-content-style":"default","site-sidebar-style":"default","ast-global-header-display":"","ast-banner-title-visibility":"","ast-main-header-display":"","ast-hfb-above-header-display":"","ast-hfb-below-header-display":"","ast-hfb-mobile-header-display":"","site-post-title":"disabled","ast-breadcrumbs-content":"","ast-featured-img":"","footer-sml-layout":"","ast-disable-related-posts":"","theme-transparent-header-meta":"enabled","adv-header-id-meta":"","stick-header-meta":"","header-above-stick-meta":"","header-main-stick-meta":"","header-below-stick-meta":"","astra-migrate-meta-layouts":"default","ast-page-background-enabled":"default","ast-page-background-meta":{"desktop":{"background-color":"var(--ast-global-color-4)","background-image":"","background-repeat":"repeat","background-position":"center center","background-size":"auto","background-attachment":"scroll","background-type":"","background-media":"","overlay-type":"","overlay-color":"","overlay-opacity":"","overlay-gradient":""},"tablet":{"background-color":"","background-image":"","background-repeat":"repeat","background-position":"center center","background-size":"auto","background-attachment":"scroll","background-type":"","background-media":"","overlay-type":"","overlay-color":"","overlay-opacity":"","overlay-gradient":""},"mobile":{"background-color":"","background-image":"","background-repeat":"repeat","background-position":"center center","background-size":"auto","background-attachment":"scroll","background-type":"","background-media":"","overlay-type":"","overlay-color":"","overlay-opacity":"","overlay-gradient":""}},"ast-content-background-meta":{"desktop":{"background-color":"var(--ast-global-color-5)","background-image":"","background-repeat":"repeat","background-position":"center center","background-size":"auto","background-attachment":"scroll","background-type":"","background-media":"","overlay-type":"","overlay-color":"","overlay-opacity":"","overlay-gradient":""},"tablet":{"background-color":"var(--ast-global-color-5)","background-image":"","background-repeat":"repeat","background-position":"center center","background-size":"auto","background-attachment":"scroll","background-type":"","background-media":"","overlay-type":"","overlay-color":"","overlay-opacity":"","overlay-gradient":""},"mobile":{"background-color":"var(--ast-global-color-5)","background-image":"","background-repeat":"repeat","background-position":"center center","background-size":"auto","background-attachment":"scroll","background-type":"","background-media":"","overlay-type":"","overlay-color":"","overlay-opacity":"","overlay-gradient":""}},"footnotes":""},"class_list":["post-2707","page","type-page","status-publish","hentry"],"acf":[],"_links":{"self":[{"href":"https:\/\/fundacionleitat.org\/ca\/wp-json\/wp\/v2\/pages\/2707","targetHints":{"allow":["GET"]}}],"collection":[{"href":"https:\/\/fundacionleitat.org\/ca\/wp-json\/wp\/v2\/pages"}],"about":[{"href":"https:\/\/fundacionleitat.org\/ca\/wp-json\/wp\/v2\/types\/page"}],"author":[{"embeddable":true,"href":"https:\/\/fundacionleitat.org\/ca\/wp-json\/wp\/v2\/users\/1"}],"replies":[{"embeddable":true,"href":"https:\/\/fundacionleitat.org\/ca\/wp-json\/wp\/v2\/comments?post=2707"}],"version-history":[{"count":2,"href":"https:\/\/fundacionleitat.org\/ca\/wp-json\/wp\/v2\/pages\/2707\/revisions"}],"predecessor-version":[{"id":2709,"href":"https:\/\/fundacionleitat.org\/ca\/wp-json\/wp\/v2\/pages\/2707\/revisions\/2709"}],"wp:attachment":[{"href":"https:\/\/fundacionleitat.org\/ca\/wp-json\/wp\/v2\/media?parent=2707"}],"curies":[{"name":"wp","href":"https:\/\/api.w.org\/{rel}","templated":true}]}}