{"id":2719,"date":"2025-05-12T12:53:55","date_gmt":"2025-05-12T12:53:55","guid":{"rendered":"https:\/\/fundacionleitat.org\/politica-de-privadesa\/"},"modified":"2025-07-28T14:54:10","modified_gmt":"2025-07-28T14:54:10","slug":"politica-de-privadesa","status":"publish","type":"page","link":"https:\/\/fundacionleitat.org\/ca\/politica-de-privadesa\/","title":{"rendered":"Pol\u00edtica de Privadesa"},"content":{"rendered":"\t\t<div data-elementor-type=\"wp-page\" data-elementor-id=\"2719\" class=\"elementor elementor-2719 elementor-1596\" data-elementor-post-type=\"page\">\n\t\t\t\t<div class=\"elementor-element elementor-element-b45e788 e-con-full e-flex e-con e-parent\" data-id=\"b45e788\" data-element_type=\"container\" data-e-type=\"container\" data-settings=\"{&quot;background_background&quot;:&quot;classic&quot;}\">\n\t\t\t\t<div class=\"elementor-element elementor-element-abb1c00 elementor-widget elementor-widget-heading\" data-id=\"abb1c00\" data-element_type=\"widget\" data-e-type=\"widget\" data-widget_type=\"heading.default\">\n\t\t\t\t\t<h1 class=\"elementor-heading-title elementor-size-default\">Pol\u00edtica de Privadesa<\/h1>\t\t\t\t<\/div>\n\t\t\t\t<\/div>\n\t\t<div class=\"elementor-element elementor-element-4652c21 e-flex e-con-boxed e-con e-parent\" data-id=\"4652c21\" data-element_type=\"container\" data-e-type=\"container\">\n\t\t\t\t\t<div class=\"e-con-inner\">\n\t\t\t\t<div class=\"elementor-element elementor-element-29d2751 elementor-widget__width-inherit elementor-widget elementor-widget-text-editor\" data-id=\"29d2751\" data-element_type=\"widget\" data-e-type=\"widget\" data-widget_type=\"text-editor.default\">\n\t\t\t\t\t\t\t\t\t<h2 data-start=\"111\" data-end=\"140\">1. INFORMACI\u00d3 DE L&#8217;USUARI<\/h2><p> <\/p><p data-start=\"142\" data-end=\"483\"><strong data-start=\"142\" data-end=\"211\">Qui \u00e9s el responsable del tractament de les teves dades personals?<\/strong><br data-start=\"211\" data-end=\"214\">FUNDACI\u00d3 LEITAT \u00e9s el RESPONSABLE del tractament de les dades personals de l&#8217;USUARI i informa que aquestes dades seran tractades de conformitat amb el que disposa el Reglament (UE) 2016\/679, del 27 d&#8217;abril (RGPD), i la Llei Org\u00e0nica 3\/2018, del 5 de desembre (LOPDGDD).<\/p><p data-start=\"490\" data-end=\"658\"><strong data-start=\"490\" data-end=\"534\">Per qu\u00e8 tractem les teves dades personals?<\/strong><br data-start=\"534\" data-end=\"537\">Per tal de mantenir una relaci\u00f3 comercial amb l&#8217;USUARI. Les operacions previstes per realitzar el tractament s\u00f3n: <\/p><ul data-start=\"660\" data-end=\"1723\"><li data-start=\"660\" data-end=\"1163\"><p data-start=\"662\" data-end=\"1163\">Enviament de comunicacions comercials publicit\u00e0ries per correu electr\u00f2nic, fax, SMS, MMS, xarxes socials o qualsevol altre mitj\u00e0 electr\u00f2nic o f\u00edsic, present o futur, que possibiliti la realitzaci\u00f3 de comunicacions comercials. Aquestes comunicacions seran realitzades pel RESPONSABLE i estaran relacionades amb els seus productes i serveis, o amb els dels seus socis o prove\u00efdors amb qu\u00e8 hagi assolit un acord de promoci\u00f3. En aquest cas, els tercers mai no tindran acc\u00e9s a les dades personals.  <\/p><\/li><li data-start=\"1165\" data-end=\"1341\"><p data-start=\"1167\" data-end=\"1341\">Enviament i recepci\u00f3 de curr\u00edculums (CVs) i emplenament de formularis: gesti\u00f3 de processos de selecci\u00f3 de personal habilitats o que puguin habilitar-se pel RESPONSABLE.<\/p><\/li><li data-start=\"1343\" data-end=\"1404\"><p data-start=\"1345\" data-end=\"1404\">Realitzaci\u00f3 d&#8217;estudis de mercat i an\u00e0lisis estad\u00edstiques.<\/p><\/li><li data-start=\"1406\" data-end=\"1612\"><p data-start=\"1408\" data-end=\"1612\">Tramitar enc\u00e0rrecs, sol\u00b7licituds, donar resposta a consultes o qualsevol tipus de petici\u00f3 que faci l&#8217;USUARI a trav\u00e9s de qualsevol de les formes de contacte disponibles a la p\u00e0gina web del RESPONSABLE.<\/p><\/li><li data-start=\"1614\" data-end=\"1723\"><p data-start=\"1616\" data-end=\"1723\">Enviament del butllet\u00ed informatiu en l\u00ednia amb not\u00edcies, ofertes i promocions relacionades amb el RESPONSABLE.<\/p><\/li><\/ul><p data-start=\"1730\" data-end=\"1846\"><strong data-start=\"1730\" data-end=\"1779\">Per qu\u00e8 podem tractar les teves dades personals?<\/strong><br data-start=\"1779\" data-end=\"1782\">Perqu\u00e8 el tractament \u00e9s l\u00edcit d&#8217;acord amb l&#8217;article 6 del RGPD:<\/p><ul data-start=\"1848\" data-end=\"2136\"><li data-start=\"1848\" data-end=\"1985\"><p data-start=\"1850\" data-end=\"1985\"><strong data-start=\"1850\" data-end=\"1880\">Consentiment de l&#8217;USUARI<\/strong>: per gestionar la seva candidatura laboral, l&#8217;enviament de comunicacions comercials i el butllet\u00ed informatiu.<\/p><\/li><li data-start=\"1987\" data-end=\"2136\"><p data-start=\"1989\" data-end=\"2136\"><strong data-start=\"1989\" data-end=\"2025\">Inter\u00e8s leg\u00edtim del RESPONSABLE<\/strong>: realitzar estudis de mercat, an\u00e0lisis estad\u00edstiques i tramitar enc\u00e0rrecs o sol\u00b7licituds a petici\u00f3 de l&#8217;USUARI.<\/p><\/li><\/ul><p data-start=\"2143\" data-end=\"2384\"><strong data-start=\"2143\" data-end=\"2205\">Durant quant de temps conservarem les teves dades personals?<\/strong><br data-start=\"2205\" data-end=\"2208\">Les dades personals es conservaran no m\u00e9s temps del necessari per mantenir la finalitat del tractament o mentre hi hagi prescripcions legals que en determinin la cust\u00f2dia.<\/p><p data-start=\"2386\" data-end=\"2565\">Quan ja no sigui necessari per a aquesta finalitat, les dades seran eliminades mitjan\u00e7ant mesures de seguretat adequades que en garanteixin l&#8217;anonimitzaci\u00f3 o la destrucci\u00f3 total.<\/p><p data-start=\"2572\" data-end=\"2721\"><strong data-start=\"2572\" data-end=\"2618\">A qui comuniquem les teves dades personals?<\/strong><br data-start=\"2618\" data-end=\"2621\">No est\u00e0 prevista cap comunicaci\u00f3 de dades personals a tercers, llevat dels casos seg\u00fcents:<\/p><ul data-start=\"2723\" data-end=\"3064\"><li data-start=\"2723\" data-end=\"2742\"><p data-start=\"2725\" data-end=\"2742\">Obligaci\u00f3 legal.<\/p><\/li><li data-start=\"2744\" data-end=\"3064\"><p data-start=\"2746\" data-end=\"3064\">Quan sigui necessari per al desenvolupament i execuci\u00f3 de les finalitats del tractament, als nostres prove\u00efdors de serveis relacionats amb les comunicacions amb qu\u00e8 el RESPONSABLE hagi subscrit els contractes de confidencialitat i d&#8217;encarregat de tractament exigits per la normativa vigent en mat\u00e8ria de privadesa.<\/p><\/li><\/ul><p data-start=\"3071\" data-end=\"3132\"><strong data-start=\"3071\" data-end=\"3100\">Quins s\u00f3n els teus drets?<\/strong><br data-start=\"3100\" data-end=\"3103\">Els drets de l&#8217;USUARI s\u00f3n:<\/p><ul data-start=\"3134\" data-end=\"3476\"><li data-start=\"3134\" data-end=\"3193\"><p data-start=\"3136\" data-end=\"3193\">Dret a retirar el consentiment en qualsevol moment.<\/p><\/li><li data-start=\"3195\" data-end=\"3316\"><p data-start=\"3197\" data-end=\"3316\">Dret d&#8217;acc\u00e9s, rectificaci\u00f3, portabilitat i supressi\u00f3 de les seves dades i a la limitaci\u00f3 o oposici\u00f3 al tractament.<\/p><\/li><li data-start=\"3318\" data-end=\"3476\"><p data-start=\"3320\" data-end=\"3476\">Dret a presentar una reclamaci\u00f3 davant l&#8217;Autoritat de Control Espanyola ( <a class=\"\" href=\"http:\/\/www.aepd.es\" target=\"_new\" rel=\"noopener\" data-start=\"3395\" data-end=\"3406\">www.aepd.es<\/a> ) si considera que el tractament no s&#8217;ajusta a la normativa vigent.<\/p><\/li><\/ul><p data-start=\"3483\" data-end=\"3644\"><strong data-start=\"3483\" data-end=\"3531\">Dades de contacte per exercir els teus drets:<\/strong><br data-start=\"3531\" data-end=\"3534\"> FUNDACI\u00d3 LEITAT<br data-start=\"3550\" data-end=\"3553\"> C\/ Innovaci\u00f3, 2 &#8211; 08225 TERRASSA (Barcelona)<br data-start=\"3597\" data-end=\"3600\"> Correu electr\u00f2nic: <a class=\"cursor-pointer\" rel=\"noopener\" data-start=\"3620\" data-end=\"3644\">info@fundacionleitat.org<\/a><\/p><p data-start=\"3646\" data-end=\"3725\"><strong data-start=\"3646\" data-end=\"3704\">Dades de contacte del delegat de protecci\u00f3 de dades:<\/strong><br data-start=\"3704\" data-end=\"3707\"> <a class=\"cursor-pointer\" rel=\"noopener\" data-start=\"3707\" data-end=\"3725\">info@badia-adv.com<\/a><\/p><h2 data-start=\"3732\" data-end=\"3813\">2. CAR\u00c0CTER OBLIGATORI O OPCIONAL DE LA INFORMACI\u00d3 FACILITADA PER L&#8217;USUARI<\/h2><p data-start=\"3815\" data-end=\"4055\">L&#8217;USUARI, mitjan\u00e7ant la marcaci\u00f3 de les caselles corresponents i la introducci\u00f3 de dades als camps assenyalats, accepta expressa, lliurement i inequ\u00edvocament que les seves dades s\u00f3n necess\u00e0ries per atendre la seva petici\u00f3, per part del RESPONSABLE.<\/p><p data-start=\"4057\" data-end=\"4309\">El RESPONSABLE indicar\u00e0 quines dades s\u00f3n necess\u00e0ries per prestar un servei \u00f2ptim a l&#8217;USUARI. En cas que no es facilitin aquestes dades, no es garanteix que la informaci\u00f3 i els serveis proporcionats s&#8217;ajustin completament a les seves necessitats. <\/p><p data-start=\"4311\" data-end=\"4461\">L&#8217;USUARI garanteix que les dades personals facilitades al RESPONSABLE s\u00f3n veraces i es compromet a comunicar-ne qualsevol modificaci\u00f3.<\/p><h2 data-start=\"4468\" data-end=\"4494\">3. MESURES DE SEGURETAT<\/h2><p data-start=\"4496\" data-end=\"4932\">El RESPONSABLE est\u00e0 complint amb totes les disposicions del RGPD i la LOPDGDD per al tractament de les dades personals de qu\u00e8 n&#8217;\u00e9s responsable, i manifestament amb els principis descrits a l&#8217;article 5 del RGPD, pels quals les dades s\u00f3n tractades de manera l\u00edcita, lleial i transparent en relaci\u00f3 amb l&#8217;interessat i adequades, pertinents i limitades al que s\u00f3n necess\u00e0ries.<\/p><p data-start=\"4934\" data-end=\"5236\">El RESPONSABLE garanteix que ha implementat pol\u00edtiques t\u00e8cniques i organitzatives apropiades per aplicar les mesures de seguretat que estableix el RGPD i la LOPDGDD per tal de protegir els drets i les llibertats dels USUARIS i ha comunicat la informaci\u00f3 adequada perqu\u00e8 aquests puguin exercir-los.<\/p><p data-start=\"5243\" data-end=\"5464\"><strong data-start=\"5243\" data-end=\"5351\">Per a m\u00e9s informaci\u00f3 sobre les garanties de privadesa, pots contactar amb el RESPONSABLE a trav\u00e9s de:<\/strong><br data-start=\"5351\" data-end=\"5354\"> FUNDACI\u00d3 LEITAT<br data-start=\"5370\" data-end=\"5373\"> C\/ Innovaci\u00f3, 2 &#8211; 08225 TERRASSA (Barcelona)<br data-start=\"5417\" data-end=\"5420\"> Correu electr\u00f2nic: <a class=\"cursor-pointer\" rel=\"noopener\" data-start=\"5440\" data-end=\"5464\">info@fundacionleitat.org<\/a><\/p><p data-start=\"5466\" data-end=\"5545\"><strong data-start=\"5466\" data-end=\"5524\">Dades de contacte del delegat de protecci\u00f3 de dades:<\/strong><br data-start=\"5524\" data-end=\"5527\"> <a class=\"cursor-pointer\" rel=\"noopener\" data-start=\"5527\" data-end=\"5545\">info@badia-adv.com<\/a><\/p>\t\t\t\t\t\t\t\t<\/div>\n\t\t\t\t\t<\/div>\n\t\t\t\t<\/div>\n\t\t\t\t<\/div>\n\t\t","protected":false},"excerpt":{"rendered":"<p>1. INFORMACI\u00d3 DE L&#8217;USUARI Qui \u00e9s el responsable del tractament de les teves dades personals?FUNDACI\u00d3 LEITAT \u00e9s el RESPONSABLE del [&hellip;]<\/p>\n","protected":false},"author":1,"featured_media":0,"parent":0,"menu_order":0,"comment_status":"closed","ping_status":"closed","template":"elementor_header_footer","meta":{"_acf_changed":false,"site-sidebar-layout":"no-sidebar","site-content-layout":"","ast-site-content-layout":"full-width-container","site-content-style":"default","site-sidebar-style":"default","ast-global-header-display":"","ast-banner-title-visibility":"","ast-main-header-display":"","ast-hfb-above-header-display":"","ast-hfb-below-header-display":"","ast-hfb-mobile-header-display":"","site-post-title":"disabled","ast-breadcrumbs-content":"","ast-featured-img":"disabled","footer-sml-layout":"","ast-disable-related-posts":"","theme-transparent-header-meta":"","adv-header-id-meta":"","stick-header-meta":"","header-above-stick-meta":"","header-main-stick-meta":"","header-below-stick-meta":"","astra-migrate-meta-layouts":"default","ast-page-background-enabled":"default","ast-page-background-meta":{"desktop":{"background-color":"var(--ast-global-color-4)","background-image":"","background-repeat":"repeat","background-position":"center center","background-size":"auto","background-attachment":"scroll","background-type":"","background-media":"","overlay-type":"","overlay-color":"","overlay-opacity":"","overlay-gradient":""},"tablet":{"background-color":"","background-image":"","background-repeat":"repeat","background-position":"center center","background-size":"auto","background-attachment":"scroll","background-type":"","background-media":"","overlay-type":"","overlay-color":"","overlay-opacity":"","overlay-gradient":""},"mobile":{"background-color":"","background-image":"","background-repeat":"repeat","background-position":"center center","background-size":"auto","background-attachment":"scroll","background-type":"","background-media":"","overlay-type":"","overlay-color":"","overlay-opacity":"","overlay-gradient":""}},"ast-content-background-meta":{"desktop":{"background-color":"var(--ast-global-color-5)","background-image":"","background-repeat":"repeat","background-position":"center center","background-size":"auto","background-attachment":"scroll","background-type":"","background-media":"","overlay-type":"","overlay-color":"","overlay-opacity":"","overlay-gradient":""},"tablet":{"background-color":"var(--ast-global-color-5)","background-image":"","background-repeat":"repeat","background-position":"center center","background-size":"auto","background-attachment":"scroll","background-type":"","background-media":"","overlay-type":"","overlay-color":"","overlay-opacity":"","overlay-gradient":""},"mobile":{"background-color":"var(--ast-global-color-5)","background-image":"","background-repeat":"repeat","background-position":"center center","background-size":"auto","background-attachment":"scroll","background-type":"","background-media":"","overlay-type":"","overlay-color":"","overlay-opacity":"","overlay-gradient":""}},"footnotes":""},"class_list":["post-2719","page","type-page","status-publish","hentry"],"acf":[],"_links":{"self":[{"href":"https:\/\/fundacionleitat.org\/ca\/wp-json\/wp\/v2\/pages\/2719","targetHints":{"allow":["GET"]}}],"collection":[{"href":"https:\/\/fundacionleitat.org\/ca\/wp-json\/wp\/v2\/pages"}],"about":[{"href":"https:\/\/fundacionleitat.org\/ca\/wp-json\/wp\/v2\/types\/page"}],"author":[{"embeddable":true,"href":"https:\/\/fundacionleitat.org\/ca\/wp-json\/wp\/v2\/users\/1"}],"replies":[{"embeddable":true,"href":"https:\/\/fundacionleitat.org\/ca\/wp-json\/wp\/v2\/comments?post=2719"}],"version-history":[{"count":4,"href":"https:\/\/fundacionleitat.org\/ca\/wp-json\/wp\/v2\/pages\/2719\/revisions"}],"predecessor-version":[{"id":2804,"href":"https:\/\/fundacionleitat.org\/ca\/wp-json\/wp\/v2\/pages\/2719\/revisions\/2804"}],"wp:attachment":[{"href":"https:\/\/fundacionleitat.org\/ca\/wp-json\/wp\/v2\/media?parent=2719"}],"curies":[{"name":"wp","href":"https:\/\/api.w.org\/{rel}","templated":true}]}}