{"id":3494,"date":"2026-01-17T02:41:44","date_gmt":"2026-01-17T02:41:44","guid":{"rendered":"https:\/\/fundacionleitat.org\/rhia-vo-reto-hospitalario-inteligencia-artificial-valles-occidental\/"},"modified":"2026-03-09T09:52:11","modified_gmt":"2026-03-09T09:52:11","slug":"rhia-vo-reto-hospitalario-inteligencia-artificial-valles-occidental","status":"publish","type":"page","link":"https:\/\/fundacionleitat.org\/ca\/rhia-vo-reto-hospitalario-inteligencia-artificial-valles-occidental\/","title":{"rendered":"RHIA-VO: Repte Hospitalari d&#8217;Intel\u00b7lig\u00e8ncia Artificial al Vall\u00e8s Occidental"},"content":{"rendered":"\t\t<div data-elementor-type=\"wp-page\" data-elementor-id=\"3494\" class=\"elementor elementor-3494 elementor-3427\" data-elementor-post-type=\"page\">\n\t\t\t\t<div class=\"elementor-element elementor-element-3c15ea6 e-con-full e-flex e-con e-parent\" data-id=\"3c15ea6\" data-element_type=\"container\" data-e-type=\"container\" data-settings=\"{&quot;background_background&quot;:&quot;classic&quot;}\">\n\t\t\t\t<div class=\"elementor-element elementor-element-3613439 elementor-widget elementor-widget-image\" data-id=\"3613439\" data-element_type=\"widget\" data-e-type=\"widget\" data-widget_type=\"image.default\">\n\t\t\t\t\t\t\t\t\t\t\t\t\t\t\t<img fetchpriority=\"high\" decoding=\"async\" width=\"1024\" height=\"683\" src=\"https:\/\/fundacionleitat.org\/wp-content\/uploads\/2026\/01\/Logo-1_transparante_v2-1024x683.png\" class=\"attachment-large size-large wp-image-3433\" alt=\"\" srcset=\"https:\/\/fundacionleitat.org\/wp-content\/uploads\/2026\/01\/Logo-1_transparante_v2-1024x683.png 1024w, https:\/\/fundacionleitat.org\/wp-content\/uploads\/2026\/01\/Logo-1_transparante_v2-300x200.png 300w, https:\/\/fundacionleitat.org\/wp-content\/uploads\/2026\/01\/Logo-1_transparante_v2-768x512.png 768w, https:\/\/fundacionleitat.org\/wp-content\/uploads\/2026\/01\/Logo-1_transparante_v2.png 1536w\" sizes=\"(max-width: 1024px) 100vw, 1024px\" \/>\t\t\t\t\t\t\t\t\t\t\t\t\t\t\t<\/div>\n\t\t\t\t<\/div>\n\t\t<div class=\"elementor-element elementor-element-1036c09 e-flex e-con-boxed e-con e-parent\" data-id=\"1036c09\" data-element_type=\"container\" data-e-type=\"container\">\n\t\t\t\t\t<div class=\"e-con-inner\">\n\t\t\t\t<div class=\"elementor-element elementor-element-a8db1f8 elementor-invisible elementor-widget elementor-widget-heading\" data-id=\"a8db1f8\" data-element_type=\"widget\" data-e-type=\"widget\" data-settings=\"{&quot;_animation&quot;:&quot;fadeInUp&quot;}\" data-widget_type=\"heading.default\">\n\t\t\t\t\t<h1 class=\"elementor-heading-title elementor-size-default\">RHIA-VO: Repte Hospitalari d'Intel\u00b7lig\u00e8ncia Artificial al Vall\u00e8s Occidental<\/h1>\t\t\t\t<\/div>\n\t\t\t\t<div class=\"elementor-element elementor-element-e38eee9 elementor-invisible elementor-widget elementor-widget-text-editor\" data-id=\"e38eee9\" data-element_type=\"widget\" data-e-type=\"widget\" data-settings=\"{&quot;_animation&quot;:&quot;fadeInUp&quot;}\" data-widget_type=\"text-editor.default\">\n\t\t\t\t\t\t\t\t\t<p>El projecte RHIA-VO (Repte Hospitalari d&#8217;Intel\u00b7lig\u00e8ncia Artificial al Vall\u00e8s Occidental) \u00e9s una iniciativa adre\u00e7ada a impulsar la integraci\u00f3 efectiva de solucions d&#8217;IA a l&#8217;entorn hospitalari, mitjan\u00e7ant un pilot en condicions reals i amb focus als principals reptes assistencials identificats per professionals i experts sanitaris. El projecte guanyador del repte dur\u00e0 a terme una prova pilot a l&#8217;Hospital Universitari M\u00fatuaTerrassa, amb equips cl\u00ednics implicats, protocols definits i m\u00e8triques de seguiment i impacte per avaluar resultats i escalabilitat al sistema de salut i social catal\u00e0. <\/p><p>RHIA-VO s&#8217;orienta a millorar la qualitat assistencial, l&#8217;efici\u00e8ncia operativa i la sostenibilitat del sistema sanitari, consolidant el Vall\u00e8s Occidental com un pol d&#8217;innovaci\u00f3 en salut digital. El programa facilita que startups, pimes, spin-offs i universitats puguin testar les solucions d&#8217;IA en un entorn hospitalari de refer\u00e8ncia, superant les barreres habituals d&#8217;acc\u00e9s a escenaris reals per a projectes demostratius. <\/p><p>\u200bEl projecte est\u00e0 coordinat per la Fundaci\u00f3 Leitat i la Fundaci\u00f3 M\u00fatuaTerrassa per a la Doc\u00e8ncia i la Recerca Biom\u00e8dica i Social, en col\u00b7laboraci\u00f3 amb la Cambra Oficial de Comer\u00e7, Ind\u00fastria i Serveis de Terrassa. A trav\u00e9s del Digital Impulse Hub, coordinat per la Cambra de Comer\u00e7 de Terrassa, RHIA-VO es nodreix del teixit innovador i empresarial del territori i promou la col\u00b7laboraci\u00f3 entre agents p\u00fablics i privats per afavorir la transfer\u00e8ncia de coneixement i l&#8217;adopci\u00f3 de solucions d&#8217;IA d&#8217;alt impacte. <\/p><p>RHIA-VO s&#8217;emmarca al Programa RETECH 2025 de Xarxes Territorials d&#8217;Especialitzaci\u00f3 Tecnol\u00f2gica, dins del Pla de Recuperaci\u00f3, Transformaci\u00f3 i Resili\u00e8ncia. La iniciativa compta amb el suport del Departament d&#8217;Empresa i Treball de la Generalitat de Catalunya i est\u00e0 cofinan\u00e7ada pels fons Next Generation a trav\u00e9s del Mecanisme de Recuperaci\u00f3 i Resili\u00e8ncia (MRR) del Govern d&#8217;Espanya, alineant-se amb l&#8217;estrat\u00e8gia CATALONIA.AI i amb els objectius de transici\u00f3 digital, cohesi\u00f3 territorial i millora de la qualitat de vida de la ciutadania. <\/p>\t\t\t\t\t\t\t\t<\/div>\n\t\t\t\t<div class=\"elementor-element elementor-element-4444d90 elementor-widget__width-inherit elementor-widget elementor-widget-heading\" data-id=\"4444d90\" data-element_type=\"widget\" data-e-type=\"widget\" data-widget_type=\"heading.default\">\n\t\t\t\t\t<h3 class=\"elementor-heading-title elementor-size-default\">Socis:<\/h3>\t\t\t\t<\/div>\n\t\t<div class=\"elementor-element elementor-element-c74fe0e e-grid e-con-full e-con e-child\" data-id=\"c74fe0e\" data-element_type=\"container\" data-e-type=\"container\">\n\t\t\t\t<div class=\"elementor-element elementor-element-736b67b elementor-widget elementor-widget-image\" data-id=\"736b67b\" data-element_type=\"widget\" data-e-type=\"widget\" data-widget_type=\"image.default\">\n\t\t\t\t\t\t\t\t\t\t\t\t\t\t\t<img decoding=\"async\" width=\"1024\" height=\"555\" src=\"https:\/\/fundacionleitat.org\/wp-content\/uploads\/2026\/01\/FundacioLeitat-RGB-cat-1024x555.png\" class=\"attachment-large size-large wp-image-3439\" alt=\"\" srcset=\"https:\/\/fundacionleitat.org\/wp-content\/uploads\/2026\/01\/FundacioLeitat-RGB-cat-1024x555.png 1024w, https:\/\/fundacionleitat.org\/wp-content\/uploads\/2026\/01\/FundacioLeitat-RGB-cat-300x163.png 300w, https:\/\/fundacionleitat.org\/wp-content\/uploads\/2026\/01\/FundacioLeitat-RGB-cat-768x416.png 768w, https:\/\/fundacionleitat.org\/wp-content\/uploads\/2026\/01\/FundacioLeitat-RGB-cat-1536x833.png 1536w, https:\/\/fundacionleitat.org\/wp-content\/uploads\/2026\/01\/FundacioLeitat-RGB-cat-2048x1110.png 2048w\" sizes=\"(max-width: 1024px) 100vw, 1024px\" \/>\t\t\t\t\t\t\t\t\t\t\t\t\t\t\t<\/div>\n\t\t\t\t<div class=\"elementor-element elementor-element-848bc8a elementor-widget elementor-widget-image\" data-id=\"848bc8a\" data-element_type=\"widget\" data-e-type=\"widget\" data-widget_type=\"image.default\">\n\t\t\t\t\t\t\t\t\t\t\t\t\t\t\t<img decoding=\"async\" width=\"450\" height=\"150\" src=\"https:\/\/fundacionleitat.org\/wp-content\/uploads\/2026\/01\/fundacio_docencia_recerca.png\" class=\"attachment-large size-large wp-image-3442\" alt=\"\" srcset=\"https:\/\/fundacionleitat.org\/wp-content\/uploads\/2026\/01\/fundacio_docencia_recerca.png 450w, https:\/\/fundacionleitat.org\/wp-content\/uploads\/2026\/01\/fundacio_docencia_recerca-300x100.png 300w\" sizes=\"(max-width: 450px) 100vw, 450px\" \/>\t\t\t\t\t\t\t\t\t\t\t\t\t\t\t<\/div>\n\t\t\t\t<div class=\"elementor-element elementor-element-cd97e2c elementor-widget elementor-widget-image\" data-id=\"cd97e2c\" data-element_type=\"widget\" data-e-type=\"widget\" data-widget_type=\"image.default\">\n\t\t\t\t\t\t\t\t\t\t\t\t\t\t\t<img loading=\"lazy\" decoding=\"async\" width=\"486\" height=\"122\" src=\"https:\/\/fundacionleitat.org\/wp-content\/uploads\/2026\/01\/Cambra-de-comerc-de-Terrassa-logo.webp\" class=\"attachment-large size-large wp-image-3445\" alt=\"\" srcset=\"https:\/\/fundacionleitat.org\/wp-content\/uploads\/2026\/01\/Cambra-de-comerc-de-Terrassa-logo.webp 486w, https:\/\/fundacionleitat.org\/wp-content\/uploads\/2026\/01\/Cambra-de-comerc-de-Terrassa-logo-300x75.webp 300w\" sizes=\"(max-width: 486px) 100vw, 486px\" \/>\t\t\t\t\t\t\t\t\t\t\t\t\t\t\t<\/div>\n\t\t\t\t<\/div>\n\t\t\t\t<div class=\"elementor-element elementor-element-6d95729 elementor-widget__width-inherit elementor-widget elementor-widget-heading\" data-id=\"6d95729\" data-element_type=\"widget\" data-e-type=\"widget\" data-widget_type=\"heading.default\">\n\t\t\t\t\t<h3 class=\"elementor-heading-title elementor-size-default\">Finan\u00e7at per:<\/h3>\t\t\t\t<\/div>\n\t\t<div class=\"elementor-element elementor-element-cf9b54d e-grid e-con-full e-con e-child\" data-id=\"cf9b54d\" data-element_type=\"container\" data-e-type=\"container\">\n\t\t\t\t<div class=\"elementor-element elementor-element-f234142 elementor-widget elementor-widget-image\" data-id=\"f234142\" data-element_type=\"widget\" data-e-type=\"widget\" data-widget_type=\"image.default\">\n\t\t\t\t\t\t\t\t\t\t\t\t\t\t\t<img loading=\"lazy\" decoding=\"async\" width=\"414\" height=\"121\" src=\"https:\/\/fundacionleitat.org\/wp-content\/uploads\/2026\/01\/UE-Next-Generation.png\" class=\"attachment-large size-large wp-image-3457\" alt=\"\" srcset=\"https:\/\/fundacionleitat.org\/wp-content\/uploads\/2026\/01\/UE-Next-Generation.png 414w, https:\/\/fundacionleitat.org\/wp-content\/uploads\/2026\/01\/UE-Next-Generation-300x88.png 300w\" sizes=\"(max-width: 414px) 100vw, 414px\" \/>\t\t\t\t\t\t\t\t\t\t\t\t\t\t\t<\/div>\n\t\t\t\t<div class=\"elementor-element elementor-element-ebfd2d0 elementor-widget elementor-widget-image\" data-id=\"ebfd2d0\" data-element_type=\"widget\" data-e-type=\"widget\" data-widget_type=\"image.default\">\n\t\t\t\t\t\t\t\t\t\t\t\t\t\t\t<img loading=\"lazy\" decoding=\"async\" width=\"509\" height=\"149\" src=\"https:\/\/fundacionleitat.org\/wp-content\/uploads\/2025\/10\/logotipo-generalitat-de-catalunya-departament-de-empresa-i-treball.png\" class=\"attachment-large size-large wp-image-3530\" alt=\"\" srcset=\"https:\/\/fundacionleitat.org\/wp-content\/uploads\/2025\/10\/logotipo-generalitat-de-catalunya-departament-de-empresa-i-treball.png 509w, https:\/\/fundacionleitat.org\/wp-content\/uploads\/2025\/10\/logotipo-generalitat-de-catalunya-departament-de-empresa-i-treball-300x88.png 300w\" sizes=\"(max-width: 509px) 100vw, 509px\" \/>\t\t\t\t\t\t\t\t\t\t\t\t\t\t\t<\/div>\n\t\t\t\t<div class=\"elementor-element elementor-element-2d69db3 elementor-widget elementor-widget-image\" data-id=\"2d69db3\" data-element_type=\"widget\" data-e-type=\"widget\" data-widget_type=\"image.default\">\n\t\t\t\t\t\t\t\t\t\t\t\t\t\t\t<img loading=\"lazy\" decoding=\"async\" width=\"436\" height=\"115\" src=\"https:\/\/fundacionleitat.org\/wp-content\/uploads\/2026\/01\/Next-Generation.png\" class=\"attachment-large size-large wp-image-3454\" alt=\"\" srcset=\"https:\/\/fundacionleitat.org\/wp-content\/uploads\/2026\/01\/Next-Generation.png 436w, https:\/\/fundacionleitat.org\/wp-content\/uploads\/2026\/01\/Next-Generation-300x79.png 300w\" sizes=\"(max-width: 436px) 100vw, 436px\" \/>\t\t\t\t\t\t\t\t\t\t\t\t\t\t\t<\/div>\n\t\t\t\t<div class=\"elementor-element elementor-element-3cda5ac elementor-widget elementor-widget-image\" data-id=\"3cda5ac\" data-element_type=\"widget\" data-e-type=\"widget\" data-widget_type=\"image.default\">\n\t\t\t\t\t\t\t\t\t\t\t\t\t\t\t<img loading=\"lazy\" decoding=\"async\" width=\"580\" height=\"87\" src=\"https:\/\/fundacionleitat.org\/wp-content\/uploads\/2026\/01\/PRTR.png\" class=\"attachment-medium_large size-medium_large wp-image-3448\" alt=\"\" srcset=\"https:\/\/fundacionleitat.org\/wp-content\/uploads\/2026\/01\/PRTR.png 580w, https:\/\/fundacionleitat.org\/wp-content\/uploads\/2026\/01\/PRTR-300x45.png 300w\" sizes=\"(max-width: 580px) 100vw, 580px\" \/>\t\t\t\t\t\t\t\t\t\t\t\t\t\t\t<\/div>\n\t\t\t\t<\/div>\n\t\t\t\t\t<\/div>\n\t\t\t\t<\/div>\n\t\t<div class=\"elementor-element elementor-element-baa2b0d e-con-full e-flex e-con e-parent\" data-id=\"baa2b0d\" data-element_type=\"container\" data-e-type=\"container\">\n\t\t\t\t<div class=\"elementor-element elementor-element-0c7e7ae elementor-widget elementor-widget-template\" data-id=\"0c7e7ae\" data-element_type=\"widget\" data-e-type=\"widget\" data-widget_type=\"template.default\">\n\t\t\t\t<div class=\"elementor-widget-container\">\n\t\t\t\t\t\t\t<div class=\"elementor-template\">\n\t\t\t\t\t<div data-elementor-type=\"container\" data-elementor-id=\"2820\" class=\"elementor elementor-2820 elementor-1765 elementor-1765\" data-elementor-post-type=\"elementor_library\">\n\t\t\t\t<div class=\"elementor-element elementor-element-72aef7ba e-con-full e-flex e-con e-parent\" data-id=\"72aef7ba\" data-element_type=\"container\" data-e-type=\"container\" data-settings=\"{&quot;background_background&quot;:&quot;classic&quot;}\">\n\t\t\t\t<div class=\"elementor-element elementor-element-30d9a4f6 elementor-widget elementor-widget-text-editor\" data-id=\"30d9a4f6\" data-element_type=\"widget\" data-e-type=\"widget\" data-widget_type=\"text-editor.default\">\n\t\t\t\t\t\t\t\t\t<span style=\"font-weight: 400;\">CONTACTA AMB NOSALTRES<\/span> \t\t\t\t\t\t\t\t<\/div>\n\t\t\t\t<div class=\"elementor-element elementor-element-69304fd3 elementor-widget elementor-widget-heading\" data-id=\"69304fd3\" data-element_type=\"widget\" data-e-type=\"widget\" data-widget_type=\"heading.default\">\n\t\t\t\t\t<span class=\"elementor-heading-title elementor-size-default\">Transforma les teves idees en projectes d'innovaci\u00f3<\/span>\t\t\t\t<\/div>\n\t\t\t\t<div class=\"elementor-element elementor-element-7ed34153 elementor-widget elementor-widget-text-editor\" data-id=\"7ed34153\" data-element_type=\"widget\" data-e-type=\"widget\" data-widget_type=\"text-editor.default\">\n\t\t\t\t\t\t\t\t\t<p><span style=\"font-weight: 400;\">Contacta&#8217;ns per explorar com podem col\u00b7laborar<\/span><\/p>\t\t\t\t\t\t\t\t<\/div>\n\t\t\t\t<\/div>\n\t\t\t\t<\/div>\n\t\t\t\t<\/div>\n\t\t\t\t\t\t<\/div>\n\t\t\t\t<\/div>\n\t\t\t\t<\/div>\n\t\t\t\t<\/div>\n\t\t","protected":false},"excerpt":{"rendered":"<p>RHIA-VO: Repte Hospitalari d&#8217;Intel\u00b7lig\u00e8ncia Artificial al Vall\u00e8s Occidental El projecte RHIA-VO (Repte Hospitalari d&#8217;Intel\u00b7lig\u00e8ncia Artificial al Vall\u00e8s Occidental) \u00e9s una [&hellip;]<\/p>\n","protected":false},"author":1,"featured_media":3406,"parent":0,"menu_order":0,"comment_status":"closed","ping_status":"closed","template":"elementor_header_footer","meta":{"_acf_changed":false,"site-sidebar-layout":"no-sidebar","site-content-layout":"","ast-site-content-layout":"full-width-container","site-content-style":"default","site-sidebar-style":"default","ast-global-header-display":"","ast-banner-title-visibility":"","ast-main-header-display":"","ast-hfb-above-header-display":"","ast-hfb-below-header-display":"","ast-hfb-mobile-header-display":"","site-post-title":"","ast-breadcrumbs-content":"","ast-featured-img":"disabled","footer-sml-layout":"","ast-disable-related-posts":"","theme-transparent-header-meta":"","adv-header-id-meta":"","stick-header-meta":"","header-above-stick-meta":"","header-main-stick-meta":"","header-below-stick-meta":"","astra-migrate-meta-layouts":"default","ast-page-background-enabled":"default","ast-page-background-meta":{"desktop":{"background-color":"var(--ast-global-color-4)","background-image":"","background-repeat":"repeat","background-position":"center center","background-size":"auto","background-attachment":"scroll","background-type":"","background-media":"","overlay-type":"","overlay-color":"","overlay-opacity":"","overlay-gradient":""},"tablet":{"background-color":"","background-image":"","background-repeat":"repeat","background-position":"center center","background-size":"auto","background-attachment":"scroll","background-type":"","background-media":"","overlay-type":"","overlay-color":"","overlay-opacity":"","overlay-gradient":""},"mobile":{"background-color":"","background-image":"","background-repeat":"repeat","background-position":"center center","background-size":"auto","background-attachment":"scroll","background-type":"","background-media":"","overlay-type":"","overlay-color":"","overlay-opacity":"","overlay-gradient":""}},"ast-content-background-meta":{"desktop":{"background-color":"var(--ast-global-color-5)","background-image":"","background-repeat":"repeat","background-position":"center center","background-size":"auto","background-attachment":"scroll","background-type":"","background-media":"","overlay-type":"","overlay-color":"","overlay-opacity":"","overlay-gradient":""},"tablet":{"background-color":"var(--ast-global-color-5)","background-image":"","background-repeat":"repeat","background-position":"center center","background-size":"auto","background-attachment":"scroll","background-type":"","background-media":"","overlay-type":"","overlay-color":"","overlay-opacity":"","overlay-gradient":""},"mobile":{"background-color":"var(--ast-global-color-5)","background-image":"","background-repeat":"repeat","background-position":"center center","background-size":"auto","background-attachment":"scroll","background-type":"","background-media":"","overlay-type":"","overlay-color":"","overlay-opacity":"","overlay-gradient":""}},"footnotes":""},"class_list":["post-3494","page","type-page","status-publish","has-post-thumbnail","hentry"],"acf":[],"_links":{"self":[{"href":"https:\/\/fundacionleitat.org\/ca\/wp-json\/wp\/v2\/pages\/3494","targetHints":{"allow":["GET"]}}],"collection":[{"href":"https:\/\/fundacionleitat.org\/ca\/wp-json\/wp\/v2\/pages"}],"about":[{"href":"https:\/\/fundacionleitat.org\/ca\/wp-json\/wp\/v2\/types\/page"}],"author":[{"embeddable":true,"href":"https:\/\/fundacionleitat.org\/ca\/wp-json\/wp\/v2\/users\/1"}],"replies":[{"embeddable":true,"href":"https:\/\/fundacionleitat.org\/ca\/wp-json\/wp\/v2\/comments?post=3494"}],"version-history":[{"count":2,"href":"https:\/\/fundacionleitat.org\/ca\/wp-json\/wp\/v2\/pages\/3494\/revisions"}],"predecessor-version":[{"id":3547,"href":"https:\/\/fundacionleitat.org\/ca\/wp-json\/wp\/v2\/pages\/3494\/revisions\/3547"}],"wp:featuredmedia":[{"embeddable":true,"href":"https:\/\/fundacionleitat.org\/ca\/wp-json\/wp\/v2\/media\/3406"}],"wp:attachment":[{"href":"https:\/\/fundacionleitat.org\/ca\/wp-json\/wp\/v2\/media?parent=3494"}],"curies":[{"name":"wp","href":"https:\/\/api.w.org\/{rel}","templated":true}]}}