{"id":2668,"date":"2025-05-12T12:42:28","date_gmt":"2025-05-12T12:42:28","guid":{"rendered":"https:\/\/fundacionleitat.org\/legal-notice\/"},"modified":"2025-07-30T09:10:07","modified_gmt":"2025-07-30T09:10:07","slug":"legal-notice","status":"publish","type":"page","link":"https:\/\/fundacionleitat.org\/en\/legal-notice\/","title":{"rendered":"Legal Notice"},"content":{"rendered":"\t\t<div data-elementor-type=\"wp-page\" data-elementor-id=\"2668\" class=\"elementor elementor-2668 elementor-1589\" data-elementor-post-type=\"page\">\n\t\t\t\t<div class=\"elementor-element elementor-element-f417524 e-con-full e-flex e-con e-parent\" data-id=\"f417524\" data-element_type=\"container\" data-e-type=\"container\" data-settings=\"{&quot;background_background&quot;:&quot;classic&quot;}\">\n\t\t\t\t<div class=\"elementor-element elementor-element-9a2cc62 elementor-widget elementor-widget-heading\" data-id=\"9a2cc62\" data-element_type=\"widget\" data-e-type=\"widget\" data-widget_type=\"heading.default\">\n\t\t\t\t\t<h1 class=\"elementor-heading-title elementor-size-default\">Legal Notice<\/h1>\t\t\t\t<\/div>\n\t\t\t\t<\/div>\n\t\t<div class=\"elementor-element elementor-element-7af75c8 e-flex e-con-boxed e-con e-parent\" data-id=\"7af75c8\" data-element_type=\"container\" data-e-type=\"container\">\n\t\t\t\t\t<div class=\"e-con-inner\">\n\t\t\t\t<div class=\"elementor-element elementor-element-d83f3b4 elementor-widget__width-inherit elementor-widget elementor-widget-text-editor\" data-id=\"d83f3b4\" data-element_type=\"widget\" data-e-type=\"widget\" data-widget_type=\"text-editor.default\">\n\t\t\t\t\t\t\t\t\t<p data-start=\"101\" data-end=\"116\"><strong data-start=\"101\" data-end=\"116\">Legal Notice<\/strong><\/p><p data-start=\"118\" data-end=\"177\"><strong data-start=\"118\" data-end=\"158\">Identity of the responsible entity:<\/strong><br data-start=\"158\" data-end=\"161\">FUNDACI\u00d3 LEITAT<\/p><p data-start=\"179\" data-end=\"224\"><strong data-start=\"179\" data-end=\"202\">Domain name:<\/strong><br data-start=\"202\" data-end=\"205\">fundacionleitat.org<\/p><p data-start=\"226\" data-end=\"266\"><strong data-start=\"226\" data-end=\"247\">Trade name:<\/strong><br data-start=\"247\" data-end=\"250\">FUNDACI\u00d3 LEITAT<\/p><p data-start=\"268\" data-end=\"322\"><strong data-start=\"268\" data-end=\"310\">Tax Identification Number (NIF):<\/strong><br data-start=\"310\" data-end=\"313\">G64647654<\/p><p data-start=\"324\" data-end=\"404\"><strong data-start=\"324\" data-end=\"338\">Address:<\/strong><br data-start=\"338\" data-end=\"341\">FUNDACI\u00d3 LEITAT<br data-start=\"357\" data-end=\"360\">C\/ Innovaci\u00f3, 2 &#8211; 08225 TERRASSA (Barcelona)<\/p><p data-start=\"406\" data-end=\"455\"><strong data-start=\"406\" data-end=\"429\">E-mail:<\/strong><br data-start=\"429\" data-end=\"432\"><a class=\"cursor-pointer\" rel=\"noopener\" data-start=\"432\" data-end=\"455\">info@fundacioleitat.org<\/a><\/p><p data-start=\"457\" data-end=\"586\"><strong data-start=\"457\" data-end=\"470\">Registry:<\/strong><br data-start=\"470\" data-end=\"473\">Registered under number 1017 in the Registry of Foundations of the Protectorate of the Ministry of Education and Science.<\/p><p data-start=\"593\" data-end=\"856\"><strong data-start=\"593\" data-end=\"621\">Privacy commitment<\/strong><br data-start=\"621\" data-end=\"624\">FUNDACI\u00d3 LEITAT is committed to manage the information of its users and customers with all the guarantees and to comply with the national and European requirements that regulate the collection and use of users&#8217; personal data.<\/p><p data-start=\"858\" data-end=\"1199\">Therefore, this website strictly complies with Regulation (EU) 2016\/679 of the European Parliament and of the Council of 27 April 2016 on the protection of natural persons (RGPD), as well as with Spanish Law 34\/2002, of 11 July, on Information Society Services and Electronic Commerce (LSSICE or LSSI).<\/p><p data-start=\"1201\" data-end=\"1344\">It also complies with Organic Law 3\/2018, of 5 December, on the Protection of Personal Data and Guarantee of Digital Rights (LOPDGDD).<\/p><p data-start=\"1351\" data-end=\"1590\"><strong data-start=\"1351\" data-end=\"1374\">Access to the website<\/strong><br data-start=\"1374\" data-end=\"1377\">Access to the website by users is free of charge. In the case of products or services that require payment, FUNDACI\u00d3 LEITAT will inform users of the specific conditions applicable. <\/p><p data-start=\"1592\" data-end=\"1901\">In general, access to the information and applications of the website does not require prior registration of the user. However, users may request, by filling in the corresponding forms, to receive information and publicity from FUNDACI\u00d3 LEITAT (for example, a newsletter). <\/p><p data-start=\"1903\" data-end=\"2186\">Users guarantee that all information and personal data provided will be truthful, proper and true. They will be solely responsible for any false or inaccurate statement, as well as for the damages that such information may cause to FUNDACI\u00d3 LEITAT or third parties. <\/p><p data-start=\"2188\" data-end=\"2355\">Likewise, users undertake to notify FUNDACI\u00d3 LEITAT of any change that may occur with respect to the information and personal data provided.<\/p><p data-start=\"2357\" data-end=\"2702\">FUNDACI\u00d3 LEITAT reserves the right to interrupt access to its website at any time and without prior notice, whether for security, control, maintenance, power failures or any other cause. Such interruptions may be temporary or permanent, and in the latter case users will be notified. <\/p><p data-start=\"2704\" data-end=\"2878\">Therefore, FUNDACI\u00d3 LEITAT does not guarantee the reliability, availability or continuity of the website in the face of such causes, and cannot be held liable in this regard.<\/p><p data-start=\"2885\" data-end=\"3045\"><strong data-start=\"2885\" data-end=\"2906\">Use of the website<\/strong><br data-start=\"2906\" data-end=\"2909\">The use of FUNDACI\u00d3 LEITAT&#8217;s website confers the condition of user, who accepts that such use is under his\/her own responsibility.<\/p><p data-start=\"3047\" data-end=\"3327\">Users agree to use the information, activities, products or services available on this website in accordance with these general conditions and current legislation, refraining from activities contrary to law, morality or public order.<\/p><p data-start=\"3329\" data-end=\"3577\">The contents of the website are made available to users by FUNDACI\u00d3 LEITAT as its own information or, where appropriate, that of third parties. FUNDACI\u00d3 LEITAT will make reasonable efforts to ensure that the content is accurate and up to date. <\/p><p data-start=\"3579\" data-end=\"3883\">Minors wishing to use this website must have the permission of their parents or guardians, who shall in any case be responsible for their actions. FUNDACI\u00d3 LEITAT will, however, guarantee the protection of minors with respect to content specifically aimed at family audiences. <\/p><p data-start=\"3579\" data-end=\"3883\"><strong data-start=\"3890\" data-end=\"3908\">Modifications<\/strong><br data-start=\"3908\" data-end=\"3911\">FUNDACI\u00d3 LEITAT reserves the right to make, without prior notice, the modifications it deems appropriate in its portal, being able to change, delete or add contents and services, as well as the way in which they are presented or located.<\/p><p data-start=\"4170\" data-end=\"4380\"><strong data-start=\"4170\" data-end=\"4201\">Information about &#8220;links<\/strong>&#8220;<br data-start=\"4201\" data-end=\"4204\">The web pages of FUNDACI\u00d3 LEITAT may contain links to third party websites. FUNDACI\u00d3 LEITAT is not responsible for the content that may appear on such sites. <\/p><p data-start=\"4382\" data-end=\"4569\">Any act of transmission, distribution, transfer, reproduction, storage or public communication, in whole or in part, must have the express consent of FUNDACI\u00d3 LEITAT.<\/p><p data-start=\"4571\" data-end=\"4937\">In compliance with articles 11 and 16 of the LSSICE, FUNDACI\u00d3 LEITAT will make available to all users, authorities and security forces, and will actively collaborate in the removal or, where appropriate, blocking of those contents that may affect or contravene national or international legislation, third party rights or morality and public order.<\/p><p data-start=\"4939\" data-end=\"5088\">If the user considers that there is any content susceptible to this classification, he\/she should immediately notify the website administrator.<\/p><p data-start=\"5095\" data-end=\"5473\"><strong data-start=\"5095\" data-end=\"5139\">Exemption and limitation of liability<\/strong><br data-start=\"5139\" data-end=\"5142\">Users will be liable for damages of any nature that FUNDACI\u00d3 LEITAT or third parties may suffer as a result of breach of any of the provisions of this Legal Notice or, where appropriate, of the terms of sale, privacy policy or other applicable legal conditions.<\/p><p data-start=\"5475\" data-end=\"5717\">FUNDACI\u00d3 LEITAT will not be responsible for damages to the user&#8217;s or third parties&#8217; computer equipment resulting from access to this website, since such access does not imply the obligation to control the absence of viruses or other harmful elements.<\/p><p data-start=\"5719\" data-end=\"5946\">Neither shall it be liable for the contents and services of links or third party pages connected to the website, nor for damages caused by their illegality, quality, outdatedness, unavailability, error or inadequacy.<\/p><p data-start=\"5953\" data-end=\"6435\"><strong data-start=\"5953\" data-end=\"5991\">Intellectual and industrial property<\/strong><br data-start=\"5991\" data-end=\"5994\">All the contents of this web page, including &#8211; but not limited to &#8211; texts, photographs, graphics, images, icons, distinctive signs or logos, trademarks, commercial names, technology, software, links and other audiovisual or sound contents, as well as its graphic design and source code (hereinafter, the &#8216;Contents&#8217;), are the intellectual property of FUNDACI\u00d3 LEITAT or, if applicable, of third parties, unless otherwise indicated.<\/p><p data-start=\"6437\" data-end=\"6880\">Users must at all times respect the intellectual property rights of FUNDACI\u00d3 LEITAT or third parties. The reproduction, transformation, distribution, public communication, making available, extraction, reuse, resending or use of any nature, by any means or procedure, is expressly prohibited, except in the cases legally permitted or authorized by the holder of the corresponding rights. <\/p><p data-start=\"6882\" data-end=\"7045\">For authorized use of the Contents of the website for informational or educational purposes only, users may contact <a class=\"cursor-pointer\" rel=\"noopener\" data-start=\"7021\" data-end=\"7044\">info@fundacioleitat.org<\/a>.<\/p><p data-start=\"7047\" data-end=\"7323\">However, users may view and obtain a temporary private copy of the Contents for their personal and private use on their computer systems, provided that it is not for commercial, professional, distribution, modification, alteration or compilation purposes.<\/p><hr data-start=\"7325\" data-end=\"7328\"><p data-start=\"7330\" data-end=\"7587\"><strong data-start=\"7330\" data-end=\"7364\">Protection of personal data<\/strong><br data-start=\"7364\" data-end=\"7367\">Personal data received from users will be treated confidentially, complying at all times with the provisions of the RGPD, the LOPDGDD and any other current or future regulations applicable to the matter.<\/p><p data-start=\"7589\" data-end=\"7874\">FUNDACI\u00d3 LEITAT undertakes to treat personal data in accordance with the purposes for which they were collected, not to use them for different purposes or to communicate them, not even for their conservation, to other persons, except with the prior and express consent of the interested party.<\/p><p data-start=\"7876\" data-end=\"8129\">Likewise, FUNDACI\u00d3 LEITAT undertakes to adopt and implement appropriate technical and organizational measures to ensure a level of security that prevents its alteration, loss, treatment or unauthorized access, in accordance with Article 32 of the RGPD.<\/p><p data-start=\"8131\" data-end=\"8193\">For more information, please see our <a href=\"https:\/\/fundacionleitat.org\/en\/?page_id=2632\">Privacy Policy<\/a>.<\/p><p data-start=\"8200\" data-end=\"8311\"><strong data-start=\"8200\" data-end=\"8240\">Applicable law and jurisdiction<\/strong><br data-start=\"8240\" data-end=\"8243\">This Legal Notice is governed by current Spanish law.<\/p><p data-start=\"8313\" data-end=\"8542\">For the resolution of any dispute that may arise from access to the website, users and FUNDACI\u00d3N LEITAT expressly submit to the courts and tribunals of Barcelona, expressly waiving any other jurisdiction.<\/p>\t\t\t\t\t\t\t\t<\/div>\n\t\t\t\t\t<\/div>\n\t\t\t\t<\/div>\n\t\t\t\t<\/div>\n\t\t","protected":false},"excerpt":{"rendered":"<p>Legal Notice Identity of the responsible entity:FUNDACI\u00d3 LEITAT Domain name:fundacionleitat.org Trade name:FUNDACI\u00d3 LEITAT Tax Identification Number (NIF):G64647654 Address:FUNDACI\u00d3 LEITATC\/ Innovaci\u00f3, [&hellip;]<\/p>\n","protected":false},"author":1,"featured_media":0,"parent":0,"menu_order":0,"comment_status":"closed","ping_status":"closed","template":"elementor_header_footer","meta":{"_acf_changed":false,"site-sidebar-layout":"no-sidebar","site-content-layout":"","ast-site-content-layout":"full-width-container","site-content-style":"default","site-sidebar-style":"default","ast-global-header-display":"","ast-banner-title-visibility":"","ast-main-header-display":"","ast-hfb-above-header-display":"","ast-hfb-below-header-display":"","ast-hfb-mobile-header-display":"","site-post-title":"disabled","ast-breadcrumbs-content":"","ast-featured-img":"disabled","footer-sml-layout":"","ast-disable-related-posts":"","theme-transparent-header-meta":"","adv-header-id-meta":"","stick-header-meta":"","header-above-stick-meta":"","header-main-stick-meta":"","header-below-stick-meta":"","astra-migrate-meta-layouts":"default","ast-page-background-enabled":"default","ast-page-background-meta":{"desktop":{"background-color":"var(--ast-global-color-4)","background-image":"","background-repeat":"repeat","background-position":"center center","background-size":"auto","background-attachment":"scroll","background-type":"","background-media":"","overlay-type":"","overlay-color":"","overlay-opacity":"","overlay-gradient":""},"tablet":{"background-color":"","background-image":"","background-repeat":"repeat","background-position":"center center","background-size":"auto","background-attachment":"scroll","background-type":"","background-media":"","overlay-type":"","overlay-color":"","overlay-opacity":"","overlay-gradient":""},"mobile":{"background-color":"","background-image":"","background-repeat":"repeat","background-position":"center center","background-size":"auto","background-attachment":"scroll","background-type":"","background-media":"","overlay-type":"","overlay-color":"","overlay-opacity":"","overlay-gradient":""}},"ast-content-background-meta":{"desktop":{"background-color":"var(--ast-global-color-5)","background-image":"","background-repeat":"repeat","background-position":"center center","background-size":"auto","background-attachment":"scroll","background-type":"","background-media":"","overlay-type":"","overlay-color":"","overlay-opacity":"","overlay-gradient":""},"tablet":{"background-color":"var(--ast-global-color-5)","background-image":"","background-repeat":"repeat","background-position":"center center","background-size":"auto","background-attachment":"scroll","background-type":"","background-media":"","overlay-type":"","overlay-color":"","overlay-opacity":"","overlay-gradient":""},"mobile":{"background-color":"var(--ast-global-color-5)","background-image":"","background-repeat":"repeat","background-position":"center center","background-size":"auto","background-attachment":"scroll","background-type":"","background-media":"","overlay-type":"","overlay-color":"","overlay-opacity":"","overlay-gradient":""}},"footnotes":""},"class_list":["post-2668","page","type-page","status-publish","hentry"],"acf":[],"_links":{"self":[{"href":"https:\/\/fundacionleitat.org\/en\/wp-json\/wp\/v2\/pages\/2668","targetHints":{"allow":["GET"]}}],"collection":[{"href":"https:\/\/fundacionleitat.org\/en\/wp-json\/wp\/v2\/pages"}],"about":[{"href":"https:\/\/fundacionleitat.org\/en\/wp-json\/wp\/v2\/types\/page"}],"author":[{"embeddable":true,"href":"https:\/\/fundacionleitat.org\/en\/wp-json\/wp\/v2\/users\/1"}],"replies":[{"embeddable":true,"href":"https:\/\/fundacionleitat.org\/en\/wp-json\/wp\/v2\/comments?post=2668"}],"version-history":[{"count":6,"href":"https:\/\/fundacionleitat.org\/en\/wp-json\/wp\/v2\/pages\/2668\/revisions"}],"predecessor-version":[{"id":2899,"href":"https:\/\/fundacionleitat.org\/en\/wp-json\/wp\/v2\/pages\/2668\/revisions\/2899"}],"wp:attachment":[{"href":"https:\/\/fundacionleitat.org\/en\/wp-json\/wp\/v2\/media?parent=2668"}],"curies":[{"name":"wp","href":"https:\/\/api.w.org\/{rel}","templated":true}]}}